{"id":1903,"date":"2022-08-29T12:10:09","date_gmt":"2022-08-29T12:10:09","guid":{"rendered":"https:\/\/albergueweb1.uva.es\/gir_pangea\/?page_id=1903"},"modified":"2023-03-22T13:12:36","modified_gmt":"2023-03-22T13:12:36","slug":"maite-ortega-villazan","status":"publish","type":"page","link":"https:\/\/albergueweb1.uva.es\/gir_pangea\/?page_id=1903","title":{"rendered":"Maite Ortega Villaz\u00e1n"},"content":{"rendered":"\n<figure class=\"wp-block-image size-full\"><a href=\"https:\/\/i0.wp.com\/albergueweb1.uva.es\/gir_pangea\/wp-content\/uploads\/2022\/08\/Maite_web.jpg?ssl=1\"><img data-attachment-id=\"1906\" data-permalink=\"https:\/\/albergueweb1.uva.es\/gir_pangea\/?attachment_id=1906\" data-orig-file=\"https:\/\/i0.wp.com\/albergueweb1.uva.es\/gir_pangea\/wp-content\/uploads\/2022\/08\/Maite_web.jpg?fit=500%2C500&amp;ssl=1\" data-orig-size=\"500,500\" data-comments-opened=\"0\" data-image-meta=\"{&quot;aperture&quot;:&quot;0&quot;,&quot;credit&quot;:&quot;&quot;,&quot;camera&quot;:&quot;&quot;,&quot;caption&quot;:&quot;&quot;,&quot;created_timestamp&quot;:&quot;0&quot;,&quot;copyright&quot;:&quot;&quot;,&quot;focal_length&quot;:&quot;0&quot;,&quot;iso&quot;:&quot;0&quot;,&quot;shutter_speed&quot;:&quot;0&quot;,&quot;title&quot;:&quot;&quot;,&quot;orientation&quot;:&quot;0&quot;}\" data-image-title=\"Maite_web\" data-image-description=\"\" data-image-caption=\"\" data-medium-file=\"https:\/\/i0.wp.com\/albergueweb1.uva.es\/gir_pangea\/wp-content\/uploads\/2022\/08\/Maite_web.jpg?fit=300%2C300&amp;ssl=1\" data-large-file=\"https:\/\/i0.wp.com\/albergueweb1.uva.es\/gir_pangea\/wp-content\/uploads\/2022\/08\/Maite_web.jpg?fit=500%2C500&amp;ssl=1\" loading=\"lazy\" width=\"500\" height=\"500\" src=\"https:\/\/i0.wp.com\/albergueweb1.uva.es\/gir_pangea\/wp-content\/uploads\/2022\/08\/Maite_web.jpg?resize=500%2C500&#038;ssl=1\" alt=\"\" class=\"wp-image-1906\" srcset=\"https:\/\/i0.wp.com\/albergueweb1.uva.es\/gir_pangea\/wp-content\/uploads\/2022\/08\/Maite_web.jpg?w=500&amp;ssl=1 500w, https:\/\/i0.wp.com\/albergueweb1.uva.es\/gir_pangea\/wp-content\/uploads\/2022\/08\/Maite_web.jpg?resize=300%2C300&amp;ssl=1 300w, https:\/\/i0.wp.com\/albergueweb1.uva.es\/gir_pangea\/wp-content\/uploads\/2022\/08\/Maite_web.jpg?resize=150%2C150&amp;ssl=1 150w, https:\/\/i0.wp.com\/albergueweb1.uva.es\/gir_pangea\/wp-content\/uploads\/2022\/08\/Maite_web.jpg?resize=400%2C400&amp;ssl=1 400w\" sizes=\"(max-width: 500px) 100vw, 500px\" data-recalc-dims=\"1\" \/><\/a><\/figure>\n\n\n\n<p>Facultad de Filosof\u00eda y Letras<br>Plaza del Campus Universitario s\/n.<br>47011, Valladolid.<br>Tfno: 983-186577<br>maite@uva.es<\/p>\n\n\n<div class=\"wp-block-image\">\n<figure class=\"alignleft size-large is-resized\"><a href=\"https:\/\/orcid.org\/0000-0002-7062-5140\"><img data-attachment-id=\"1957\" data-permalink=\"https:\/\/albergueweb1.uva.es\/gir_pangea\/?attachment_id=1957\" data-orig-file=\"https:\/\/i0.wp.com\/albergueweb1.uva.es\/gir_pangea\/wp-content\/uploads\/2023\/03\/ORCID_iD.svg_.png?fit=2048%2C2048&amp;ssl=1\" data-orig-size=\"2048,2048\" data-comments-opened=\"0\" data-image-meta=\"{&quot;aperture&quot;:&quot;0&quot;,&quot;credit&quot;:&quot;&quot;,&quot;camera&quot;:&quot;&quot;,&quot;caption&quot;:&quot;&quot;,&quot;created_timestamp&quot;:&quot;0&quot;,&quot;copyright&quot;:&quot;&quot;,&quot;focal_length&quot;:&quot;0&quot;,&quot;iso&quot;:&quot;0&quot;,&quot;shutter_speed&quot;:&quot;0&quot;,&quot;title&quot;:&quot;&quot;,&quot;orientation&quot;:&quot;0&quot;}\" data-image-title=\"ORCID_iD.svg_\" data-image-description=\"\" data-image-caption=\"\" data-medium-file=\"https:\/\/i0.wp.com\/albergueweb1.uva.es\/gir_pangea\/wp-content\/uploads\/2023\/03\/ORCID_iD.svg_.png?fit=300%2C300&amp;ssl=1\" data-large-file=\"https:\/\/i0.wp.com\/albergueweb1.uva.es\/gir_pangea\/wp-content\/uploads\/2023\/03\/ORCID_iD.svg_.png?fit=640%2C640&amp;ssl=1\" loading=\"lazy\" src=\"https:\/\/i0.wp.com\/albergueweb1.uva.es\/gir_pangea\/wp-content\/uploads\/2023\/03\/ORCID_iD.svg_-1024x1024.png?resize=31%2C31&#038;ssl=1\" alt=\"\" class=\"wp-image-1957\" width=\"31\" height=\"31\" srcset=\"https:\/\/i0.wp.com\/albergueweb1.uva.es\/gir_pangea\/wp-content\/uploads\/2023\/03\/ORCID_iD.svg_.png?resize=1024%2C1024&amp;ssl=1 1024w, https:\/\/i0.wp.com\/albergueweb1.uva.es\/gir_pangea\/wp-content\/uploads\/2023\/03\/ORCID_iD.svg_.png?resize=300%2C300&amp;ssl=1 300w, https:\/\/i0.wp.com\/albergueweb1.uva.es\/gir_pangea\/wp-content\/uploads\/2023\/03\/ORCID_iD.svg_.png?resize=150%2C150&amp;ssl=1 150w, https:\/\/i0.wp.com\/albergueweb1.uva.es\/gir_pangea\/wp-content\/uploads\/2023\/03\/ORCID_iD.svg_.png?resize=768%2C768&amp;ssl=1 768w, https:\/\/i0.wp.com\/albergueweb1.uva.es\/gir_pangea\/wp-content\/uploads\/2023\/03\/ORCID_iD.svg_.png?resize=1536%2C1536&amp;ssl=1 1536w, https:\/\/i0.wp.com\/albergueweb1.uva.es\/gir_pangea\/wp-content\/uploads\/2023\/03\/ORCID_iD.svg_.png?resize=400%2C400&amp;ssl=1 400w, https:\/\/i0.wp.com\/albergueweb1.uva.es\/gir_pangea\/wp-content\/uploads\/2023\/03\/ORCID_iD.svg_.png?w=2048&amp;ssl=1 2048w, https:\/\/i0.wp.com\/albergueweb1.uva.es\/gir_pangea\/wp-content\/uploads\/2023\/03\/ORCID_iD.svg_.png?w=1280 1280w, https:\/\/i0.wp.com\/albergueweb1.uva.es\/gir_pangea\/wp-content\/uploads\/2023\/03\/ORCID_iD.svg_.png?w=1920 1920w\" sizes=\"(max-width: 31px) 100vw, 31px\" data-recalc-dims=\"1\" \/><\/a><figcaption><strong>Perfil ORCID<\/strong><\/figcaption><\/figure><\/div>\n\n<div class=\"wp-block-image\">\n<figure class=\"alignleft size-large is-resized\"><a href=\"https:\/\/www.researchgate.net\/profile\/M-Teresa-Ortega-Villazan\"><img data-attachment-id=\"1958\" data-permalink=\"https:\/\/albergueweb1.uva.es\/gir_pangea\/?attachment_id=1958\" data-orig-file=\"https:\/\/i0.wp.com\/albergueweb1.uva.es\/gir_pangea\/wp-content\/uploads\/2023\/03\/1200px-ResearchGate_icon_SVG.svg_.png?fit=1200%2C1200&amp;ssl=1\" data-orig-size=\"1200,1200\" data-comments-opened=\"0\" data-image-meta=\"{&quot;aperture&quot;:&quot;0&quot;,&quot;credit&quot;:&quot;&quot;,&quot;camera&quot;:&quot;&quot;,&quot;caption&quot;:&quot;&quot;,&quot;created_timestamp&quot;:&quot;0&quot;,&quot;copyright&quot;:&quot;&quot;,&quot;focal_length&quot;:&quot;0&quot;,&quot;iso&quot;:&quot;0&quot;,&quot;shutter_speed&quot;:&quot;0&quot;,&quot;title&quot;:&quot;&quot;,&quot;orientation&quot;:&quot;0&quot;}\" data-image-title=\"1200px-ResearchGate_icon_SVG.svg_\" data-image-description=\"\" data-image-caption=\"\" data-medium-file=\"https:\/\/i0.wp.com\/albergueweb1.uva.es\/gir_pangea\/wp-content\/uploads\/2023\/03\/1200px-ResearchGate_icon_SVG.svg_.png?fit=300%2C300&amp;ssl=1\" data-large-file=\"https:\/\/i0.wp.com\/albergueweb1.uva.es\/gir_pangea\/wp-content\/uploads\/2023\/03\/1200px-ResearchGate_icon_SVG.svg_.png?fit=640%2C640&amp;ssl=1\" loading=\"lazy\" src=\"https:\/\/i0.wp.com\/albergueweb1.uva.es\/gir_pangea\/wp-content\/uploads\/2023\/03\/1200px-ResearchGate_icon_SVG.svg_-1024x1024.png?resize=33%2C33&#038;ssl=1\" alt=\"\" class=\"wp-image-1958\" width=\"33\" height=\"33\" srcset=\"https:\/\/i0.wp.com\/albergueweb1.uva.es\/gir_pangea\/wp-content\/uploads\/2023\/03\/1200px-ResearchGate_icon_SVG.svg_.png?resize=1024%2C1024&amp;ssl=1 1024w, https:\/\/i0.wp.com\/albergueweb1.uva.es\/gir_pangea\/wp-content\/uploads\/2023\/03\/1200px-ResearchGate_icon_SVG.svg_.png?resize=300%2C300&amp;ssl=1 300w, https:\/\/i0.wp.com\/albergueweb1.uva.es\/gir_pangea\/wp-content\/uploads\/2023\/03\/1200px-ResearchGate_icon_SVG.svg_.png?resize=150%2C150&amp;ssl=1 150w, https:\/\/i0.wp.com\/albergueweb1.uva.es\/gir_pangea\/wp-content\/uploads\/2023\/03\/1200px-ResearchGate_icon_SVG.svg_.png?resize=768%2C768&amp;ssl=1 768w, https:\/\/i0.wp.com\/albergueweb1.uva.es\/gir_pangea\/wp-content\/uploads\/2023\/03\/1200px-ResearchGate_icon_SVG.svg_.png?resize=400%2C400&amp;ssl=1 400w, https:\/\/i0.wp.com\/albergueweb1.uva.es\/gir_pangea\/wp-content\/uploads\/2023\/03\/1200px-ResearchGate_icon_SVG.svg_.png?w=1200&amp;ssl=1 1200w\" sizes=\"(max-width: 33px) 100vw, 33px\" data-recalc-dims=\"1\" \/><\/a><figcaption><strong>Perfil ResearchGate<\/strong><\/figcaption><\/figure><\/div>\n\n\n<p><\/p>\n\n\n\n<p><\/p>\n","protected":false},"excerpt":{"rendered":"<p>Facultad de Filosof\u00eda y LetrasPlaza del Campus Universitario s\/n.47011, Valladolid.Tfno: 983-186577maite@uva.es<\/p>\n","protected":false},"author":1,"featured_media":0,"parent":0,"menu_order":0,"comment_status":"closed","ping_status":"closed","template":"","meta":{"jetpack_post_was_ever_published":false},"jetpack_sharing_enabled":true,"jetpack_shortlink":"https:\/\/wp.me\/P79crb-uH","jetpack-related-posts":[{"id":1897,"url":"https:\/\/albergueweb1.uva.es\/gir_pangea\/?page_id=1897","url_meta":{"origin":1903,"position":0},"title":"Carlos Morales Rodr\u00edguez","date":"29 agosto, 2022","format":false,"excerpt":"Facultad de Filosof\u00eda y LetrasPlaza del Campus Universitario s\/n.47011, Valladolid.Tfno: 983-186584carlos.morales@uva.es Perfil ORCID Perfil ResearchGate","rel":"","context":"Entrada similar","img":{"alt_text":"","src":"https:\/\/i0.wp.com\/albergueweb1.uva.es\/gir_pangea\/wp-content\/uploads\/2022\/08\/carlos_morales_web.jpg?resize=350%2C200&ssl=1","width":350,"height":200},"classes":[]},{"id":157,"url":"https:\/\/albergueweb1.uva.es\/gir_pangea\/?page_id=157","url_meta":{"origin":1903,"position":1},"title":"Enrique Serrano Ca\u00f1adas","date":"30 diciembre, 2011","format":false,"excerpt":"Catedr\u00e1tico de Geograf\u00eda F\u00edsica.Departamento de Geograf\u00eda.Universidad de Valladolid.Facultad de Filosof\u00eda y Letras.Direcci\u00f3n: P\u00ba del Prado de la Magdalena s\/n 47011 ValladolidEmail: e.serrano@uva.esTelefono: 983 423000 ext. 6589 \u00a0 \u00a0 ESC-CV-2025-Abreviado-Ingl.Descarga Perfil ORCID Perfil ResearchGate \u00a0 \u00a0 \u00a0 \u00a0","rel":"","context":"Entrada similar","img":{"alt_text":"","src":"https:\/\/i0.wp.com\/albergueweb1.uva.es\/gir_pangea\/wp-content\/uploads\/2023\/03\/ORCID_iD.svg_.png?resize=350%2C200&ssl=1","width":350,"height":200},"classes":[]},{"id":373,"url":"https:\/\/albergueweb1.uva.es\/gir_pangea\/?page_id=373","url_meta":{"origin":1903,"position":2},"title":"Luis Carlos Martinez Fern\u00e1ndez","date":"16 enero, 2012","format":false,"excerpt":"Profesor Titular de An\u00e1lisis Geogr\u00e1fico Regional Departamento de Geograf\u00eda. Universidad de Valladolid. Facultad de Filosof\u00eda y Letras. Direcci\u00f3n: P\u00ba del Prado de la Magdalena s\/n 47011 Valladolid Email: luiscar@fyl.uva.es Perfil ORCID Perfil ResearchGate","rel":"","context":"Entrada similar","img":{"alt_text":"","src":"https:\/\/i0.wp.com\/albergueweb1.uva.es\/gir_pangea\/wp-content\/uploads\/2023\/03\/ORCID_iD.svg_.png?resize=350%2C200&ssl=1","width":350,"height":200},"classes":[]},{"id":235,"url":"https:\/\/albergueweb1.uva.es\/gir_pangea\/?page_id=235","url_meta":{"origin":1903,"position":3},"title":"Jos\u00e9 Mar\u00eda Delgado Urrecho","date":"11 enero, 2012","format":false,"excerpt":"Profesor Titular, Geograf\u00eda Humana. Departamento de Geograf\u00eda. Universidad de Valladolid. Facultad de Filosof\u00eda y Letras. Direcci\u00f3n: P\u00ba del Prado de la Magdalena s\/n 47011 Valladolid Email: jose@fyl.uva.es Telefono: 983 423000 ext. 6572\u00a0","rel":"","context":"Entrada similar","img":{"alt_text":"","src":"","width":0,"height":0},"classes":[]},{"id":2001,"url":"https:\/\/albergueweb1.uva.es\/gir_pangea\/?page_id=2001","url_meta":{"origin":1903,"position":4},"title":"Luis Ernesto Diez Fari\u00f1as","date":"25 septiembre, 2023","format":false,"excerpt":"Contratado Predoctoral Perfil ORCID Perfil ResearchGate Licenciado en Geograf\u00eda por la Universidad de La Habana, ha sido profesor instructor en las asignaturas de Meteorolog\u00eda \u2013 Climatolog\u00eda y Geograf\u00eda de los suelos (2020-2021). M\u00e1ster en Tecnolog\u00eda Ambiental por la Universidad de Huelva y la Universidad Internacional de Andaluc\u00eda. Ha sido personal\u2026","rel":"","context":"Entrada similar","img":{"alt_text":"","src":"https:\/\/i0.wp.com\/albergueweb1.uva.es\/gir_pangea\/wp-content\/uploads\/2023\/09\/foto-1.jpg?resize=350%2C200&ssl=1","width":350,"height":200},"classes":[]},{"id":1805,"url":"https:\/\/albergueweb1.uva.es\/gir_pangea\/?page_id=1805","url_meta":{"origin":1903,"position":5},"title":"Rosa Mar\u00eda Ruiz Pedrosa","date":"30 septiembre, 2021","format":false,"excerpt":"Contratada Predoctoral Perfil ORCID Perfil ResearchGate Graduada en Geograf\u00eda y Ordenaci\u00f3n del Territorio por la Universidad de Valladolid en 2019, mi trayectoria universitaria ha destacado por la implicaci\u00f3n en la Geograf\u00eda y en mi Departamento. Ejerc\u00ed como tesorera durante varios a\u00f1os en la Asociaci\u00f3n de J\u00f3venes Ge\u00f3grafos de Valladolid (GEOLID).\u2026","rel":"","context":"Entrada similar","img":{"alt_text":"","src":"https:\/\/i0.wp.com\/albergueweb1.uva.es\/gir_pangea\/wp-content\/uploads\/2021\/09\/pp.jpg?resize=350%2C200&ssl=1","width":350,"height":200},"classes":[]}],"_links":{"self":[{"href":"https:\/\/albergueweb1.uva.es\/gir_pangea\/index.php?rest_route=\/wp\/v2\/pages\/1903"}],"collection":[{"href":"https:\/\/albergueweb1.uva.es\/gir_pangea\/index.php?rest_route=\/wp\/v2\/pages"}],"about":[{"href":"https:\/\/albergueweb1.uva.es\/gir_pangea\/index.php?rest_route=\/wp\/v2\/types\/page"}],"author":[{"embeddable":true,"href":"https:\/\/albergueweb1.uva.es\/gir_pangea\/index.php?rest_route=\/wp\/v2\/users\/1"}],"replies":[{"embeddable":true,"href":"https:\/\/albergueweb1.uva.es\/gir_pangea\/index.php?rest_route=%2Fwp%2Fv2%2Fcomments&post=1903"}],"version-history":[{"count":3,"href":"https:\/\/albergueweb1.uva.es\/gir_pangea\/index.php?rest_route=\/wp\/v2\/pages\/1903\/revisions"}],"predecessor-version":[{"id":1977,"href":"https:\/\/albergueweb1.uva.es\/gir_pangea\/index.php?rest_route=\/wp\/v2\/pages\/1903\/revisions\/1977"}],"wp:attachment":[{"href":"https:\/\/albergueweb1.uva.es\/gir_pangea\/index.php?rest_route=%2Fwp%2Fv2%2Fmedia&parent=1903"}],"curies":[{"name":"wp","href":"https:\/\/api.w.org\/{rel}","templated":true}]}}