{"id":2061,"date":"2024-09-25T14:01:30","date_gmt":"2024-09-25T14:01:30","guid":{"rendered":"https:\/\/albergueweb1.uva.es\/gir_pangea\/?page_id=2061"},"modified":"2024-09-25T14:04:20","modified_gmt":"2024-09-25T14:04:20","slug":"francisco-javier-leon-miranda","status":"publish","type":"page","link":"https:\/\/albergueweb1.uva.es\/gir_pangea\/?page_id=2061","title":{"rendered":"Francisco Javier Le\u00f3n Miranda"},"content":{"rendered":"\n<figure class=\"wp-block-image size-large is-resized\"><a href=\"https:\/\/i0.wp.com\/albergueweb1.uva.es\/gir_pangea\/wp-content\/uploads\/2024\/09\/image.png?ssl=1\"><img data-attachment-id=\"2062\" data-permalink=\"https:\/\/albergueweb1.uva.es\/gir_pangea\/?attachment_id=2062\" data-orig-file=\"https:\/\/i0.wp.com\/albergueweb1.uva.es\/gir_pangea\/wp-content\/uploads\/2024\/09\/image.png?fit=1905%2C2077&amp;ssl=1\" data-orig-size=\"1905,2077\" data-comments-opened=\"0\" data-image-meta=\"{&quot;aperture&quot;:&quot;0&quot;,&quot;credit&quot;:&quot;&quot;,&quot;camera&quot;:&quot;&quot;,&quot;caption&quot;:&quot;&quot;,&quot;created_timestamp&quot;:&quot;0&quot;,&quot;copyright&quot;:&quot;&quot;,&quot;focal_length&quot;:&quot;0&quot;,&quot;iso&quot;:&quot;0&quot;,&quot;shutter_speed&quot;:&quot;0&quot;,&quot;title&quot;:&quot;&quot;,&quot;orientation&quot;:&quot;0&quot;}\" data-image-title=\"image\" data-image-description=\"\" data-image-caption=\"\" data-medium-file=\"https:\/\/i0.wp.com\/albergueweb1.uva.es\/gir_pangea\/wp-content\/uploads\/2024\/09\/image.png?fit=275%2C300&amp;ssl=1\" data-large-file=\"https:\/\/i0.wp.com\/albergueweb1.uva.es\/gir_pangea\/wp-content\/uploads\/2024\/09\/image.png?fit=640%2C698&amp;ssl=1\" loading=\"lazy\" src=\"https:\/\/i0.wp.com\/albergueweb1.uva.es\/gir_pangea\/wp-content\/uploads\/2024\/09\/image-939x1024.png?resize=350%2C382&#038;ssl=1\" alt=\"\" class=\"wp-image-2062\" width=\"350\" height=\"382\" srcset=\"https:\/\/i0.wp.com\/albergueweb1.uva.es\/gir_pangea\/wp-content\/uploads\/2024\/09\/image.png?resize=939%2C1024&amp;ssl=1 939w, https:\/\/i0.wp.com\/albergueweb1.uva.es\/gir_pangea\/wp-content\/uploads\/2024\/09\/image.png?resize=275%2C300&amp;ssl=1 275w, https:\/\/i0.wp.com\/albergueweb1.uva.es\/gir_pangea\/wp-content\/uploads\/2024\/09\/image.png?resize=768%2C837&amp;ssl=1 768w, https:\/\/i0.wp.com\/albergueweb1.uva.es\/gir_pangea\/wp-content\/uploads\/2024\/09\/image.png?resize=1409%2C1536&amp;ssl=1 1409w, https:\/\/i0.wp.com\/albergueweb1.uva.es\/gir_pangea\/wp-content\/uploads\/2024\/09\/image.png?resize=1878%2C2048&amp;ssl=1 1878w, https:\/\/i0.wp.com\/albergueweb1.uva.es\/gir_pangea\/wp-content\/uploads\/2024\/09\/image.png?w=1905&amp;ssl=1 1905w, https:\/\/i0.wp.com\/albergueweb1.uva.es\/gir_pangea\/wp-content\/uploads\/2024\/09\/image.png?w=1280 1280w\" sizes=\"(max-width: 350px) 100vw, 350px\" data-recalc-dims=\"1\" \/><\/a><\/figure>\n\n\n\n<div class=\"wp-container-3 wp-block-columns\">\n<div class=\"wp-container-2 wp-block-column\" style=\"flex-basis:100%\">\n<div class=\"wp-container-1 wp-block-group\"><div class=\"wp-block-group__inner-container\">\n<div class=\"wp-block-file\"><object class=\"wp-block-file__embed\" data=\"https:\/\/albergueweb1.uva.es\/gir_pangea\/wp-content\/uploads\/2024\/09\/CV_JavierLeon24.pdf\" type=\"application\/pdf\" style=\"width:100%;height:600px\" aria-label=\"Incrustado de CV_JavierLeon24.\"><\/object><a id=\"wp-block-file--media-3fbcba9f-e19c-47a5-b335-0f62c8fa7756\" href=\"https:\/\/albergueweb1.uva.es\/gir_pangea\/wp-content\/uploads\/2024\/09\/CV_JavierLeon24.pdf\">CV_JavierLeon24<\/a><a href=\"https:\/\/albergueweb1.uva.es\/gir_pangea\/wp-content\/uploads\/2024\/09\/CV_JavierLeon24.pdf\" class=\"wp-block-file__button\" download aria-describedby=\"wp-block-file--media-3fbcba9f-e19c-47a5-b335-0f62c8fa7756\">Descarga<\/a><\/div>\n<\/div><\/div>\n<\/div>\n<\/div>\n\n\n\n<p>Francisco Javier Le\u00f3n Miranda es licenciado en Geograf\u00eda por la Universidad de Alicante,<br>pose\u00e9 el CAP (Curso de Aptitud Pedag\u00f3gica para ejercer como docente), adem\u00e1s tiene un m\u00e1ster en<br>Gesti\u00f3n del Patrimonio y otro en Tecnolog\u00edas de la Informaci\u00f3n Geogr\u00e1fica para la Ordenaci\u00f3n del<br>Territorio: SIG y Teledetecci\u00f3n. Realiz\u00f3 su doctorado con una beca FPI de Ministerio de Ciencia e<br>Innovaci\u00f3n, en la Universidad de Zaragoza.<br>Adem\u00e1s, tiene publicaciones en revistas tanto nacionales como extranjeras relacionadas con su<br>investigaci\u00f3n en erosi\u00f3n del suelo tras incendios forestales en climas semi\u00e1ridos, y contribuye como<br>revisor en revistas internacionales como Land Degradation and Development, Arid Land Research,<br>Catena, Geoderma, Ecological Engineering y Solid Earth.<br>Recibi\u00f3 una beca de movilidad predoctoral con John Moody, Deborah Martin, y Eleanor Griffin<br>en el centro de investigaci\u00f3n Water Mission Area, National Research Program of US Geological<br>Survey in Boulder (CO), con modelos predictivos SIG sobre regeneraci\u00f3n vegetal y modelos<br>hidrol\u00f3gicos.<br>Tambi\u00e9n recibi\u00f3 otra beca de movilidad predoctoral en la Universidad de Wageningen (Holanda) en el<br>grupo Soil Physics and Land Management Group on hydrological soil processes con Saskia Keesstra y<br>Coen Ritsema. Adem\u00e1s, de realizar colaboraciones con la Universidad de Trier (Alemania) en el Physic<br>Geography department con experimentos de lluvia simulada con Thomas Iserloh, Manuel Seeger y<br>Johanes Ries. Ha contribuido con experimentos relativos a hidrolog\u00eda y conectividad del sedimento,<br>con las Universidades de Aveiro (Portugal), Wageningen (Holanda) y Valencia, con los investigadores<br>Jan Jacob Keizer, Saskia Keesstra y Artemio Cerd\u00e0, respectivamente.<br>Ha desarrollado varias funciones en el departamento de Geograf\u00eda y Ordenaci\u00f3n del Territorio<br>de la Universidad de Zaragoza, durante su periodo predoctoral, como docente en el Master en TIG y<br>Teledetecci\u00f3n y GIS para la planificaci\u00f3n territorial, y docencia en diferentes \u00e1reas del Grado de<br>Geograf\u00eda y Ordenaci\u00f3n, y, en el M\u00e1ster de Ordenaci\u00f3n del Territorio y Medio Ambiente.<br>Ha recibido el premio a la mejor tesis doctoral en 2014 en temas forestales por la Sociedad<br>Espa\u00f1ola de Ciencias Forestales (SECF). Esta acreditado por la ANECA como Profesor Ayudante<br>Doctor (29\/05\/2015).<br>Recibi\u00f3 una beca postdoctoral Juan de la Cierva Formaci\u00f3n, en el departamento de Geograf\u00eda<br>F\u00edsica de la Universidad de Valencia (2017-2019), impartiendo docencia en los grados de Geograf\u00eda,<br>Historia y Ciencias Ambientales.<br>Ha estado 3 cursos acad\u00e9micos como profesor sustituto, en el departamento de Geograf\u00eda,<br>Historia y Humanidades, de la Universidad de Almer\u00eda, impartiendo clases en los grados de Historia,<br>Humanidades, Turismo, y, Ciencias Ambientales, y, tambi\u00e9n, en los M\u00e1ster de Profesorado en<br>Educaci\u00f3n Secundaria (dirigiendo dos TFG), en el M\u00e1ster en Uso Sostenible de Recursos Naturales y<br>Servicios Ecosist\u00e9micos, y, en el M\u00e1ster en Desarrollo y Codesarrollo Local Sostenible.<br>Actualmente este es su tercer curso acad\u00e9mico (2024-25), contratado como profesor ayudante<br>doctor (PAYUD), en el departamento de Geograf\u00eda de la Universidad de Valladolid, en la Facultad de<br>Ciencias Jur\u00eddicas y de la Comunicaci\u00f3n, en el Campus de Segovia. Forma parte del Comit\u00e9 de T\u00edtulo<br>en el Grado de Turismo, grado en el que imparto clases como docente y donde ha dirigido la tutela de<br>varios Trabajo Fin de Grado (TFG). Adem\u00e1s, de formar parte del grupo de investigaci\u00f3n reconocido<br>(GIR) PANGEA: Patrimonio Natural y Geograf\u00eda Aplicada, en el departamento de Geograf\u00eda de la<br>Universidad de Valladolid, dirigido por el investigador principal Enrique Serrano Ca\u00f1adas. Por \u00faltimo,<br>en los cursos acad\u00e9mico 2021-22 y 2023-24, ha impartido docencia en el Campus de Soria, en el Grado<br>de Educaci\u00f3n Primaria, donde adem\u00e1s, ha dirigido varios TFG.<\/p>\n","protected":false},"excerpt":{"rendered":"<p>Francisco Javier Le\u00f3n Miranda es licenciado en Geograf\u00eda por la Universidad de Alicante,pose\u00e9 el CAP (Curso de Aptitud Pedag\u00f3gica para ejercer como docente), adem\u00e1s tiene un m\u00e1ster enGesti\u00f3n del Patrimonio y otro en Tecnolog\u00edas de la Informaci\u00f3n Geogr\u00e1fica para la Ordenaci\u00f3n delTerritorio: SIG y Teledetecci\u00f3n. Realiz\u00f3 su doctorado con una beca FPI de Ministerio de [&hellip;]<\/p>\n","protected":false},"author":1,"featured_media":0,"parent":0,"menu_order":0,"comment_status":"closed","ping_status":"closed","template":"","meta":{"jetpack_post_was_ever_published":false},"jetpack_sharing_enabled":true,"jetpack_shortlink":"https:\/\/wp.me\/P79crb-xf","jetpack-related-posts":[{"id":10,"url":"https:\/\/albergueweb1.uva.es\/gir_pangea\/?page_id=10","url_meta":{"origin":2061,"position":0},"title":"MIEMBROS","date":"14 noviembre, 2011","format":false,"excerpt":"Nombres y apellidosCategor\u00edaInstituci\u00f3nEmailDr. Enrique Serrano Ca\u00f1adasCatedr\u00e1tico Geograf\u00eda F\u00edsicaUVaserranoe@fyl.uva.esDr. Luis Carlos Martinez Fern\u00e1ndezProfesor Titular de An\u00e1lisis Geogr\u00e1fico RegionalUValuiscar@fyl.uva.esDr. Mar\u00eda Teresa Ortega Villaz\u00e1nProfesora Titular, Geograf\u00eda F\u00edsicaUVamaite@fyl.uva.esDr. Carlos Gabriel Morales Rodr\u00edguezProfesor Titular, Geograf\u00eda F\u00edsicaUVacmorales@fyl.uva.esMrs. Rosa Mar\u00eda Ruiz PedrosaContratada PredoctoralUVarosamaria.ruiz.pedrosa@uva.esMr. Luis Ernesto Diez Fari\u00f1asContratado PredoctoralUValuisernesto.diez22@uva.esMr. Adri\u00e1n Mart\u00ednez Fern\u00e1ndezT\u00e9cnico de LaboratorioCENIEHadrian.martinez@cenieh.esDr. Alfonso Pisabarro P\u00e9rezProfesor Contratado\u2026","rel":"","context":"Entrada similar","img":{"alt_text":"","src":"https:\/\/i0.wp.com\/albergueweb1.uva.es\/gir_pangea\/wp-content\/uploads\/2023\/09\/WhatsApp-Image-2023-09-25-at-13.24.18.jpeg?resize=350%2C200&ssl=1","width":350,"height":200},"classes":[]},{"id":1287,"url":"https:\/\/albergueweb1.uva.es\/gir_pangea\/?page_id=1287","url_meta":{"origin":2061,"position":1},"title":"Publicaciones 2017","date":"25 junio, 2018","format":false,"excerpt":"Publicaciones 2017 Serrano, E.\u00a0 Gonz\u00e1lez-Trueba, J.J., Pellitero, R., G\u00f3mez-Lende, M. 2017. Quaternary glacial history of the Cantabrian Mountains of northern Spain: a new synthesis. M. En: Hughes, P. D. & Woodward, J. C. (eds) Quaternary Glaciation in the Mediterranean Mountains. Geological Society, London, Geological Society, London, Special Publications, 433, 55\u201385.\u2026","rel":"","context":"Entrada similar","img":{"alt_text":"","src":"","width":0,"height":0},"classes":[]},{"id":1502,"url":"https:\/\/albergueweb1.uva.es\/gir_pangea\/?page_id=1502","url_meta":{"origin":2061,"position":2},"title":"Publicaciones 2018","date":"27 noviembre, 2019","format":false,"excerpt":"Serrano E, Oliva M, Gonzalez-Garcia M, Lopez-Moreno JI, Gonzalez-Trueba JJ, Martin-Moreno R, Gomez-Lende M, Martin-Diaz J, Nofre J, Palma P.(2018). Post-little ice age paraglacial processes and landforms in the high Iberian mountains: a review. Land Degradation and Development, 29 (11) :4186-4208. DOI: 101002\/ldr3171Serrano, E., J.J. Sanjose, A.Gomez-Gutierrez, M. Gomez-Lende (2018).\u2026","rel":"","context":"Entrada similar","img":{"alt_text":"","src":"","width":0,"height":0},"classes":[]},{"id":16,"url":"https:\/\/albergueweb1.uva.es\/gir_pangea\/?page_id=16","url_meta":{"origin":2061,"position":3},"title":"PROYECTOS","date":"14 noviembre, 2011","format":false,"excerpt":"Interacciones y din\u00e1mica de la criosfera en la Monta\u00f1a Cant\u00e1brica y Pirineos: permafrost, glaciares, cuevas heladas y cambio global. Programa Estatal de Investigaci\u00f3n, Desarrollo e Innovaci\u00f3n Orientada a los Retos de la Sociedad. Proyectos. I+D+I. CGL2015-68144-R. 14\/2\/2016-14\/02\/2019. I.P. Enrique Serrano Turismo y patrimonio geomorfol\u00f3gico en Castilla y Le\u00f3n. Valoraci\u00f3n de\u2026","rel":"","context":"Entrada similar","img":{"alt_text":"","src":"","width":0,"height":0},"classes":[]},{"id":1507,"url":"https:\/\/albergueweb1.uva.es\/gir_pangea\/?page_id=1507","url_meta":{"origin":2061,"position":4},"title":"Publicaciones 2019","date":"27 noviembre, 2019","format":false,"excerpt":"Serrano, E., Sanjos\u00e9, J.J., G\u00f3mez Lende, M., L\u00f3pez Moreno, J.I., Pisabarro, A., Mart\u00ednez Fern\u00e1ndez, A. (2019). Periglacial environments and frozen ground in the Central Pyrenean high mountain area. Ground thermal regime and distribution of landforms and processes. Permafrost and Periglacial Processes, 1-19. https:\/\/doi.org\/10.1002\/ppp.2032 Pisabarro, A., Pellitero, R., Serrano, E., L\u00f3pez-Moreno,\u2026","rel":"","context":"Entrada similar","img":{"alt_text":"","src":"","width":0,"height":0},"classes":[]},{"id":1011,"url":"https:\/\/albergueweb1.uva.es\/gir_pangea\/?page_id=1011","url_meta":{"origin":2061,"position":5},"title":"COLABORACIONES","date":"15 febrero, 2016","format":false,"excerpt":"COLABORACI\u00d3N CON INSTITUCIONES Y ORGANISMOS - CES Consejo Econ\u00f3mico y Social de Castilla y Le\u00f3n - Parque Nacional Picos de Europa (OAPN) - Diputaci\u00f3n Provincial de Segovia. - Asociaci\u00f3n Espa\u00f1ola de Paisajistas-AEP \/secci\u00f3n Castilla y Le\u00f3n, - Asociaci\u00f3n Ciudad Sostenible ACCS (Valladolid) - Instituto Pirenaico de Ecolog\u00eda (CSIC). - School\u2026","rel":"","context":"Entrada similar","img":{"alt_text":"","src":"","width":0,"height":0},"classes":[]}],"_links":{"self":[{"href":"https:\/\/albergueweb1.uva.es\/gir_pangea\/index.php?rest_route=\/wp\/v2\/pages\/2061"}],"collection":[{"href":"https:\/\/albergueweb1.uva.es\/gir_pangea\/index.php?rest_route=\/wp\/v2\/pages"}],"about":[{"href":"https:\/\/albergueweb1.uva.es\/gir_pangea\/index.php?rest_route=\/wp\/v2\/types\/page"}],"author":[{"embeddable":true,"href":"https:\/\/albergueweb1.uva.es\/gir_pangea\/index.php?rest_route=\/wp\/v2\/users\/1"}],"replies":[{"embeddable":true,"href":"https:\/\/albergueweb1.uva.es\/gir_pangea\/index.php?rest_route=%2Fwp%2Fv2%2Fcomments&post=2061"}],"version-history":[{"count":3,"href":"https:\/\/albergueweb1.uva.es\/gir_pangea\/index.php?rest_route=\/wp\/v2\/pages\/2061\/revisions"}],"predecessor-version":[{"id":2068,"href":"https:\/\/albergueweb1.uva.es\/gir_pangea\/index.php?rest_route=\/wp\/v2\/pages\/2061\/revisions\/2068"}],"wp:attachment":[{"href":"https:\/\/albergueweb1.uva.es\/gir_pangea\/index.php?rest_route=%2Fwp%2Fv2%2Fmedia&parent=2061"}],"curies":[{"name":"wp","href":"https:\/\/api.w.org\/{rel}","templated":true}]}}