{"id":2105,"date":"2025-06-13T10:03:29","date_gmt":"2025-06-13T10:03:29","guid":{"rendered":"https:\/\/albergueweb1.uva.es\/gir_pangea\/?page_id=2105"},"modified":"2025-06-13T10:03:29","modified_gmt":"2025-06-13T10:03:29","slug":"eduardo-bustillo-holgado","status":"publish","type":"page","link":"https:\/\/albergueweb1.uva.es\/gir_pangea\/?page_id=2105","title":{"rendered":"Eduardo Bustillo Holgado"},"content":{"rendered":"\n<p>CV<\/p>\n","protected":false},"excerpt":{"rendered":"<p>CV<\/p>\n","protected":false},"author":1,"featured_media":0,"parent":0,"menu_order":0,"comment_status":"closed","ping_status":"closed","template":"","meta":{"jetpack_post_was_ever_published":false},"jetpack_sharing_enabled":true,"jetpack_shortlink":"https:\/\/wp.me\/P79crb-xX","jetpack-related-posts":[{"id":322,"url":"https:\/\/albergueweb1.uva.es\/gir_pangea\/?page_id=322","url_meta":{"origin":2105,"position":0},"title":"Ibai Rico Lozano","date":"13 enero, 2012","format":false,"excerpt":"\u00a0 \u00a0 \u00a0 \u00a0 \u00a0 Investigador predoctoral. Departamento de Geograf\u00eda, Prehistoria y Arqueolog\u00eda. Universidad del Pa\u00eds Vasco \/E.H.U. Direcci\u00f3n: C\/ Tom\u00e1s y Valiente s\/n 01006 Vitoria-Gasteiz Email: ibai.rico@ehu.es Telefono: 945 01 43 18 Ver CV","rel":"","context":"Entrada similar","img":{"alt_text":"","src":"https:\/\/i0.wp.com\/www5.uva.es\/gir_pangea\/wp-content\/uploads\/2012\/01\/Ibai-300x212.jpg?resize=350%2C200","width":350,"height":200},"classes":[]},{"id":157,"url":"https:\/\/albergueweb1.uva.es\/gir_pangea\/?page_id=157","url_meta":{"origin":2105,"position":1},"title":"Enrique Serrano Ca\u00f1adas","date":"30 diciembre, 2011","format":false,"excerpt":"Catedr\u00e1tico de Geograf\u00eda F\u00edsica.Departamento de Geograf\u00eda.Universidad de Valladolid.Facultad de Filosof\u00eda y Letras.Direcci\u00f3n: P\u00ba del Prado de la Magdalena s\/n 47011 ValladolidEmail: e.serrano@uva.esTelefono: 983 423000 ext. 6589 \u00a0 \u00a0 ESC-CV-2025-Abreviado-Ingl.Descarga Perfil ORCID Perfil ResearchGate \u00a0 \u00a0 \u00a0 \u00a0","rel":"","context":"Entrada similar","img":{"alt_text":"","src":"https:\/\/i0.wp.com\/albergueweb1.uva.es\/gir_pangea\/wp-content\/uploads\/2023\/03\/ORCID_iD.svg_.png?resize=350%2C200&ssl=1","width":350,"height":200},"classes":[]},{"id":1033,"url":"https:\/\/albergueweb1.uva.es\/gir_pangea\/?page_id=1033","url_meta":{"origin":2105,"position":2},"title":"Publicaciones 2016","date":"14 septiembre, 2016","format":false,"excerpt":"Pisabarro, A., Pellitero, R., Serrano, E., G\u00f3mez-Lende, M., & Gonz\u00e1lez-Trueba, J. J. (2017). Ground temperatures, landforms and processes in an Atlantic mountain. Cantabrian Mountains (Northern Spain). Catena. http:\/\/dx.doi.org\/10.1016\/j.catena.2016.07.051. G\u00f3mez Lende, M. (2016). Cuevas heladas en el Parque nacional de los Picos de Europa. fronteras subterr\u00e1nea del hielo en el macizo\u2026","rel":"","context":"Entrada similar","img":{"alt_text":"","src":"","width":0,"height":0},"classes":[]}],"_links":{"self":[{"href":"https:\/\/albergueweb1.uva.es\/gir_pangea\/index.php?rest_route=\/wp\/v2\/pages\/2105"}],"collection":[{"href":"https:\/\/albergueweb1.uva.es\/gir_pangea\/index.php?rest_route=\/wp\/v2\/pages"}],"about":[{"href":"https:\/\/albergueweb1.uva.es\/gir_pangea\/index.php?rest_route=\/wp\/v2\/types\/page"}],"author":[{"embeddable":true,"href":"https:\/\/albergueweb1.uva.es\/gir_pangea\/index.php?rest_route=\/wp\/v2\/users\/1"}],"replies":[{"embeddable":true,"href":"https:\/\/albergueweb1.uva.es\/gir_pangea\/index.php?rest_route=%2Fwp%2Fv2%2Fcomments&post=2105"}],"version-history":[{"count":1,"href":"https:\/\/albergueweb1.uva.es\/gir_pangea\/index.php?rest_route=\/wp\/v2\/pages\/2105\/revisions"}],"predecessor-version":[{"id":2107,"href":"https:\/\/albergueweb1.uva.es\/gir_pangea\/index.php?rest_route=\/wp\/v2\/pages\/2105\/revisions\/2107"}],"wp:attachment":[{"href":"https:\/\/albergueweb1.uva.es\/gir_pangea\/index.php?rest_route=%2Fwp%2Fv2%2Fmedia&parent=2105"}],"curies":[{"name":"wp","href":"https:\/\/api.w.org\/{rel}","templated":true}]}}