{"id":252,"date":"2012-01-12T12:46:36","date_gmt":"2012-01-12T12:46:36","guid":{"rendered":"http:\/\/www5.uva.es\/gir_pangea\/?page_id=252"},"modified":"2015-03-18T16:54:39","modified_gmt":"2015-03-18T16:54:39","slug":"alan-atkinson-gordo","status":"publish","type":"page","link":"https:\/\/albergueweb1.uva.es\/gir_pangea\/?page_id=252","title":{"rendered":"Alan Atkinson Gordo"},"content":{"rendered":"<div id=\"fotocolumna\">\n<blockquote><p><a href=\"https:\/\/i0.wp.com\/www5.uva.es\/gir_pangea\/wp-content\/uploads\/2012\/01\/Alan.jpg\"><img data-attachment-id=\"750\" data-permalink=\"https:\/\/albergueweb1.uva.es\/gir_pangea\/?attachment_id=750\" data-orig-file=\"https:\/\/i0.wp.com\/albergueweb1.uva.es\/gir_pangea\/wp-content\/uploads\/2012\/01\/Alan.jpg?fit=176%2C309&amp;ssl=1\" data-orig-size=\"176,309\" data-comments-opened=\"0\" data-image-meta=\"{&quot;aperture&quot;:&quot;0&quot;,&quot;credit&quot;:&quot;&quot;,&quot;camera&quot;:&quot;&quot;,&quot;caption&quot;:&quot;&quot;,&quot;created_timestamp&quot;:&quot;0&quot;,&quot;copyright&quot;:&quot;&quot;,&quot;focal_length&quot;:&quot;0&quot;,&quot;iso&quot;:&quot;0&quot;,&quot;shutter_speed&quot;:&quot;0&quot;,&quot;title&quot;:&quot;&quot;}\" data-image-title=\"Alan\" data-image-description=\"\" data-image-caption=\"\" data-medium-file=\"https:\/\/i0.wp.com\/albergueweb1.uva.es\/gir_pangea\/wp-content\/uploads\/2012\/01\/Alan.jpg?fit=170%2C300&amp;ssl=1\" data-large-file=\"https:\/\/i0.wp.com\/albergueweb1.uva.es\/gir_pangea\/wp-content\/uploads\/2012\/01\/Alan.jpg?fit=176%2C309&amp;ssl=1\" loading=\"lazy\" class=\"size-full wp-image-750 alignleft\" title=\"Alan\" src=\"https:\/\/i0.wp.com\/www5.uva.es\/gir_pangea\/wp-content\/uploads\/2012\/01\/Alan.jpg?resize=176%2C309\" alt=\"\" width=\"176\" height=\"309\" data-recalc-dims=\"1\" \/><\/a><a href=\"http:\/\/www5.uva.es\/gir_pangea\/?page_id=10\"><img src=\"wp-content\/uploads\/2011\/11\/volver2.jpg\" alt=\"\" width=\"120\" \/><\/a><\/p><\/blockquote>\n<\/div>\n<div id=\"datacolumna\">Profesor Contratado Doctor en el \u00e1rea de Ingenier\u00eda Cartogr\u00e1fica, Geodesia y Fotogrametr\u00eda.<br \/>\nUniversidad de Extremadura.<br \/>\nEscuela Polit\u00e9cnica de C\u00e1ceres.<br \/>\nDirecci\u00f3n: Av. Universidad s\/n 10.071 C\u00e1ceres<br \/>\nEmail: <a href=\"mailto:atkinson@unex.es\">atkinson@unex.es<\/a><br \/>\nTelefono: 927 257195 ext. 7578&nbsp;<\/p>\n<\/div>\n","protected":false},"excerpt":{"rendered":"<p>Profesor Contratado Doctor en el \u00e1rea de Ingenier\u00eda Cartogr\u00e1fica, Geodesia y Fotogrametr\u00eda. Universidad de Extremadura. Escuela Polit\u00e9cnica de C\u00e1ceres. Direcci\u00f3n: Av. Universidad s\/n 10.071 C\u00e1ceres Email: atkinson@unex.es Telefono: 927 257195 ext. 7578&nbsp;<\/p>\n","protected":false},"author":1,"featured_media":0,"parent":0,"menu_order":13,"comment_status":"closed","ping_status":"open","template":"twocolumn-page.php","meta":{"jetpack_post_was_ever_published":false},"jetpack_sharing_enabled":true,"jetpack_shortlink":"https:\/\/wp.me\/P79crb-44","jetpack-related-posts":[{"id":967,"url":"https:\/\/albergueweb1.uva.es\/gir_pangea\/?page_id=967","url_meta":{"origin":252,"position":0},"title":"Publicaciones 2014","date":"28 enero, 2016","format":false,"excerpt":"A\u00f1o 2014. Publicaciones internacionales. Serrano, E., G\u00f3mez-Lende, M., Gonz\u00e1lez-Amuchastegui, M.J., Gonz\u00e1lez-Garc\u00eda, M., Gonz\u00e1lez-Trueba,J.J., Pellitero, R., Rico, I. 2014.\u00a0GLACIAL CHRONOLOGY, ENVIRONMENTAL CHANGES AND IMPLICATIONS ON THE HUMAN OCCUPATION DURING THE UPPER PLEISTOCENE IN THE EASTERN CANTABRIAN MOUNTAINS. Quaternary International, doi 10.1016\/j.quaint. 2014.09.039. Gonz\u00e1lez-Amuchastegui, M.J., Serrano, E., 2014. TUFA BUILDUPS, LANDSCAPE EVOLUTION\u2026","rel":"","context":"Entrada similar","img":{"alt_text":"","src":"","width":0,"height":0},"classes":[]},{"id":298,"url":"https:\/\/albergueweb1.uva.es\/gir_pangea\/?page_id=298","url_meta":{"origin":252,"position":1},"title":"Luis Mariano del R\u00edo P\u00e9rez","date":"13 enero, 2012","format":false,"excerpt":"Catedr\u00e1tico de F\u00edsica Aplicada. Departamento de F\u00edsica Aplicada. Universidad de Extremadura. Escuela Polit\u00e9cnica de C\u00e1ceres. Direcci\u00f3n: Av. Universidad, s\/n. 10.071 - C\u00e1ceres Email: lmdelrio@unex.es Telefono: 927257181","rel":"","context":"Entrada similar","img":{"alt_text":"","src":"https:\/\/i0.wp.com\/www5.uva.es\/gir_pangea\/wp-content\/uploads\/2012\/01\/Mariano-243x300.jpg?resize=350%2C200","width":350,"height":200},"classes":[]},{"id":290,"url":"https:\/\/albergueweb1.uva.es\/gir_pangea\/?page_id=290","url_meta":{"origin":252,"position":2},"title":"Jos\u00e9 Juan Sanjos\u00e9 Blasco","date":"12 enero, 2012","format":false,"excerpt":"Profesor Titular, Geodesia y Cartograf\u00eda.Departamento Expresi\u00f3n Gr\u00e1fica.Universidad de Extremadura.Escuela Polit\u00e9cnica de C\u00e1ceres.Direcci\u00f3n: Av. Universidad s\/n 10.071 C\u00e1ceresEmail: jjblasco@unex.esTelefono: 927 257182 \u00a0 Perfil ORCID CVN_Jose-Juan_2023_JulioDescarga","rel":"","context":"Entrada similar","img":{"alt_text":"","src":"https:\/\/i0.wp.com\/albergueweb1.uva.es\/gir_pangea\/wp-content\/uploads\/2023\/03\/ORCID_iD.svg_.png?resize=350%2C200&ssl=1","width":350,"height":200},"classes":[]},{"id":10,"url":"https:\/\/albergueweb1.uva.es\/gir_pangea\/?page_id=10","url_meta":{"origin":252,"position":3},"title":"MIEMBROS","date":"14 noviembre, 2011","format":false,"excerpt":"Nombres y apellidosCategor\u00edaInstituci\u00f3nEmailDr. Enrique Serrano Ca\u00f1adasCatedr\u00e1tico Geograf\u00eda F\u00edsicaUVaserranoe@fyl.uva.esDr. Luis Carlos Martinez Fern\u00e1ndezProfesor Titular de An\u00e1lisis Geogr\u00e1fico RegionalUValuiscar@fyl.uva.esDr. Mar\u00eda Teresa Ortega Villaz\u00e1nProfesora Titular, Geograf\u00eda F\u00edsicaUVamaite@fyl.uva.esDr. Carlos Gabriel Morales Rodr\u00edguezProfesor Titular, Geograf\u00eda F\u00edsicaUVacmorales@fyl.uva.esMrs. Rosa Mar\u00eda Ruiz PedrosaContratada PredoctoralUVarosamaria.ruiz.pedrosa@uva.esMr. Luis Ernesto Diez Fari\u00f1asContratado PredoctoralUValuisernesto.diez22@uva.esMr. Adri\u00e1n Mart\u00ednez Fern\u00e1ndezT\u00e9cnico de LaboratorioCENIEHadrian.martinez@cenieh.esDr. Alfonso Pisabarro P\u00e9rezProfesor Contratado\u2026","rel":"","context":"Entrada similar","img":{"alt_text":"","src":"https:\/\/i0.wp.com\/albergueweb1.uva.es\/gir_pangea\/wp-content\/uploads\/2023\/09\/WhatsApp-Image-2023-09-25-at-13.24.18.jpeg?resize=350%2C200&ssl=1","width":350,"height":200},"classes":[]},{"id":20,"url":"https:\/\/albergueweb1.uva.es\/gir_pangea\/?page_id=20","url_meta":{"origin":252,"position":4},"title":"Enlaces","date":"14 noviembre, 2011","format":false,"excerpt":"Algunos enlaces de inter\u00e9s: SOCIEDAD ESPA\u00d1OLA DE GEOMORFOLOG\u00cdA (SEG) AGE - Asociaci\u00f3n de Ge\u00f3grafos Espa\u00f1oles COMISI\u00d3N DE PATRIMONIO GEOL\u00d3GICO - Sociedad Geol\u00f3gica de Espa\u00f1a REAL SOCIEDAD GEOGRAFICA (RSG) INTERNATIONAL ASSOCIATION OF GEOMORPHOLOGISTS IAG\/AIG INTERNATIONAL PERMAFROST ASSOCIATION IAG WORKING GROUP ON GEOMORPHOSITES: research, assessment and improvement INSTITUT DE G\u00c9OGRAPHIE - Universidad\u2026","rel":"","context":"Entrada similar","img":{"alt_text":"","src":"","width":0,"height":0},"classes":[]},{"id":2001,"url":"https:\/\/albergueweb1.uva.es\/gir_pangea\/?page_id=2001","url_meta":{"origin":252,"position":5},"title":"Luis Ernesto Diez Fari\u00f1as","date":"25 septiembre, 2023","format":false,"excerpt":"Contratado Predoctoral Perfil ORCID Perfil ResearchGate Licenciado en Geograf\u00eda por la Universidad de La Habana, ha sido profesor instructor en las asignaturas de Meteorolog\u00eda \u2013 Climatolog\u00eda y Geograf\u00eda de los suelos (2020-2021). M\u00e1ster en Tecnolog\u00eda Ambiental por la Universidad de Huelva y la Universidad Internacional de Andaluc\u00eda. Ha sido personal\u2026","rel":"","context":"Entrada similar","img":{"alt_text":"","src":"https:\/\/i0.wp.com\/albergueweb1.uva.es\/gir_pangea\/wp-content\/uploads\/2023\/09\/foto-1.jpg?resize=350%2C200&ssl=1","width":350,"height":200},"classes":[]}],"_links":{"self":[{"href":"https:\/\/albergueweb1.uva.es\/gir_pangea\/index.php?rest_route=\/wp\/v2\/pages\/252"}],"collection":[{"href":"https:\/\/albergueweb1.uva.es\/gir_pangea\/index.php?rest_route=\/wp\/v2\/pages"}],"about":[{"href":"https:\/\/albergueweb1.uva.es\/gir_pangea\/index.php?rest_route=\/wp\/v2\/types\/page"}],"author":[{"embeddable":true,"href":"https:\/\/albergueweb1.uva.es\/gir_pangea\/index.php?rest_route=\/wp\/v2\/users\/1"}],"replies":[{"embeddable":true,"href":"https:\/\/albergueweb1.uva.es\/gir_pangea\/index.php?rest_route=%2Fwp%2Fv2%2Fcomments&post=252"}],"version-history":[{"count":17,"href":"https:\/\/albergueweb1.uva.es\/gir_pangea\/index.php?rest_route=\/wp\/v2\/pages\/252\/revisions"}],"predecessor-version":[{"id":772,"href":"https:\/\/albergueweb1.uva.es\/gir_pangea\/index.php?rest_route=\/wp\/v2\/pages\/252\/revisions\/772"}],"wp:attachment":[{"href":"https:\/\/albergueweb1.uva.es\/gir_pangea\/index.php?rest_route=%2Fwp%2Fv2%2Fmedia&parent=252"}],"curies":[{"name":"wp","href":"https:\/\/api.w.org\/{rel}","templated":true}]}}