{"id":270,"date":"2012-01-12T18:26:12","date_gmt":"2012-01-12T18:26:12","guid":{"rendered":"http:\/\/www5.uva.es\/gir_pangea\/?page_id=270"},"modified":"2025-06-12T11:37:15","modified_gmt":"2025-06-12T11:37:15","slug":"maria-jose-gonzalez-amuchastegui","status":"publish","type":"page","link":"https:\/\/albergueweb1.uva.es\/gir_pangea\/?page_id=270","title":{"rendered":"M.J. Gonzalez Amuchastegui"},"content":{"rendered":"\n<div class=\"wp-block-file\"><object class=\"wp-block-file__embed\" data=\"https:\/\/albergueweb1.uva.es\/gir_pangea\/wp-content\/uploads\/2025\/06\/cva_Fecyt_resumido_MJGlezAmuchastegui.pdf\" type=\"application\/pdf\" style=\"width:100%;height:600px\" aria-label=\"Incrustado de cva_Fecyt_resumido_MJGlezAmuchastegui.\"><\/object><a id=\"wp-block-file--media-98503790-aaae-49c1-a144-2de4531e7733\" href=\"https:\/\/albergueweb1.uva.es\/gir_pangea\/wp-content\/uploads\/2025\/06\/cva_Fecyt_resumido_MJGlezAmuchastegui.pdf\">cva_Fecyt_resumido_MJGlezAmuchastegui<\/a><a href=\"https:\/\/albergueweb1.uva.es\/gir_pangea\/wp-content\/uploads\/2025\/06\/cva_Fecyt_resumido_MJGlezAmuchastegui.pdf\" class=\"wp-block-file__button\" download aria-describedby=\"wp-block-file--media-98503790-aaae-49c1-a144-2de4531e7733\">Descarga<\/a><\/div>\n\n\n<div id=\"fotocolumna\">\n<blockquote><p><a href=\"wp-content\/uploads\/fotomiembro\/Pepa.jpg\"><img class=\"alignleft\" src=\"wp-content\/uploads\/fotomiembro\/Pepa.jpg\" alt=\"Pepa\" width=\"210\"><\/a><\/p><\/blockquote>\n<p><a href=\"http:\/\/www5.uva.es\/gir_pangea\/?page_id=10\"><img class=\"alignleft\" src=\"wp-content\/uploads\/2011\/11\/volver2.jpg\" alt=\"\" width=\"120\"><\/a><\/p>\n<\/div>\n<h6><\/h6>\n<h6><\/h6>\n<h6><\/h6>\n<h5><\/h5>\n<h5 id=\"datacolumna\">Profesora Titular, Geograf\u00eda F\u00edsica.<br>\nDepartamento de Geograf\u00eda<br>\nUNED<br>\nFacultad de Geograf\u00eda e Historia<br>\nDirecci\u00f3n: <span class=\"inplacedisplayid4siteid0\">Paseo&nbsp;&nbsp;Senda del Rey, 7<br>\nEdificio de Humanidades, 4\u00aa y 5\u00aa planta<br>\n28040 &#8211; Madrid <\/span><br>\nEmail: <a href=\"mailto:mj.gonzaleza@ehu.es\"><span style=\"font-size: small;\">mj.gonzalezamu@geo.uned.es<\/span><\/a><br>\nTelefono: (+34) 91398-9004<\/h5>\n\n<div class=\"wp-block-image\">\n<figure class=\"alignleft size-large is-resized\"><a href=\"https:\/\/orcid.org\/0000-0001-9501-6256\"><img data-attachment-id=\"1957\" data-permalink=\"https:\/\/albergueweb1.uva.es\/gir_pangea\/?attachment_id=1957\" data-orig-file=\"https:\/\/i0.wp.com\/albergueweb1.uva.es\/gir_pangea\/wp-content\/uploads\/2023\/03\/ORCID_iD.svg_.png?fit=2048%2C2048&amp;ssl=1\" data-orig-size=\"2048,2048\" data-comments-opened=\"0\" data-image-meta=\"{&quot;aperture&quot;:&quot;0&quot;,&quot;credit&quot;:&quot;&quot;,&quot;camera&quot;:&quot;&quot;,&quot;caption&quot;:&quot;&quot;,&quot;created_timestamp&quot;:&quot;0&quot;,&quot;copyright&quot;:&quot;&quot;,&quot;focal_length&quot;:&quot;0&quot;,&quot;iso&quot;:&quot;0&quot;,&quot;shutter_speed&quot;:&quot;0&quot;,&quot;title&quot;:&quot;&quot;,&quot;orientation&quot;:&quot;0&quot;}\" data-image-title=\"ORCID_iD.svg_\" data-image-description=\"\" data-image-caption=\"\" data-medium-file=\"https:\/\/i0.wp.com\/albergueweb1.uva.es\/gir_pangea\/wp-content\/uploads\/2023\/03\/ORCID_iD.svg_.png?fit=300%2C300&amp;ssl=1\" data-large-file=\"https:\/\/i0.wp.com\/albergueweb1.uva.es\/gir_pangea\/wp-content\/uploads\/2023\/03\/ORCID_iD.svg_.png?fit=640%2C640&amp;ssl=1\" loading=\"lazy\" src=\"https:\/\/i0.wp.com\/albergueweb1.uva.es\/gir_pangea\/wp-content\/uploads\/2023\/03\/ORCID_iD.svg_-1024x1024.png?resize=31%2C31&#038;ssl=1\" alt=\"\" class=\"wp-image-1957\" width=\"31\" height=\"31\" srcset=\"https:\/\/i0.wp.com\/albergueweb1.uva.es\/gir_pangea\/wp-content\/uploads\/2023\/03\/ORCID_iD.svg_.png?resize=1024%2C1024&amp;ssl=1 1024w, https:\/\/i0.wp.com\/albergueweb1.uva.es\/gir_pangea\/wp-content\/uploads\/2023\/03\/ORCID_iD.svg_.png?resize=300%2C300&amp;ssl=1 300w, https:\/\/i0.wp.com\/albergueweb1.uva.es\/gir_pangea\/wp-content\/uploads\/2023\/03\/ORCID_iD.svg_.png?resize=150%2C150&amp;ssl=1 150w, https:\/\/i0.wp.com\/albergueweb1.uva.es\/gir_pangea\/wp-content\/uploads\/2023\/03\/ORCID_iD.svg_.png?resize=768%2C768&amp;ssl=1 768w, https:\/\/i0.wp.com\/albergueweb1.uva.es\/gir_pangea\/wp-content\/uploads\/2023\/03\/ORCID_iD.svg_.png?resize=1536%2C1536&amp;ssl=1 1536w, https:\/\/i0.wp.com\/albergueweb1.uva.es\/gir_pangea\/wp-content\/uploads\/2023\/03\/ORCID_iD.svg_.png?resize=400%2C400&amp;ssl=1 400w, https:\/\/i0.wp.com\/albergueweb1.uva.es\/gir_pangea\/wp-content\/uploads\/2023\/03\/ORCID_iD.svg_.png?w=2048&amp;ssl=1 2048w, https:\/\/i0.wp.com\/albergueweb1.uva.es\/gir_pangea\/wp-content\/uploads\/2023\/03\/ORCID_iD.svg_.png?w=1280 1280w, https:\/\/i0.wp.com\/albergueweb1.uva.es\/gir_pangea\/wp-content\/uploads\/2023\/03\/ORCID_iD.svg_.png?w=1920 1920w\" sizes=\"(max-width: 31px) 100vw, 31px\" data-recalc-dims=\"1\" \/><\/a><figcaption><strong>Perfil ORCID<\/strong><\/figcaption><\/figure><\/div>\n\n<div class=\"wp-block-image\">\n<figure class=\"alignleft size-large is-resized\"><a href=\"https:\/\/www.researchgate.net\/profile\/Maria-Gonzalez-Amuchastegui\"><img data-attachment-id=\"1958\" data-permalink=\"https:\/\/albergueweb1.uva.es\/gir_pangea\/?attachment_id=1958\" data-orig-file=\"https:\/\/i0.wp.com\/albergueweb1.uva.es\/gir_pangea\/wp-content\/uploads\/2023\/03\/1200px-ResearchGate_icon_SVG.svg_.png?fit=1200%2C1200&amp;ssl=1\" data-orig-size=\"1200,1200\" data-comments-opened=\"0\" data-image-meta=\"{&quot;aperture&quot;:&quot;0&quot;,&quot;credit&quot;:&quot;&quot;,&quot;camera&quot;:&quot;&quot;,&quot;caption&quot;:&quot;&quot;,&quot;created_timestamp&quot;:&quot;0&quot;,&quot;copyright&quot;:&quot;&quot;,&quot;focal_length&quot;:&quot;0&quot;,&quot;iso&quot;:&quot;0&quot;,&quot;shutter_speed&quot;:&quot;0&quot;,&quot;title&quot;:&quot;&quot;,&quot;orientation&quot;:&quot;0&quot;}\" data-image-title=\"1200px-ResearchGate_icon_SVG.svg_\" data-image-description=\"\" data-image-caption=\"\" data-medium-file=\"https:\/\/i0.wp.com\/albergueweb1.uva.es\/gir_pangea\/wp-content\/uploads\/2023\/03\/1200px-ResearchGate_icon_SVG.svg_.png?fit=300%2C300&amp;ssl=1\" data-large-file=\"https:\/\/i0.wp.com\/albergueweb1.uva.es\/gir_pangea\/wp-content\/uploads\/2023\/03\/1200px-ResearchGate_icon_SVG.svg_.png?fit=640%2C640&amp;ssl=1\" loading=\"lazy\" src=\"https:\/\/i0.wp.com\/albergueweb1.uva.es\/gir_pangea\/wp-content\/uploads\/2023\/03\/1200px-ResearchGate_icon_SVG.svg_-1024x1024.png?resize=33%2C33&#038;ssl=1\" alt=\"\" class=\"wp-image-1958\" width=\"33\" height=\"33\" srcset=\"https:\/\/i0.wp.com\/albergueweb1.uva.es\/gir_pangea\/wp-content\/uploads\/2023\/03\/1200px-ResearchGate_icon_SVG.svg_.png?resize=1024%2C1024&amp;ssl=1 1024w, https:\/\/i0.wp.com\/albergueweb1.uva.es\/gir_pangea\/wp-content\/uploads\/2023\/03\/1200px-ResearchGate_icon_SVG.svg_.png?resize=300%2C300&amp;ssl=1 300w, https:\/\/i0.wp.com\/albergueweb1.uva.es\/gir_pangea\/wp-content\/uploads\/2023\/03\/1200px-ResearchGate_icon_SVG.svg_.png?resize=150%2C150&amp;ssl=1 150w, https:\/\/i0.wp.com\/albergueweb1.uva.es\/gir_pangea\/wp-content\/uploads\/2023\/03\/1200px-ResearchGate_icon_SVG.svg_.png?resize=768%2C768&amp;ssl=1 768w, https:\/\/i0.wp.com\/albergueweb1.uva.es\/gir_pangea\/wp-content\/uploads\/2023\/03\/1200px-ResearchGate_icon_SVG.svg_.png?resize=400%2C400&amp;ssl=1 400w, https:\/\/i0.wp.com\/albergueweb1.uva.es\/gir_pangea\/wp-content\/uploads\/2023\/03\/1200px-ResearchGate_icon_SVG.svg_.png?w=1200&amp;ssl=1 1200w\" sizes=\"(max-width: 33px) 100vw, 33px\" data-recalc-dims=\"1\" \/><\/a><figcaption><strong>Perfil ResearchGate<\/strong><\/figcaption><\/figure><\/div>\n\n\n<p><\/p>\n\n\n\n<p><\/p>\n","protected":false},"excerpt":{"rendered":"<p>Profesora Titular, Geograf\u00eda F\u00edsica. Departamento de Geograf\u00eda UNED Facultad de Geograf\u00eda e Historia Direcci\u00f3n: Paseo&nbsp;&nbsp;Senda del Rey, 7 Edificio de Humanidades, 4\u00aa y 5\u00aa planta 28040 &#8211; Madrid Email: mj.gonzalezamu@geo.uned.es Telefono: (+34) 91398-9004<\/p>\n","protected":false},"author":1,"featured_media":0,"parent":0,"menu_order":14,"comment_status":"closed","ping_status":"closed","template":"","meta":{"jetpack_post_was_ever_published":false},"jetpack_sharing_enabled":true,"jetpack_shortlink":"https:\/\/wp.me\/P79crb-4m","jetpack-related-posts":[{"id":967,"url":"https:\/\/albergueweb1.uva.es\/gir_pangea\/?page_id=967","url_meta":{"origin":270,"position":0},"title":"Publicaciones 2014","date":"28 enero, 2016","format":false,"excerpt":"A\u00f1o 2014. Publicaciones internacionales. Serrano, E., G\u00f3mez-Lende, M., Gonz\u00e1lez-Amuchastegui, M.J., Gonz\u00e1lez-Garc\u00eda, M., Gonz\u00e1lez-Trueba,J.J., Pellitero, R., Rico, I. 2014.\u00a0GLACIAL CHRONOLOGY, ENVIRONMENTAL CHANGES AND IMPLICATIONS ON THE HUMAN OCCUPATION DURING THE UPPER PLEISTOCENE IN THE EASTERN CANTABRIAN MOUNTAINS. Quaternary International, doi 10.1016\/j.quaint. 2014.09.039. Gonz\u00e1lez-Amuchastegui, M.J., Serrano, E., 2014. TUFA BUILDUPS, LANDSCAPE EVOLUTION\u2026","rel":"","context":"Entrada similar","img":{"alt_text":"","src":"","width":0,"height":0},"classes":[]},{"id":965,"url":"https:\/\/albergueweb1.uva.es\/gir_pangea\/?page_id=965","url_meta":{"origin":270,"position":1},"title":"Publicaciones 2015","date":"28 enero, 2016","format":false,"excerpt":"A\u00f1o 2015. Publicaciones internacionales Gonz\u00e1lez Amuchastegui, M.J., Serrano, E., 2015. TUFA BUILDUPS, LANDSCAPE EVOLUTION AND HUMAN IMPACT DURING THE HOLOCENE IN THE UPPER EBRO BASIN. Quaternary International, 364, 54-64. Gonz\u00e1lez Amuchastegui, M. J., Serrano, E. 2015. LATE-PLEISTOCENE AND HOLOCENE TUFA COMPLEX AND GEOMORPHOLOGICAL EVOLUTION IN UPPER EBRO BASIN (NORTHERN SPAIN).\u2026","rel":"","context":"Entrada similar","img":{"alt_text":"","src":"","width":0,"height":0},"classes":[]},{"id":1770,"url":"https:\/\/albergueweb1.uva.es\/gir_pangea\/?page_id=1770","url_meta":{"origin":270,"position":2},"title":"Publicaciones 2020","date":"4 marzo, 2021","format":false,"excerpt":"Serrano, E., Gonz\u00e1lez Amuchastegui, M.J. (2020). Cultural Heritage, landforms and integrated territorial heritage. The close relationship between tufas, cultural remains and landscape in the Upper Ebro Basin (Cantabrian Mountains, Spain). Geoheritage, 12, Article number: 86 (2020). https:\/\/doi.org\/10.1007\/s12371-020-00513-z Serrano, E., L\u00f3pez-Moreno, J.I., G\u00f3mez-Lende, M., Pisabarro, A., Mart\u00edn-Moreno, R., Rico, I., Alonso-Gonz\u00e1lez,\u2026","rel":"","context":"Entrada similar","img":{"alt_text":"","src":"","width":0,"height":0},"classes":[]},{"id":969,"url":"https:\/\/albergueweb1.uva.es\/gir_pangea\/?page_id=969","url_meta":{"origin":270,"position":3},"title":"Publicaciones 2013","date":"28 enero, 2016","format":false,"excerpt":"A\u00f1o 2013. Publicaciones internacionales. Maria Jos\u00e9 Gonz\u00e1lez\u00a0Amuchastegui, Enrique Serrano Ca\u00f1adas, Juan Jos\u00e9 Gonz\u00e1lez Trueba, Maria Gonz\u00e1lez Garc\u00eda. (2013). GEOMORPHOSITES, A USEFUL TOOL FOR ENVIRONMENTAL MANAGEMENT IN NATURAL PROTECTED AREAS \u00c1LAVA, THE BASQUE COUNTRY, SPAIN. En: Managing Geosites in Protected Areas, Collection EDYTEM, n\u00b0 15. Grenoble. \u00a0pp.87-94. Serrano E., J.J. Gonz\u00e1lez-Trueba,\u2026","rel":"","context":"Entrada similar","img":{"alt_text":"","src":"","width":0,"height":0},"classes":[]},{"id":1033,"url":"https:\/\/albergueweb1.uva.es\/gir_pangea\/?page_id=1033","url_meta":{"origin":270,"position":4},"title":"Publicaciones 2016","date":"14 septiembre, 2016","format":false,"excerpt":"Pisabarro, A., Pellitero, R., Serrano, E., G\u00f3mez-Lende, M., & Gonz\u00e1lez-Trueba, J. J. (2017). Ground temperatures, landforms and processes in an Atlantic mountain. Cantabrian Mountains (Northern Spain). Catena. http:\/\/dx.doi.org\/10.1016\/j.catena.2016.07.051. G\u00f3mez Lende, M. (2016). Cuevas heladas en el Parque nacional de los Picos de Europa. fronteras subterr\u00e1nea del hielo en el macizo\u2026","rel":"","context":"Entrada similar","img":{"alt_text":"","src":"","width":0,"height":0},"classes":[]},{"id":971,"url":"https:\/\/albergueweb1.uva.es\/gir_pangea\/?page_id=971","url_meta":{"origin":270,"position":5},"title":"Publicaciones 2012","date":"28 enero, 2016","format":false,"excerpt":"A\u00f1o 2012. Publicaciones internacionales. Serrano, E., Gonz\u00e1lez-Trueba, J.J., Gonz\u00e1lez-Garc\u00eda, M., 2012. MOUNTAIN GLACIATION AND PALEOCLIMATE RECONSTRUCTION IN THE PICOS DE EUROPA (IBERIAN PENINSULA, SW EUROPE). Quaternary Research, doi.org\/10.1016 \/j.yqres.2012.016. M. Morell\u00f3n, A. P\u00e9rez-Sanz, J. P. Corella, U. Buntgen, J. Catalan, P. Gonzalez-Samperiz, J. J. Gonzalez-Trueba, J. A. Lopez-Saez, A. Moreno,\u2026","rel":"","context":"Entrada similar","img":{"alt_text":"","src":"","width":0,"height":0},"classes":[]}],"_links":{"self":[{"href":"https:\/\/albergueweb1.uva.es\/gir_pangea\/index.php?rest_route=\/wp\/v2\/pages\/270"}],"collection":[{"href":"https:\/\/albergueweb1.uva.es\/gir_pangea\/index.php?rest_route=\/wp\/v2\/pages"}],"about":[{"href":"https:\/\/albergueweb1.uva.es\/gir_pangea\/index.php?rest_route=\/wp\/v2\/types\/page"}],"author":[{"embeddable":true,"href":"https:\/\/albergueweb1.uva.es\/gir_pangea\/index.php?rest_route=\/wp\/v2\/users\/1"}],"replies":[{"embeddable":true,"href":"https:\/\/albergueweb1.uva.es\/gir_pangea\/index.php?rest_route=%2Fwp%2Fv2%2Fcomments&post=270"}],"version-history":[{"count":17,"href":"https:\/\/albergueweb1.uva.es\/gir_pangea\/index.php?rest_route=\/wp\/v2\/pages\/270\/revisions"}],"predecessor-version":[{"id":2090,"href":"https:\/\/albergueweb1.uva.es\/gir_pangea\/index.php?rest_route=\/wp\/v2\/pages\/270\/revisions\/2090"}],"wp:attachment":[{"href":"https:\/\/albergueweb1.uva.es\/gir_pangea\/index.php?rest_route=%2Fwp%2Fv2%2Fmedia&parent=270"}],"curies":[{"name":"wp","href":"https:\/\/api.w.org\/{rel}","templated":true}]}}