{"id":282,"date":"2012-01-12T19:06:52","date_gmt":"2012-01-12T19:06:52","guid":{"rendered":"http:\/\/www5.uva.es\/gir_pangea\/?page_id=282"},"modified":"2023-03-22T13:23:07","modified_gmt":"2023-03-22T13:23:07","slug":"raul-martin-moreno","status":"publish","type":"page","link":"https:\/\/albergueweb1.uva.es\/gir_pangea\/?page_id=282","title":{"rendered":"Ra\u00fal Mart\u00edn Moreno"},"content":{"rendered":"<div id=\"fotocolumna\">\n<blockquote><a href=\"wp-content\/uploads\/fotomiembro\/Raul.jpg\"><img src=\"wp-content\/uploads\/fotomiembro\/Raul.jpg\" alt=\"Raul\" width=\"210\" \/><\/a><\/blockquote>\n<a href=\"http:\/\/www5.uva.es\/gir_pangea\/?page_id=10\"><img src=\"wp-content\/uploads\/2011\/11\/volver2.jpg\" alt=\"\" width=\"120\" \/><\/a>\n\n<\/div>\n<div id=\"datacolumna\">Profesor contratado doctor.\nDepartamento de Did\u00e1cticas Espec\u00edficas\nUniversidad Aut\u00f3noma de Madrid\nCarretera de Colmenar Viejo, Km. 15,500 (28049 Madrid).\nEmail: <a href=\"mailto:raul.martinm@uam.es\">raul.martinm@uam.es<\/a>\nTel. 91 497 5147\n\n<\/div>\n<div>\n<figure class=\"wp-block-image alignleft size-large is-resized\">\n<figcaption><\/figcaption><\/figure>\n \n<figure class=\"wp-block-image alignleft size-large is-resized\"><a href=\"https:\/\/www.researchgate.net\/profile\/Raul-Martin-Moreno\"><img data-attachment-id=\"1958\" data-permalink=\"https:\/\/albergueweb1.uva.es\/gir_pangea\/?attachment_id=1958\" data-orig-file=\"https:\/\/i0.wp.com\/albergueweb1.uva.es\/gir_pangea\/wp-content\/uploads\/2023\/03\/1200px-ResearchGate_icon_SVG.svg_.png?fit=1200%2C1200&amp;ssl=1\" data-orig-size=\"1200,1200\" data-comments-opened=\"0\" data-image-meta=\"{&quot;aperture&quot;:&quot;0&quot;,&quot;credit&quot;:&quot;&quot;,&quot;camera&quot;:&quot;&quot;,&quot;caption&quot;:&quot;&quot;,&quot;created_timestamp&quot;:&quot;0&quot;,&quot;copyright&quot;:&quot;&quot;,&quot;focal_length&quot;:&quot;0&quot;,&quot;iso&quot;:&quot;0&quot;,&quot;shutter_speed&quot;:&quot;0&quot;,&quot;title&quot;:&quot;&quot;,&quot;orientation&quot;:&quot;0&quot;}\" data-image-title=\"1200px-ResearchGate_icon_SVG.svg_\" data-image-description=\"\" data-image-caption=\"\" data-medium-file=\"https:\/\/i0.wp.com\/albergueweb1.uva.es\/gir_pangea\/wp-content\/uploads\/2023\/03\/1200px-ResearchGate_icon_SVG.svg_.png?fit=300%2C300&amp;ssl=1\" data-large-file=\"https:\/\/i0.wp.com\/albergueweb1.uva.es\/gir_pangea\/wp-content\/uploads\/2023\/03\/1200px-ResearchGate_icon_SVG.svg_.png?fit=640%2C640&amp;ssl=1\" loading=\"lazy\" class=\"wp-image-1958\" src=\"https:\/\/i0.wp.com\/albergueweb1.uva.es\/gir_pangea\/wp-content\/uploads\/2023\/03\/1200px-ResearchGate_icon_SVG.svg_-1024x1024.png?resize=33%2C33&#038;ssl=1\" alt=\"\" width=\"33\" height=\"33\" srcset=\"https:\/\/i0.wp.com\/albergueweb1.uva.es\/gir_pangea\/wp-content\/uploads\/2023\/03\/1200px-ResearchGate_icon_SVG.svg_.png?resize=1024%2C1024&amp;ssl=1 1024w, https:\/\/i0.wp.com\/albergueweb1.uva.es\/gir_pangea\/wp-content\/uploads\/2023\/03\/1200px-ResearchGate_icon_SVG.svg_.png?resize=300%2C300&amp;ssl=1 300w, https:\/\/i0.wp.com\/albergueweb1.uva.es\/gir_pangea\/wp-content\/uploads\/2023\/03\/1200px-ResearchGate_icon_SVG.svg_.png?resize=150%2C150&amp;ssl=1 150w, https:\/\/i0.wp.com\/albergueweb1.uva.es\/gir_pangea\/wp-content\/uploads\/2023\/03\/1200px-ResearchGate_icon_SVG.svg_.png?resize=768%2C768&amp;ssl=1 768w, https:\/\/i0.wp.com\/albergueweb1.uva.es\/gir_pangea\/wp-content\/uploads\/2023\/03\/1200px-ResearchGate_icon_SVG.svg_.png?resize=400%2C400&amp;ssl=1 400w, https:\/\/i0.wp.com\/albergueweb1.uva.es\/gir_pangea\/wp-content\/uploads\/2023\/03\/1200px-ResearchGate_icon_SVG.svg_.png?w=1200&amp;ssl=1 1200w\" sizes=\"(max-width: 33px) 100vw, 33px\" data-recalc-dims=\"1\" \/><\/a>\n<figcaption><strong>Perfil ResearchGate<\/strong><\/figcaption><\/figure>\n \n\n \n\n<\/div>","protected":false},"excerpt":{"rendered":"<p>Profesor contratado doctor. Departamento de Did\u00e1cticas Espec\u00edficas Universidad Aut\u00f3noma de Madrid Carretera de Colmenar Viejo, Km. 15,500 (28049 Madrid). Email: raul.martinm@uam.es Tel. 91 497 5147<\/p>\n","protected":false},"author":1,"featured_media":0,"parent":0,"menu_order":16,"comment_status":"closed","ping_status":"open","template":"","meta":{"jetpack_post_was_ever_published":false},"jetpack_sharing_enabled":true,"jetpack_shortlink":"https:\/\/wp.me\/P79crb-4y","jetpack-related-posts":[{"id":1113,"url":"https:\/\/albergueweb1.uva.es\/gir_pangea\/?page_id=1113","url_meta":{"origin":282,"position":0},"title":"LUIS JORD\u00c1 BORDEHORE","date":"20 febrero, 2017","format":false,"excerpt":"Profesor Contratado Doctor Departamento de Ingenier\u00eda y morfolog\u00eda del terreno Universidad Polit\u00e9cnica de Madrid E-mail: l.jorda@upm.es Tel\u00e9fono: 910674278 Perfil ORCID Perfil ResearchGate","rel":"","context":"Entrada similar","img":{"alt_text":"","src":"https:\/\/i0.wp.com\/albergueweb1.uva.es\/gir_pangea\/wp-content\/uploads\/2023\/03\/ORCID_iD.svg_.png?resize=350%2C200&ssl=1","width":350,"height":200},"classes":[]},{"id":270,"url":"https:\/\/albergueweb1.uva.es\/gir_pangea\/?page_id=270","url_meta":{"origin":282,"position":1},"title":"M.J. Gonzalez Amuchastegui","date":"12 enero, 2012","format":false,"excerpt":"cva_Fecyt_resumido_MJGlezAmuchasteguiDescarga Profesora Titular, Geograf\u00eda F\u00edsica. Departamento de Geograf\u00eda UNED Facultad de Geograf\u00eda e Historia Direcci\u00f3n: Paseo\u00a0\u00a0Senda del Rey, 7 Edificio de Humanidades, 4\u00aa y 5\u00aa planta 28040 - Madrid Email: mj.gonzalezamu@geo.uned.es Telefono: (+34) 91398-9004 Perfil ORCID Perfil ResearchGate","rel":"","context":"Entrada similar","img":{"alt_text":"","src":"https:\/\/i0.wp.com\/albergueweb1.uva.es\/gir_pangea\/wp-content\/uploads\/2023\/03\/ORCID_iD.svg_.png?resize=350%2C200&ssl=1","width":350,"height":200},"classes":[]},{"id":1011,"url":"https:\/\/albergueweb1.uva.es\/gir_pangea\/?page_id=1011","url_meta":{"origin":282,"position":2},"title":"COLABORACIONES","date":"15 febrero, 2016","format":false,"excerpt":"COLABORACI\u00d3N CON INSTITUCIONES Y ORGANISMOS - CES Consejo Econ\u00f3mico y Social de Castilla y Le\u00f3n - Parque Nacional Picos de Europa (OAPN) - Diputaci\u00f3n Provincial de Segovia. - Asociaci\u00f3n Espa\u00f1ola de Paisajistas-AEP \/secci\u00f3n Castilla y Le\u00f3n, - Asociaci\u00f3n Ciudad Sostenible ACCS (Valladolid) - Instituto Pirenaico de Ecolog\u00eda (CSIC). - School\u2026","rel":"","context":"Entrada similar","img":{"alt_text":"","src":"","width":0,"height":0},"classes":[]},{"id":965,"url":"https:\/\/albergueweb1.uva.es\/gir_pangea\/?page_id=965","url_meta":{"origin":282,"position":3},"title":"Publicaciones 2015","date":"28 enero, 2016","format":false,"excerpt":"A\u00f1o 2015. Publicaciones internacionales Gonz\u00e1lez Amuchastegui, M.J., Serrano, E., 2015. TUFA BUILDUPS, LANDSCAPE EVOLUTION AND HUMAN IMPACT DURING THE HOLOCENE IN THE UPPER EBRO BASIN. Quaternary International, 364, 54-64. Gonz\u00e1lez Amuchastegui, M. J., Serrano, E. 2015. LATE-PLEISTOCENE AND HOLOCENE TUFA COMPLEX AND GEOMORPHOLOGICAL EVOLUTION IN UPPER EBRO BASIN (NORTHERN SPAIN).\u2026","rel":"","context":"Entrada similar","img":{"alt_text":"","src":"","width":0,"height":0},"classes":[]},{"id":1033,"url":"https:\/\/albergueweb1.uva.es\/gir_pangea\/?page_id=1033","url_meta":{"origin":282,"position":4},"title":"Publicaciones 2016","date":"14 septiembre, 2016","format":false,"excerpt":"Pisabarro, A., Pellitero, R., Serrano, E., G\u00f3mez-Lende, M., & Gonz\u00e1lez-Trueba, J. J. (2017). Ground temperatures, landforms and processes in an Atlantic mountain. Cantabrian Mountains (Northern Spain). Catena. http:\/\/dx.doi.org\/10.1016\/j.catena.2016.07.051. G\u00f3mez Lende, M. (2016). Cuevas heladas en el Parque nacional de los Picos de Europa. fronteras subterr\u00e1nea del hielo en el macizo\u2026","rel":"","context":"Entrada similar","img":{"alt_text":"","src":"","width":0,"height":0},"classes":[]},{"id":1502,"url":"https:\/\/albergueweb1.uva.es\/gir_pangea\/?page_id=1502","url_meta":{"origin":282,"position":5},"title":"Publicaciones 2018","date":"27 noviembre, 2019","format":false,"excerpt":"Serrano E, Oliva M, Gonzalez-Garcia M, Lopez-Moreno JI, Gonzalez-Trueba JJ, Martin-Moreno R, Gomez-Lende M, Martin-Diaz J, Nofre J, Palma P.(2018). Post-little ice age paraglacial processes and landforms in the high Iberian mountains: a review. Land Degradation and Development, 29 (11) :4186-4208. DOI: 101002\/ldr3171Serrano, E., J.J. Sanjose, A.Gomez-Gutierrez, M. Gomez-Lende (2018).\u2026","rel":"","context":"Entrada similar","img":{"alt_text":"","src":"","width":0,"height":0},"classes":[]}],"_links":{"self":[{"href":"https:\/\/albergueweb1.uva.es\/gir_pangea\/index.php?rest_route=\/wp\/v2\/pages\/282"}],"collection":[{"href":"https:\/\/albergueweb1.uva.es\/gir_pangea\/index.php?rest_route=\/wp\/v2\/pages"}],"about":[{"href":"https:\/\/albergueweb1.uva.es\/gir_pangea\/index.php?rest_route=\/wp\/v2\/types\/page"}],"author":[{"embeddable":true,"href":"https:\/\/albergueweb1.uva.es\/gir_pangea\/index.php?rest_route=\/wp\/v2\/users\/1"}],"replies":[{"embeddable":true,"href":"https:\/\/albergueweb1.uva.es\/gir_pangea\/index.php?rest_route=%2Fwp%2Fv2%2Fcomments&post=282"}],"version-history":[{"count":10,"href":"https:\/\/albergueweb1.uva.es\/gir_pangea\/index.php?rest_route=\/wp\/v2\/pages\/282\/revisions"}],"predecessor-version":[{"id":1984,"href":"https:\/\/albergueweb1.uva.es\/gir_pangea\/index.php?rest_route=\/wp\/v2\/pages\/282\/revisions\/1984"}],"wp:attachment":[{"href":"https:\/\/albergueweb1.uva.es\/gir_pangea\/index.php?rest_route=%2Fwp%2Fv2%2Fmedia&parent=282"}],"curies":[{"name":"wp","href":"https:\/\/api.w.org\/{rel}","templated":true}]}}