{"id":29,"date":"2011-11-14T12:07:34","date_gmt":"2011-11-14T12:07:34","guid":{"rendered":"http:\/\/www5.uva.es\/gir_pangea\/?page_id=29"},"modified":"2019-11-28T23:36:11","modified_gmt":"2019-11-28T23:36:11","slug":"inicio","status":"publish","type":"page","link":"https:\/\/albergueweb1.uva.es\/gir_pangea\/?page_id=29","title":{"rendered":""},"content":{"rendered":"<address style=\"text-align: center;\"><a href=\"https:\/\/i0.wp.com\/www5.uva.es\/gir_pangea\/wp-content\/uploads\/2016\/01\/cropped-logoPANGEA2_peq-1-1.jpg\" rel=\"attachment wp-att-949\"><img data-attachment-id=\"949\" data-permalink=\"https:\/\/albergueweb1.uva.es\/gir_pangea\/?attachment_id=949\" data-orig-file=\"https:\/\/i0.wp.com\/albergueweb1.uva.es\/gir_pangea\/wp-content\/uploads\/2016\/01\/cropped-logoPANGEA2_peq-1-1.jpg?fit=1260%2C476&amp;ssl=1\" data-orig-size=\"1260,476\" data-comments-opened=\"0\" data-image-meta=\"{&quot;aperture&quot;:&quot;0&quot;,&quot;credit&quot;:&quot;&quot;,&quot;camera&quot;:&quot;&quot;,&quot;caption&quot;:&quot;&quot;,&quot;created_timestamp&quot;:&quot;0&quot;,&quot;copyright&quot;:&quot;&quot;,&quot;focal_length&quot;:&quot;0&quot;,&quot;iso&quot;:&quot;0&quot;,&quot;shutter_speed&quot;:&quot;0&quot;,&quot;title&quot;:&quot;&quot;,&quot;orientation&quot;:&quot;0&quot;}\" data-image-title=\"cropped-logoPANGEA2_peq-1-1.jpg\" data-image-description=\"\" data-image-caption=\"\" data-medium-file=\"https:\/\/i0.wp.com\/albergueweb1.uva.es\/gir_pangea\/wp-content\/uploads\/2016\/01\/cropped-logoPANGEA2_peq-1-1.jpg?fit=300%2C113&amp;ssl=1\" data-large-file=\"https:\/\/i0.wp.com\/albergueweb1.uva.es\/gir_pangea\/wp-content\/uploads\/2016\/01\/cropped-logoPANGEA2_peq-1-1.jpg?fit=640%2C242&amp;ssl=1\" loading=\"lazy\" class=\"size-full wp-image-949\" src=\"https:\/\/i0.wp.com\/www5.uva.es\/gir_pangea\/wp-content\/uploads\/2016\/01\/cropped-logoPANGEA2_peq-1-1.jpg?resize=640%2C242\" alt=\"cropped-logoPANGEA2_peq-1-1.jpg\" width=\"640\" height=\"242\" srcset=\"https:\/\/i0.wp.com\/albergueweb1.uva.es\/gir_pangea\/wp-content\/uploads\/2016\/01\/cropped-logoPANGEA2_peq-1-1.jpg?w=1260&amp;ssl=1 1260w, https:\/\/i0.wp.com\/albergueweb1.uva.es\/gir_pangea\/wp-content\/uploads\/2016\/01\/cropped-logoPANGEA2_peq-1-1.jpg?resize=300%2C113&amp;ssl=1 300w, https:\/\/i0.wp.com\/albergueweb1.uva.es\/gir_pangea\/wp-content\/uploads\/2016\/01\/cropped-logoPANGEA2_peq-1-1.jpg?resize=768%2C290&amp;ssl=1 768w, https:\/\/i0.wp.com\/albergueweb1.uva.es\/gir_pangea\/wp-content\/uploads\/2016\/01\/cropped-logoPANGEA2_peq-1-1.jpg?resize=1024%2C387&amp;ssl=1 1024w\" sizes=\"(max-width: 640px) 100vw, 640px\" data-recalc-dims=\"1\" \/><\/a><\/p>\n<\/address>\n<p style=\"text-align: justify;\">El <strong>Grupo de Investigaci\u00f3n Reconocido \u201dPANGEA\u201d<\/strong> aglutina a investigadores de distintas ramas (ge\u00f3grafos, ingenieros y f\u00edsicos) y posee un car\u00e1cter multidisciplinar y estable: Llevamos trabajando juntos e individualmente m\u00e1s de 15 a\u00f1os en el estudio de aspectos naturales (geomorfolog\u00eda, hidrolog\u00eda, paisajes naturales, geodiversidad,) y social (demograf\u00eda, turismo, desarrollo sostenible, valoraci\u00f3n de elementos y gesti\u00f3n del Patrimonio Natural), as\u00ed como en el control de procesos o elementos geomorfol\u00f3gicos, y la aplicaci\u00f3n de t\u00e9cnicas geom\u00e1ticas y geof\u00edsicas. Se ha prestado especial atenci\u00f3n a los <strong>medios fr\u00edos<\/strong> y <strong>de monta\u00f1a<\/strong>, a <strong>espacios naturales protegidos <\/strong>y a <strong>espacios marginales<\/strong>, con experiencia de los distintos miembros en las monta\u00f1as espa\u00f1olas (Los Pirineos, Cordillera Cant\u00e1brica, Sistema Central, Sistema Ib\u00e9rico, Sierra Nevada), los Alpes, los Andes, los volcanes mejicanos, la Ant\u00e1rtida y el \u00c1rtico. El objetivo del grupo de investigaci\u00f3n es promover, dise\u00f1ar y desarrollar proyectos de investigaci\u00f3n sobre Patrimonio Natural, geomorfolog\u00eda, hidrolog\u00eda, Cuaternario, demograf\u00eda, turismo, geom\u00e1tica y paisaje, as\u00ed como aspectos de Geograf\u00eda aplicada, con especial atenci\u00f3n a los Espacios Naturales Protegidos.<\/p>\n<p style=\"text-align: justify;\">Entre nuestros objetivos se encuentra la promoci\u00f3n del conocimiento del <strong>Patrimonio natural<\/strong> y favorecer la aplicaci\u00f3n de los nuevos conocimientos y t\u00e9cnicas. Los retos actuales de nuestras investigaciones se centran en el conocimiento de los procesos geomorfol\u00f3gicos como indicadores de cambio, la aplicaci\u00f3n de t\u00e9cnicas geom\u00e1ticas al control de procesos, la evoluci\u00f3n cuaternaria en las monta\u00f1as espa\u00f1olas, el avance en la definici\u00f3n y estudio de la Geodiversidad y de los elementos geomorfol\u00f3gicos como recursos patrimoniales y educativos, al geoturismo y la incidencia demogr\u00e1fica y socioecon\u00f3mica.<\/p>\n<p style=\"text-align: justify;\">The <strong>PANGEA (Natural Heritage and Applied Geography) research Group <\/strong>brings together researchers from different fields (geographers, engineers and physicians) and therefore has a multidisciplinary nature. We have been working together for more than 15 years on natural (geomorphology, hydrology, landscape and geodiversity) and social perspectives (demography, tourism, sustainable development, assessment and management of natural and human resources). We have been mainly dedicated to Natural Heritage and geomorphological elements and processes control. To do so we use traditional techniques as well as geomatics and geophysics. Our main workplace are mountain and cold environments, protected natural and marginal areas, getting highly experienced on Spanish mountains (Pyrenees, Cantabrian Mountains, Central System, Iberian System, Sierra Nevada), the Alps, the Andes, the Mexican volcanoes, the Antarctica and the Arctic. The aim of the PANGEA research group is to promote, design and develop research projects on Natural Heritage, geomorphology, hydrology, Quaternary, demography, tourism, geomatics, landscape, and their potential application, with special reference to the Natural Protected Areas. Priority objectives are the promotion of knowledge on Natural Heritage and the application of new knowledge and techniques. The challenges of our current research are focused on the knowledge of the geomorphological processes as indicators of change, the application of geomatics techniques to processes monitoring, the Quaternary evolution in the Northern Spanish mountains, the progress in define and study Geodiversity and geomorphological heritage as resources for their application to education or geotourism, and the demographic and socioeconomic impact.<\/p>\n<p style=\"text-align: justify;\"><strong>Objetivos del Grupo:<\/strong><\/p>\n<blockquote>\n<ul>\n<li style=\"text-align: justify;\"><span style=\"color: #000000;\">Promoci\u00f3n de un grupo estable de investigaci\u00f3n multidisciplinar (ge\u00f3grafos, ingenieros y f\u00edsicos) sobre el Patrimonio Natural y los procesos geomorfol\u00f3gicos.<\/span><\/li>\n<li style=\"text-align: justify;\"><span style=\"color: #000000;\">Promoci\u00f3n de la investigaci\u00f3n b\u00e1sica y aplicada en Geograf\u00eda y Patrimonio y favorecer el desarrollo de la aplicabilidad de los nuevos conocimientos adquiridos.<\/span><\/li>\n<li style=\"text-align: justify;\"><span style=\"color: #000000;\">Profundizar en el conocimiento del Geodiversidad y de su valor en ENP.<\/span><\/li>\n<li style=\"text-align: justify;\"><span style=\"color: #000000;\">Desarrollar e investigar la utilidad de nuevas t\u00e9cnicas de control de procesos geomorfol\u00f3gicos como geoindicadores y de la Geodiversidad.<\/span><\/li>\n<li style=\"text-align: justify;\"><span style=\"color: #000000;\">Desarrollar e investigar la utilidad de metodolog\u00edas para el inventario y valoraci\u00f3n de elementos del patrimonio natural, en particular LIG.<\/span><\/li>\n<li style=\"text-align: justify;\"><span style=\"color: #000000;\">Analizar la situaci\u00f3n de la poblaci\u00f3n y los modelos de poblamiento as\u00ed como la interrelaci\u00f3n de los medios humano y f\u00edsico desde la perspectiva de la puesta en valor del acervo patrimonial.<\/span><\/li>\n<li style=\"text-align: justify;\"><span style=\"color: #000000;\">Potenciar el estudio de los espacios naturales desde una perspectiva global, f\u00edsica, humana y econ\u00f3mica, con el objetivo de favorecer un aprovechamiento econ\u00f3mico sustentable de los recursos end\u00f3genos y la fijaci\u00f3n de poblaci\u00f3n en \u00e1reas de baja densidad demogr\u00e1fica.<\/span><\/li>\n<\/ul>\n<\/blockquote>\n","protected":false},"excerpt":{"rendered":"<p>El Grupo de Investigaci\u00f3n Reconocido \u201dPANGEA\u201d aglutina a investigadores de distintas ramas (ge\u00f3grafos, ingenieros y f\u00edsicos) y posee un car\u00e1cter multidisciplinar y estable: Llevamos trabajando juntos e individualmente m\u00e1s de 15 a\u00f1os en el estudio de aspectos naturales (geomorfolog\u00eda, hidrolog\u00eda, paisajes naturales, geodiversidad,) y social (demograf\u00eda, turismo, desarrollo sostenible, valoraci\u00f3n de elementos y gesti\u00f3n del [&hellip;]<\/p>\n","protected":false},"author":1,"featured_media":545,"parent":0,"menu_order":1,"comment_status":"closed","ping_status":"open","template":"page-templates\/full-width.php","meta":{"jetpack_post_was_ever_published":false},"jetpack_sharing_enabled":true,"jetpack_shortlink":"https:\/\/wp.me\/P79crb-t","jetpack-related-posts":[{"id":8,"url":"https:\/\/albergueweb1.uva.es\/gir_pangea\/?page_id=8","url_meta":{"origin":29,"position":0},"title":"L\u00cdNEAS DE INVESTIGACI\u00d3N","date":"14 noviembre, 2011","format":false,"excerpt":"Geomorfolog\u00eda: - Geoindicadores ambientales y cartograf\u00eda aplicados a Espacios Naturales Protegidos. - Procesos actuales y evoluci\u00f3n cuaternaria en medios de Monta\u00f1a. - Desarrollo y aplicaci\u00f3n t\u00e9cnicas de control de procesos geomorfol\u00f3gicos (DGPS, L\u00e1ser scanner, GPR, monitorizaci\u00f3n, t\u00e9cnicas fotogram\u00e9tricas). - Estudio de medios fr\u00edos, glaciares y periglaciares. Geomorfolog\u00eda glaciar, Glaciarismo cuaternario,\u2026","rel":"","context":"Entrada similar","img":{"alt_text":"","src":"","width":0,"height":0},"classes":[]},{"id":16,"url":"https:\/\/albergueweb1.uva.es\/gir_pangea\/?page_id=16","url_meta":{"origin":29,"position":1},"title":"PROYECTOS","date":"14 noviembre, 2011","format":false,"excerpt":"Interacciones y din\u00e1mica de la criosfera en la Monta\u00f1a Cant\u00e1brica y Pirineos: permafrost, glaciares, cuevas heladas y cambio global. Programa Estatal de Investigaci\u00f3n, Desarrollo e Innovaci\u00f3n Orientada a los Retos de la Sociedad. Proyectos. I+D+I. CGL2015-68144-R. 14\/2\/2016-14\/02\/2019. I.P. Enrique Serrano Turismo y patrimonio geomorfol\u00f3gico en Castilla y Le\u00f3n. Valoraci\u00f3n de\u2026","rel":"","context":"Entrada similar","img":{"alt_text":"","src":"","width":0,"height":0},"classes":[]},{"id":965,"url":"https:\/\/albergueweb1.uva.es\/gir_pangea\/?page_id=965","url_meta":{"origin":29,"position":2},"title":"Publicaciones 2015","date":"28 enero, 2016","format":false,"excerpt":"A\u00f1o 2015. Publicaciones internacionales Gonz\u00e1lez Amuchastegui, M.J., Serrano, E., 2015. TUFA BUILDUPS, LANDSCAPE EVOLUTION AND HUMAN IMPACT DURING THE HOLOCENE IN THE UPPER EBRO BASIN. Quaternary International, 364, 54-64. Gonz\u00e1lez Amuchastegui, M. J., Serrano, E. 2015. LATE-PLEISTOCENE AND HOLOCENE TUFA COMPLEX AND GEOMORPHOLOGICAL EVOLUTION IN UPPER EBRO BASIN (NORTHERN SPAIN).\u2026","rel":"","context":"Entrada similar","img":{"alt_text":"","src":"","width":0,"height":0},"classes":[]},{"id":2061,"url":"https:\/\/albergueweb1.uva.es\/gir_pangea\/?page_id=2061","url_meta":{"origin":29,"position":3},"title":"Francisco Javier Le\u00f3n Miranda","date":"25 septiembre, 2024","format":false,"excerpt":"CV_JavierLeon24Descarga Francisco Javier Le\u00f3n Miranda es licenciado en Geograf\u00eda por la Universidad de Alicante,pose\u00e9 el CAP (Curso de Aptitud Pedag\u00f3gica para ejercer como docente), adem\u00e1s tiene un m\u00e1ster enGesti\u00f3n del Patrimonio y otro en Tecnolog\u00edas de la Informaci\u00f3n Geogr\u00e1fica para la Ordenaci\u00f3n delTerritorio: SIG y Teledetecci\u00f3n. Realiz\u00f3 su doctorado con\u2026","rel":"","context":"Entrada similar","img":{"alt_text":"","src":"https:\/\/i0.wp.com\/albergueweb1.uva.es\/gir_pangea\/wp-content\/uploads\/2024\/09\/image.png?resize=350%2C200&ssl=1","width":350,"height":200},"classes":[]},{"id":971,"url":"https:\/\/albergueweb1.uva.es\/gir_pangea\/?page_id=971","url_meta":{"origin":29,"position":4},"title":"Publicaciones 2012","date":"28 enero, 2016","format":false,"excerpt":"A\u00f1o 2012. Publicaciones internacionales. Serrano, E., Gonz\u00e1lez-Trueba, J.J., Gonz\u00e1lez-Garc\u00eda, M., 2012. MOUNTAIN GLACIATION AND PALEOCLIMATE RECONSTRUCTION IN THE PICOS DE EUROPA (IBERIAN PENINSULA, SW EUROPE). Quaternary Research, doi.org\/10.1016 \/j.yqres.2012.016. M. Morell\u00f3n, A. P\u00e9rez-Sanz, J. P. Corella, U. Buntgen, J. Catalan, P. Gonzalez-Samperiz, J. J. Gonzalez-Trueba, J. A. Lopez-Saez, A. Moreno,\u2026","rel":"","context":"Entrada similar","img":{"alt_text":"","src":"","width":0,"height":0},"classes":[]},{"id":1502,"url":"https:\/\/albergueweb1.uva.es\/gir_pangea\/?page_id=1502","url_meta":{"origin":29,"position":5},"title":"Publicaciones 2018","date":"27 noviembre, 2019","format":false,"excerpt":"Serrano E, Oliva M, Gonzalez-Garcia M, Lopez-Moreno JI, Gonzalez-Trueba JJ, Martin-Moreno R, Gomez-Lende M, Martin-Diaz J, Nofre J, Palma P.(2018). Post-little ice age paraglacial processes and landforms in the high Iberian mountains: a review. Land Degradation and Development, 29 (11) :4186-4208. DOI: 101002\/ldr3171Serrano, E., J.J. Sanjose, A.Gomez-Gutierrez, M. Gomez-Lende (2018).\u2026","rel":"","context":"Entrada similar","img":{"alt_text":"","src":"","width":0,"height":0},"classes":[]}],"_links":{"self":[{"href":"https:\/\/albergueweb1.uva.es\/gir_pangea\/index.php?rest_route=\/wp\/v2\/pages\/29"}],"collection":[{"href":"https:\/\/albergueweb1.uva.es\/gir_pangea\/index.php?rest_route=\/wp\/v2\/pages"}],"about":[{"href":"https:\/\/albergueweb1.uva.es\/gir_pangea\/index.php?rest_route=\/wp\/v2\/types\/page"}],"author":[{"embeddable":true,"href":"https:\/\/albergueweb1.uva.es\/gir_pangea\/index.php?rest_route=\/wp\/v2\/users\/1"}],"replies":[{"embeddable":true,"href":"https:\/\/albergueweb1.uva.es\/gir_pangea\/index.php?rest_route=%2Fwp%2Fv2%2Fcomments&post=29"}],"version-history":[{"count":56,"href":"https:\/\/albergueweb1.uva.es\/gir_pangea\/index.php?rest_route=\/wp\/v2\/pages\/29\/revisions"}],"predecessor-version":[{"id":1555,"href":"https:\/\/albergueweb1.uva.es\/gir_pangea\/index.php?rest_route=\/wp\/v2\/pages\/29\/revisions\/1555"}],"wp:featuredmedia":[{"embeddable":true,"href":"https:\/\/albergueweb1.uva.es\/gir_pangea\/index.php?rest_route=\/wp\/v2\/media\/545"}],"wp:attachment":[{"href":"https:\/\/albergueweb1.uva.es\/gir_pangea\/index.php?rest_route=%2Fwp%2Fv2%2Fmedia&parent=29"}],"curies":[{"name":"wp","href":"https:\/\/api.w.org\/{rel}","templated":true}]}}