{"id":290,"date":"2012-01-12T19:12:47","date_gmt":"2012-01-12T19:12:47","guid":{"rendered":"http:\/\/www5.uva.es\/gir_pangea\/?page_id=290"},"modified":"2025-06-13T08:46:23","modified_gmt":"2025-06-13T08:46:23","slug":"jose-juan-sanjose-blasco","status":"publish","type":"page","link":"https:\/\/albergueweb1.uva.es\/gir_pangea\/?page_id=290","title":{"rendered":"Jos\u00e9 Juan Sanjos\u00e9 Blasco"},"content":{"rendered":"<div id=\"fotocolumna\">\n<blockquote>\n<p><a href=\"https:\/\/i0.wp.com\/www5.uva.es\/gir_pangea\/wp-content\/uploads\/2012\/01\/JoseJuan.jpg\"><img data-attachment-id=\"752\" data-permalink=\"https:\/\/albergueweb1.uva.es\/gir_pangea\/?attachment_id=752\" data-orig-file=\"https:\/\/i0.wp.com\/albergueweb1.uva.es\/gir_pangea\/wp-content\/uploads\/2012\/01\/JoseJuan.jpg?fit=336%2C448&amp;ssl=1\" data-orig-size=\"336,448\" data-comments-opened=\"0\" data-image-meta=\"{&quot;aperture&quot;:&quot;0&quot;,&quot;credit&quot;:&quot;&quot;,&quot;camera&quot;:&quot;&quot;,&quot;caption&quot;:&quot;&quot;,&quot;created_timestamp&quot;:&quot;0&quot;,&quot;copyright&quot;:&quot;&quot;,&quot;focal_length&quot;:&quot;0&quot;,&quot;iso&quot;:&quot;0&quot;,&quot;shutter_speed&quot;:&quot;0&quot;,&quot;title&quot;:&quot;&quot;}\" data-image-title=\"JoseJuan\" data-image-description=\"\" data-image-caption=\"\" data-medium-file=\"https:\/\/i0.wp.com\/albergueweb1.uva.es\/gir_pangea\/wp-content\/uploads\/2012\/01\/JoseJuan.jpg?fit=224%2C300&amp;ssl=1\" data-large-file=\"https:\/\/i0.wp.com\/albergueweb1.uva.es\/gir_pangea\/wp-content\/uploads\/2012\/01\/JoseJuan.jpg?fit=336%2C448&amp;ssl=1\" loading=\"lazy\" class=\"size-full wp-image-752 alignleft\" title=\"JoseJuan\" src=\"https:\/\/i0.wp.com\/www5.uva.es\/gir_pangea\/wp-content\/uploads\/2012\/01\/JoseJuan.jpg?resize=336%2C448\" alt=\"\" width=\"336\" height=\"448\" srcset=\"https:\/\/i0.wp.com\/albergueweb1.uva.es\/gir_pangea\/wp-content\/uploads\/2012\/01\/JoseJuan.jpg?w=336&amp;ssl=1 336w, https:\/\/i0.wp.com\/albergueweb1.uva.es\/gir_pangea\/wp-content\/uploads\/2012\/01\/JoseJuan.jpg?resize=224%2C300&amp;ssl=1 224w\" sizes=\"(max-width: 336px) 100vw, 336px\" data-recalc-dims=\"1\" \/><\/a><\/p>\n<\/blockquote>\n<p><a href=\"http:\/\/www5.uva.es\/gir_pangea\/?page_id=10\"><img src=\"wp-content\/uploads\/2011\/11\/volver2.jpg\" alt=\"\" width=\"120\" \/><\/a><\/p>\n<\/div>\n<div id=\"datacolumna\" style=\"text-align: center;\">Profesor Titular, Geodesia y Cartograf\u00eda.<br \/>Departamento Expresi\u00f3n Gr\u00e1fica.<br \/>Universidad de Extremadura.<br \/>Escuela Polit\u00e9cnica de C\u00e1ceres.<br \/>Direcci\u00f3n: Av. Universidad s\/n 10.071 C\u00e1ceres<br \/>Email: <a href=\"mailto:jjblasco@unex.es\">jjblasco@unex.es<\/a><br \/>Telefono: 927 257182\n<p>\u00a0<\/p>\n<\/div>\n\n<div class=\"wp-block-image\">\n<figure class=\"alignleft size-large is-resized\"><a href=\"https:\/\/orcid.org\/0000-0002-2928-3150\"><img data-attachment-id=\"1957\" data-permalink=\"https:\/\/albergueweb1.uva.es\/gir_pangea\/?attachment_id=1957\" data-orig-file=\"https:\/\/i0.wp.com\/albergueweb1.uva.es\/gir_pangea\/wp-content\/uploads\/2023\/03\/ORCID_iD.svg_.png?fit=2048%2C2048&amp;ssl=1\" data-orig-size=\"2048,2048\" data-comments-opened=\"0\" data-image-meta=\"{&quot;aperture&quot;:&quot;0&quot;,&quot;credit&quot;:&quot;&quot;,&quot;camera&quot;:&quot;&quot;,&quot;caption&quot;:&quot;&quot;,&quot;created_timestamp&quot;:&quot;0&quot;,&quot;copyright&quot;:&quot;&quot;,&quot;focal_length&quot;:&quot;0&quot;,&quot;iso&quot;:&quot;0&quot;,&quot;shutter_speed&quot;:&quot;0&quot;,&quot;title&quot;:&quot;&quot;,&quot;orientation&quot;:&quot;0&quot;}\" data-image-title=\"ORCID_iD.svg_\" data-image-description=\"\" data-image-caption=\"\" data-medium-file=\"https:\/\/i0.wp.com\/albergueweb1.uva.es\/gir_pangea\/wp-content\/uploads\/2023\/03\/ORCID_iD.svg_.png?fit=300%2C300&amp;ssl=1\" data-large-file=\"https:\/\/i0.wp.com\/albergueweb1.uva.es\/gir_pangea\/wp-content\/uploads\/2023\/03\/ORCID_iD.svg_.png?fit=640%2C640&amp;ssl=1\" loading=\"lazy\" src=\"https:\/\/i0.wp.com\/albergueweb1.uva.es\/gir_pangea\/wp-content\/uploads\/2023\/03\/ORCID_iD.svg_-1024x1024.png?resize=31%2C31&#038;ssl=1\" alt=\"\" class=\"wp-image-1957\" width=\"31\" height=\"31\" srcset=\"https:\/\/i0.wp.com\/albergueweb1.uva.es\/gir_pangea\/wp-content\/uploads\/2023\/03\/ORCID_iD.svg_.png?resize=1024%2C1024&amp;ssl=1 1024w, https:\/\/i0.wp.com\/albergueweb1.uva.es\/gir_pangea\/wp-content\/uploads\/2023\/03\/ORCID_iD.svg_.png?resize=300%2C300&amp;ssl=1 300w, https:\/\/i0.wp.com\/albergueweb1.uva.es\/gir_pangea\/wp-content\/uploads\/2023\/03\/ORCID_iD.svg_.png?resize=150%2C150&amp;ssl=1 150w, https:\/\/i0.wp.com\/albergueweb1.uva.es\/gir_pangea\/wp-content\/uploads\/2023\/03\/ORCID_iD.svg_.png?resize=768%2C768&amp;ssl=1 768w, https:\/\/i0.wp.com\/albergueweb1.uva.es\/gir_pangea\/wp-content\/uploads\/2023\/03\/ORCID_iD.svg_.png?resize=1536%2C1536&amp;ssl=1 1536w, https:\/\/i0.wp.com\/albergueweb1.uva.es\/gir_pangea\/wp-content\/uploads\/2023\/03\/ORCID_iD.svg_.png?resize=400%2C400&amp;ssl=1 400w, https:\/\/i0.wp.com\/albergueweb1.uva.es\/gir_pangea\/wp-content\/uploads\/2023\/03\/ORCID_iD.svg_.png?w=2048&amp;ssl=1 2048w, https:\/\/i0.wp.com\/albergueweb1.uva.es\/gir_pangea\/wp-content\/uploads\/2023\/03\/ORCID_iD.svg_.png?w=1280 1280w, https:\/\/i0.wp.com\/albergueweb1.uva.es\/gir_pangea\/wp-content\/uploads\/2023\/03\/ORCID_iD.svg_.png?w=1920 1920w\" sizes=\"(max-width: 31px) 100vw, 31px\" data-recalc-dims=\"1\" \/><\/a><figcaption><strong>Perfil ORCID<\/strong><\/figcaption><\/figure><\/div>\n\n\n\n\n\n\n<div class=\"wp-block-file\"><object class=\"wp-block-file__embed\" data=\"https:\/\/albergueweb1.uva.es\/gir_pangea\/wp-content\/uploads\/2025\/06\/CVN_Jose-Juan_2023_Julio.pdf\" type=\"application\/pdf\" style=\"width:100%;height:600px\" aria-label=\"Incrustado de CVN_Jose-Juan_2023_Julio.\"><\/object><a id=\"wp-block-file--media-84a5501c-f0cf-4d6b-9b70-693a211b49d1\" href=\"https:\/\/albergueweb1.uva.es\/gir_pangea\/wp-content\/uploads\/2025\/06\/CVN_Jose-Juan_2023_Julio.pdf\">CVN_Jose-Juan_2023_Julio<\/a><a href=\"https:\/\/albergueweb1.uva.es\/gir_pangea\/wp-content\/uploads\/2025\/06\/CVN_Jose-Juan_2023_Julio.pdf\" class=\"wp-block-file__button\" download aria-describedby=\"wp-block-file--media-84a5501c-f0cf-4d6b-9b70-693a211b49d1\">Descarga<\/a><\/div>\n","protected":false},"excerpt":{"rendered":"<p>Profesor Titular, Geodesia y Cartograf\u00eda.Departamento Expresi\u00f3n Gr\u00e1fica.Universidad de Extremadura.Escuela Polit\u00e9cnica de C\u00e1ceres.Direcci\u00f3n: Av. Universidad s\/n 10.071 C\u00e1ceresEmail: jjblasco@unex.esTelefono: 927 257182 \u00a0<\/p>\n","protected":false},"author":1,"featured_media":0,"parent":0,"menu_order":17,"comment_status":"closed","ping_status":"open","template":"twocolumn-page.php","meta":{"jetpack_post_was_ever_published":false},"jetpack_sharing_enabled":true,"jetpack_shortlink":"https:\/\/wp.me\/P79crb-4G","jetpack-related-posts":[],"_links":{"self":[{"href":"https:\/\/albergueweb1.uva.es\/gir_pangea\/index.php?rest_route=\/wp\/v2\/pages\/290"}],"collection":[{"href":"https:\/\/albergueweb1.uva.es\/gir_pangea\/index.php?rest_route=\/wp\/v2\/pages"}],"about":[{"href":"https:\/\/albergueweb1.uva.es\/gir_pangea\/index.php?rest_route=\/wp\/v2\/types\/page"}],"author":[{"embeddable":true,"href":"https:\/\/albergueweb1.uva.es\/gir_pangea\/index.php?rest_route=\/wp\/v2\/users\/1"}],"replies":[{"embeddable":true,"href":"https:\/\/albergueweb1.uva.es\/gir_pangea\/index.php?rest_route=%2Fwp%2Fv2%2Fcomments&post=290"}],"version-history":[{"count":12,"href":"https:\/\/albergueweb1.uva.es\/gir_pangea\/index.php?rest_route=\/wp\/v2\/pages\/290\/revisions"}],"predecessor-version":[{"id":2096,"href":"https:\/\/albergueweb1.uva.es\/gir_pangea\/index.php?rest_route=\/wp\/v2\/pages\/290\/revisions\/2096"}],"wp:attachment":[{"href":"https:\/\/albergueweb1.uva.es\/gir_pangea\/index.php?rest_route=%2Fwp%2Fv2%2Fmedia&parent=290"}],"curies":[{"name":"wp","href":"https:\/\/api.w.org\/{rel}","templated":true}]}}