{"id":322,"date":"2012-01-13T09:56:13","date_gmt":"2012-01-13T09:56:13","guid":{"rendered":"http:\/\/www5.uva.es\/gir_pangea\/?page_id=322"},"modified":"2015-02-12T17:46:30","modified_gmt":"2015-02-12T17:46:30","slug":"ibai-rico-lozano","status":"publish","type":"page","link":"https:\/\/albergueweb1.uva.es\/gir_pangea\/?page_id=322","title":{"rendered":"Ibai Rico Lozano"},"content":{"rendered":"<div id=\"fotocolumna\"><a href=\"https:\/\/i0.wp.com\/www5.uva.es\/gir_pangea\/wp-content\/uploads\/2012\/01\/Ibai.jpg\"><img data-attachment-id=\"762\" data-permalink=\"https:\/\/albergueweb1.uva.es\/gir_pangea\/?attachment_id=762\" data-orig-file=\"https:\/\/i0.wp.com\/albergueweb1.uva.es\/gir_pangea\/wp-content\/uploads\/2012\/01\/Ibai.jpg?fit=448%2C318&amp;ssl=1\" data-orig-size=\"448,318\" data-comments-opened=\"0\" data-image-meta=\"{&quot;aperture&quot;:&quot;4&quot;,&quot;credit&quot;:&quot;&quot;,&quot;camera&quot;:&quot;DMC-TZ8&quot;,&quot;caption&quot;:&quot;&quot;,&quot;created_timestamp&quot;:&quot;1272550249&quot;,&quot;copyright&quot;:&quot;&quot;,&quot;focal_length&quot;:&quot;4.1&quot;,&quot;iso&quot;:&quot;80&quot;,&quot;shutter_speed&quot;:&quot;0.008&quot;,&quot;title&quot;:&quot;&quot;}\" data-image-title=\"Ibai\" data-image-description=\"\" data-image-caption=\"\" data-medium-file=\"https:\/\/i0.wp.com\/albergueweb1.uva.es\/gir_pangea\/wp-content\/uploads\/2012\/01\/Ibai.jpg?fit=300%2C212&amp;ssl=1\" data-large-file=\"https:\/\/i0.wp.com\/albergueweb1.uva.es\/gir_pangea\/wp-content\/uploads\/2012\/01\/Ibai.jpg?fit=448%2C318&amp;ssl=1\" loading=\"lazy\" class=\"alignleft size-medium wp-image-762\" title=\"Ibai\" src=\"https:\/\/i0.wp.com\/www5.uva.es\/gir_pangea\/wp-content\/uploads\/2012\/01\/Ibai-300x212.jpg?resize=300%2C212\" alt=\"\" width=\"300\" height=\"212\" srcset=\"https:\/\/i0.wp.com\/albergueweb1.uva.es\/gir_pangea\/wp-content\/uploads\/2012\/01\/Ibai.jpg?resize=300%2C212&amp;ssl=1 300w, https:\/\/i0.wp.com\/albergueweb1.uva.es\/gir_pangea\/wp-content\/uploads\/2012\/01\/Ibai.jpg?w=448&amp;ssl=1 448w\" sizes=\"(max-width: 300px) 100vw, 300px\" data-recalc-dims=\"1\" \/><\/a><\/div>\n<div id=\"datacolumna\">\n<p>&nbsp;<\/p>\n<p>&nbsp;<\/p>\n<p>&nbsp;<\/p>\n<p>&nbsp;<\/p>\n<p>&nbsp;<\/p>\n<p>Investigador predoctoral.<br \/>\nDepartamento de Geograf\u00eda, Prehistoria y Arqueolog\u00eda.<br \/>\nUniversidad del Pa\u00eds Vasco \/E.H.U.<br \/>\nDirecci\u00f3n: C\/ Tom\u00e1s y Valiente s\/n 01006 Vitoria-Gasteiz<br \/>\nEmail: <a href=\"mailto:ibai.rico@ehu.es\">ibai.rico@ehu.es<\/a><br \/>\nTelefono: 945 01 43 18<\/p>\n<p>Ver CV <a href=\"wp-content\/uploads\/curriculums\/cvIbai.pdf\"><img src=\"wp-content\/uploads\/2011\/11\/pdf2.jpg\" alt=\"Descargar cv\" width=\"25\" \/><\/a><\/p>\n<\/div>\n<p><a href=\"http:\/\/www5.uva.es\/gir_pangea\/?page_id=10\"><img src=\"wp-content\/uploads\/2011\/11\/volver2.jpg\" alt=\"\" width=\"120\" \/><\/a><\/p>\n","protected":false},"excerpt":{"rendered":"<p>&nbsp; &nbsp; &nbsp; &nbsp; &nbsp; Investigador predoctoral. Departamento de Geograf\u00eda, Prehistoria y Arqueolog\u00eda. Universidad del Pa\u00eds Vasco \/E.H.U. Direcci\u00f3n: C\/ Tom\u00e1s y Valiente s\/n 01006 Vitoria-Gasteiz Email: ibai.rico@ehu.es Telefono: 945 01 43 18 Ver CV<\/p>\n","protected":false},"author":1,"featured_media":0,"parent":0,"menu_order":20,"comment_status":"closed","ping_status":"open","template":"twocolumn-page.php","meta":{"jetpack_post_was_ever_published":false},"jetpack_sharing_enabled":true,"jetpack_shortlink":"https:\/\/wp.me\/P79crb-5c","jetpack-related-posts":[],"_links":{"self":[{"href":"https:\/\/albergueweb1.uva.es\/gir_pangea\/index.php?rest_route=\/wp\/v2\/pages\/322"}],"collection":[{"href":"https:\/\/albergueweb1.uva.es\/gir_pangea\/index.php?rest_route=\/wp\/v2\/pages"}],"about":[{"href":"https:\/\/albergueweb1.uva.es\/gir_pangea\/index.php?rest_route=\/wp\/v2\/types\/page"}],"author":[{"embeddable":true,"href":"https:\/\/albergueweb1.uva.es\/gir_pangea\/index.php?rest_route=\/wp\/v2\/users\/1"}],"replies":[{"embeddable":true,"href":"https:\/\/albergueweb1.uva.es\/gir_pangea\/index.php?rest_route=%2Fwp%2Fv2%2Fcomments&post=322"}],"version-history":[{"count":9,"href":"https:\/\/albergueweb1.uva.es\/gir_pangea\/index.php?rest_route=\/wp\/v2\/pages\/322\/revisions"}],"predecessor-version":[{"id":761,"href":"https:\/\/albergueweb1.uva.es\/gir_pangea\/index.php?rest_route=\/wp\/v2\/pages\/322\/revisions\/761"}],"wp:attachment":[{"href":"https:\/\/albergueweb1.uva.es\/gir_pangea\/index.php?rest_route=%2Fwp%2Fv2%2Fmedia&parent=322"}],"curies":[{"name":"wp","href":"https:\/\/api.w.org\/{rel}","templated":true}]}}