{"id":373,"date":"2012-01-16T11:41:58","date_gmt":"2012-01-16T11:41:58","guid":{"rendered":"http:\/\/www5.uva.es\/gir_pangea\/?page_id=373"},"modified":"2023-03-22T12:50:49","modified_gmt":"2023-03-22T12:50:49","slug":"luis-carlos-martinez-fernandez","status":"publish","type":"page","link":"https:\/\/albergueweb1.uva.es\/gir_pangea\/?page_id=373","title":{"rendered":"Luis Carlos Martinez Fern\u00e1ndez"},"content":{"rendered":"<div id=\"fotocolumna\"><\/div>\n<div id=\"datacolumna\" style=\"text-align: left;\">Profesor Titular de An\u00e1lisis Geogr\u00e1fico Regional\nDepartamento de Geograf\u00eda.\nUniversidad de Valladolid.\nFacultad de Filosof\u00eda y Letras.\nDirecci\u00f3n: P\u00ba del Prado de la Magdalena s\/n 47011 Valladolid\nEmail: <a href=\"mailto:luiscar@fyl.uva.es\">luiscar@fyl.uva.es<\/a><\/div>\n<div style=\"text-align: left;\"><\/div>\n<div>\n<figure class=\"wp-block-image alignleft size-large is-resized\"><a href=\"https:\/\/orcid.org\/0000-0002-3116-1750\"><img data-attachment-id=\"1957\" data-permalink=\"https:\/\/albergueweb1.uva.es\/gir_pangea\/?attachment_id=1957\" data-orig-file=\"https:\/\/i0.wp.com\/albergueweb1.uva.es\/gir_pangea\/wp-content\/uploads\/2023\/03\/ORCID_iD.svg_.png?fit=2048%2C2048&amp;ssl=1\" data-orig-size=\"2048,2048\" data-comments-opened=\"0\" data-image-meta=\"{&quot;aperture&quot;:&quot;0&quot;,&quot;credit&quot;:&quot;&quot;,&quot;camera&quot;:&quot;&quot;,&quot;caption&quot;:&quot;&quot;,&quot;created_timestamp&quot;:&quot;0&quot;,&quot;copyright&quot;:&quot;&quot;,&quot;focal_length&quot;:&quot;0&quot;,&quot;iso&quot;:&quot;0&quot;,&quot;shutter_speed&quot;:&quot;0&quot;,&quot;title&quot;:&quot;&quot;,&quot;orientation&quot;:&quot;0&quot;}\" data-image-title=\"ORCID_iD.svg_\" data-image-description=\"\" data-image-caption=\"\" data-medium-file=\"https:\/\/i0.wp.com\/albergueweb1.uva.es\/gir_pangea\/wp-content\/uploads\/2023\/03\/ORCID_iD.svg_.png?fit=300%2C300&amp;ssl=1\" data-large-file=\"https:\/\/i0.wp.com\/albergueweb1.uva.es\/gir_pangea\/wp-content\/uploads\/2023\/03\/ORCID_iD.svg_.png?fit=640%2C640&amp;ssl=1\" loading=\"lazy\" class=\"wp-image-1957\" src=\"https:\/\/i0.wp.com\/albergueweb1.uva.es\/gir_pangea\/wp-content\/uploads\/2023\/03\/ORCID_iD.svg_-1024x1024.png?resize=31%2C31&#038;ssl=1\" alt=\"\" width=\"31\" height=\"31\" srcset=\"https:\/\/i0.wp.com\/albergueweb1.uva.es\/gir_pangea\/wp-content\/uploads\/2023\/03\/ORCID_iD.svg_.png?resize=1024%2C1024&amp;ssl=1 1024w, https:\/\/i0.wp.com\/albergueweb1.uva.es\/gir_pangea\/wp-content\/uploads\/2023\/03\/ORCID_iD.svg_.png?resize=300%2C300&amp;ssl=1 300w, https:\/\/i0.wp.com\/albergueweb1.uva.es\/gir_pangea\/wp-content\/uploads\/2023\/03\/ORCID_iD.svg_.png?resize=150%2C150&amp;ssl=1 150w, https:\/\/i0.wp.com\/albergueweb1.uva.es\/gir_pangea\/wp-content\/uploads\/2023\/03\/ORCID_iD.svg_.png?resize=768%2C768&amp;ssl=1 768w, https:\/\/i0.wp.com\/albergueweb1.uva.es\/gir_pangea\/wp-content\/uploads\/2023\/03\/ORCID_iD.svg_.png?resize=1536%2C1536&amp;ssl=1 1536w, https:\/\/i0.wp.com\/albergueweb1.uva.es\/gir_pangea\/wp-content\/uploads\/2023\/03\/ORCID_iD.svg_.png?resize=400%2C400&amp;ssl=1 400w, https:\/\/i0.wp.com\/albergueweb1.uva.es\/gir_pangea\/wp-content\/uploads\/2023\/03\/ORCID_iD.svg_.png?w=2048&amp;ssl=1 2048w, https:\/\/i0.wp.com\/albergueweb1.uva.es\/gir_pangea\/wp-content\/uploads\/2023\/03\/ORCID_iD.svg_.png?w=1280 1280w, https:\/\/i0.wp.com\/albergueweb1.uva.es\/gir_pangea\/wp-content\/uploads\/2023\/03\/ORCID_iD.svg_.png?w=1920 1920w\" sizes=\"(max-width: 31px) 100vw, 31px\" data-recalc-dims=\"1\" \/><\/a>\n<figcaption><strong>Perfil ORCID<\/strong><\/figcaption><\/figure>\n \n<figure class=\"wp-block-image alignleft size-large is-resized\"><a href=\"https:\/\/www.researchgate.net\/profile\/Luis-Carlos-Fernandez\"><img data-attachment-id=\"1958\" data-permalink=\"https:\/\/albergueweb1.uva.es\/gir_pangea\/?attachment_id=1958\" data-orig-file=\"https:\/\/i0.wp.com\/albergueweb1.uva.es\/gir_pangea\/wp-content\/uploads\/2023\/03\/1200px-ResearchGate_icon_SVG.svg_.png?fit=1200%2C1200&amp;ssl=1\" data-orig-size=\"1200,1200\" data-comments-opened=\"0\" data-image-meta=\"{&quot;aperture&quot;:&quot;0&quot;,&quot;credit&quot;:&quot;&quot;,&quot;camera&quot;:&quot;&quot;,&quot;caption&quot;:&quot;&quot;,&quot;created_timestamp&quot;:&quot;0&quot;,&quot;copyright&quot;:&quot;&quot;,&quot;focal_length&quot;:&quot;0&quot;,&quot;iso&quot;:&quot;0&quot;,&quot;shutter_speed&quot;:&quot;0&quot;,&quot;title&quot;:&quot;&quot;,&quot;orientation&quot;:&quot;0&quot;}\" data-image-title=\"1200px-ResearchGate_icon_SVG.svg_\" data-image-description=\"\" data-image-caption=\"\" data-medium-file=\"https:\/\/i0.wp.com\/albergueweb1.uva.es\/gir_pangea\/wp-content\/uploads\/2023\/03\/1200px-ResearchGate_icon_SVG.svg_.png?fit=300%2C300&amp;ssl=1\" data-large-file=\"https:\/\/i0.wp.com\/albergueweb1.uva.es\/gir_pangea\/wp-content\/uploads\/2023\/03\/1200px-ResearchGate_icon_SVG.svg_.png?fit=640%2C640&amp;ssl=1\" loading=\"lazy\" class=\"wp-image-1958\" src=\"https:\/\/i0.wp.com\/albergueweb1.uva.es\/gir_pangea\/wp-content\/uploads\/2023\/03\/1200px-ResearchGate_icon_SVG.svg_-1024x1024.png?resize=33%2C33&#038;ssl=1\" alt=\"\" width=\"33\" height=\"33\" srcset=\"https:\/\/i0.wp.com\/albergueweb1.uva.es\/gir_pangea\/wp-content\/uploads\/2023\/03\/1200px-ResearchGate_icon_SVG.svg_.png?resize=1024%2C1024&amp;ssl=1 1024w, https:\/\/i0.wp.com\/albergueweb1.uva.es\/gir_pangea\/wp-content\/uploads\/2023\/03\/1200px-ResearchGate_icon_SVG.svg_.png?resize=300%2C300&amp;ssl=1 300w, https:\/\/i0.wp.com\/albergueweb1.uva.es\/gir_pangea\/wp-content\/uploads\/2023\/03\/1200px-ResearchGate_icon_SVG.svg_.png?resize=150%2C150&amp;ssl=1 150w, https:\/\/i0.wp.com\/albergueweb1.uva.es\/gir_pangea\/wp-content\/uploads\/2023\/03\/1200px-ResearchGate_icon_SVG.svg_.png?resize=768%2C768&amp;ssl=1 768w, https:\/\/i0.wp.com\/albergueweb1.uva.es\/gir_pangea\/wp-content\/uploads\/2023\/03\/1200px-ResearchGate_icon_SVG.svg_.png?resize=400%2C400&amp;ssl=1 400w, https:\/\/i0.wp.com\/albergueweb1.uva.es\/gir_pangea\/wp-content\/uploads\/2023\/03\/1200px-ResearchGate_icon_SVG.svg_.png?w=1200&amp;ssl=1 1200w\" sizes=\"(max-width: 33px) 100vw, 33px\" data-recalc-dims=\"1\" \/><\/a>\n<figcaption><strong>Perfil ResearchGate<\/strong><\/figcaption><\/figure>\n \n\n \n\n<\/div>\n<div><\/div>\n<div><a href=\"https:\/\/i0.wp.com\/www5.uva.es\/gir_pangea\/wp-content\/uploads\/2012\/01\/IMG_8503.jpg\"><img data-attachment-id=\"1149\" data-permalink=\"https:\/\/albergueweb1.uva.es\/gir_pangea\/?attachment_id=1149\" data-orig-file=\"https:\/\/i0.wp.com\/albergueweb1.uva.es\/gir_pangea\/wp-content\/uploads\/2012\/01\/IMG_8503.jpg?fit=801%2C801&amp;ssl=1\" data-orig-size=\"801,801\" data-comments-opened=\"0\" data-image-meta=\"{&quot;aperture&quot;:&quot;0&quot;,&quot;credit&quot;:&quot;&quot;,&quot;camera&quot;:&quot;&quot;,&quot;caption&quot;:&quot;&quot;,&quot;created_timestamp&quot;:&quot;0&quot;,&quot;copyright&quot;:&quot;&quot;,&quot;focal_length&quot;:&quot;0&quot;,&quot;iso&quot;:&quot;0&quot;,&quot;shutter_speed&quot;:&quot;0&quot;,&quot;title&quot;:&quot;&quot;,&quot;orientation&quot;:&quot;1&quot;}\" data-image-title=\"IMG_8503\" data-image-description=\"\" data-image-caption=\"\" data-medium-file=\"https:\/\/i0.wp.com\/albergueweb1.uva.es\/gir_pangea\/wp-content\/uploads\/2012\/01\/IMG_8503.jpg?fit=300%2C300&amp;ssl=1\" data-large-file=\"https:\/\/i0.wp.com\/albergueweb1.uva.es\/gir_pangea\/wp-content\/uploads\/2012\/01\/IMG_8503.jpg?fit=640%2C640&amp;ssl=1\" loading=\"lazy\" class=\"size-medium wp-image-1149 alignnone\" src=\"https:\/\/i0.wp.com\/www5.uva.es\/gir_pangea\/wp-content\/uploads\/2012\/01\/IMG_8503-300x300.jpg?resize=300%2C300\" alt=\"\" width=\"300\" height=\"300\" srcset=\"https:\/\/i0.wp.com\/albergueweb1.uva.es\/gir_pangea\/wp-content\/uploads\/2012\/01\/IMG_8503.jpg?resize=300%2C300&amp;ssl=1 300w, https:\/\/i0.wp.com\/albergueweb1.uva.es\/gir_pangea\/wp-content\/uploads\/2012\/01\/IMG_8503.jpg?resize=150%2C150&amp;ssl=1 150w, https:\/\/i0.wp.com\/albergueweb1.uva.es\/gir_pangea\/wp-content\/uploads\/2012\/01\/IMG_8503.jpg?resize=768%2C768&amp;ssl=1 768w, https:\/\/i0.wp.com\/albergueweb1.uva.es\/gir_pangea\/wp-content\/uploads\/2012\/01\/IMG_8503.jpg?w=801&amp;ssl=1 801w\" sizes=\"(max-width: 300px) 100vw, 300px\" data-recalc-dims=\"1\" \/><\/a><\/div>","protected":false},"excerpt":{"rendered":"<p>Profesor Titular de An\u00e1lisis Geogr\u00e1fico Regional Departamento de Geograf\u00eda. Universidad de Valladolid. Facultad de Filosof\u00eda y Letras. Direcci\u00f3n: P\u00ba del Prado de la Magdalena s\/n 47011 Valladolid Email: luiscar@fyl.uva.es<\/p>\n","protected":false},"author":1,"featured_media":0,"parent":0,"menu_order":19,"comment_status":"closed","ping_status":"open","template":"","meta":{"jetpack_post_was_ever_published":false},"jetpack_sharing_enabled":true,"jetpack_shortlink":"https:\/\/wp.me\/P79crb-61","jetpack-related-posts":[{"id":235,"url":"https:\/\/albergueweb1.uva.es\/gir_pangea\/?page_id=235","url_meta":{"origin":373,"position":0},"title":"Jos\u00e9 Mar\u00eda Delgado Urrecho","date":"11 enero, 2012","format":false,"excerpt":"Profesor Titular, Geograf\u00eda Humana. Departamento de Geograf\u00eda. Universidad de Valladolid. Facultad de Filosof\u00eda y Letras. Direcci\u00f3n: P\u00ba del Prado de la Magdalena s\/n 47011 Valladolid Email: jose@fyl.uva.es Telefono: 983 423000 ext. 6572\u00a0","rel":"","context":"Entrada similar","img":{"alt_text":"","src":"","width":0,"height":0},"classes":[]},{"id":157,"url":"https:\/\/albergueweb1.uva.es\/gir_pangea\/?page_id=157","url_meta":{"origin":373,"position":1},"title":"Enrique Serrano Ca\u00f1adas","date":"30 diciembre, 2011","format":false,"excerpt":"Catedr\u00e1tico de Geograf\u00eda F\u00edsica.Departamento de Geograf\u00eda.Universidad de Valladolid.Facultad de Filosof\u00eda y Letras.Direcci\u00f3n: P\u00ba del Prado de la Magdalena s\/n 47011 ValladolidEmail: e.serrano@uva.esTelefono: 983 423000 ext. 6589 \u00a0 \u00a0 ESC-CV-2025-Abreviado-Ingl.Descarga Perfil ORCID Perfil ResearchGate \u00a0 \u00a0 \u00a0 \u00a0","rel":"","context":"Entrada similar","img":{"alt_text":"","src":"https:\/\/i0.wp.com\/albergueweb1.uva.es\/gir_pangea\/wp-content\/uploads\/2023\/03\/ORCID_iD.svg_.png?resize=350%2C200&ssl=1","width":350,"height":200},"classes":[]},{"id":1805,"url":"https:\/\/albergueweb1.uva.es\/gir_pangea\/?page_id=1805","url_meta":{"origin":373,"position":2},"title":"Rosa Mar\u00eda Ruiz Pedrosa","date":"30 septiembre, 2021","format":false,"excerpt":"Contratada Predoctoral Perfil ORCID Perfil ResearchGate Graduada en Geograf\u00eda y Ordenaci\u00f3n del Territorio por la Universidad de Valladolid en 2019, mi trayectoria universitaria ha destacado por la implicaci\u00f3n en la Geograf\u00eda y en mi Departamento. Ejerc\u00ed como tesorera durante varios a\u00f1os en la Asociaci\u00f3n de J\u00f3venes Ge\u00f3grafos de Valladolid (GEOLID).\u2026","rel":"","context":"Entrada similar","img":{"alt_text":"","src":"https:\/\/i0.wp.com\/albergueweb1.uva.es\/gir_pangea\/wp-content\/uploads\/2021\/09\/pp.jpg?resize=350%2C200&ssl=1","width":350,"height":200},"classes":[]},{"id":1507,"url":"https:\/\/albergueweb1.uva.es\/gir_pangea\/?page_id=1507","url_meta":{"origin":373,"position":3},"title":"Publicaciones 2019","date":"27 noviembre, 2019","format":false,"excerpt":"Serrano, E., Sanjos\u00e9, J.J., G\u00f3mez Lende, M., L\u00f3pez Moreno, J.I., Pisabarro, A., Mart\u00ednez Fern\u00e1ndez, A. (2019). Periglacial environments and frozen ground in the Central Pyrenean high mountain area. Ground thermal regime and distribution of landforms and processes. Permafrost and Periglacial Processes, 1-19. https:\/\/doi.org\/10.1002\/ppp.2032 Pisabarro, A., Pellitero, R., Serrano, E., L\u00f3pez-Moreno,\u2026","rel":"","context":"Entrada similar","img":{"alt_text":"","src":"","width":0,"height":0},"classes":[]},{"id":228,"url":"https:\/\/albergueweb1.uva.es\/gir_pangea\/?page_id=228","url_meta":{"origin":373,"position":4},"title":"Jes\u00fas Mar\u00eda Bachiller","date":"11 enero, 2012","format":false,"excerpt":"Profesor Titular, An\u00e1lisis Geogr\u00e1fico Regional Departamento de Geograf\u00eda. Universidad de Valladolid. Facultad de Traducci\u00f3n e Interpretaci\u00f3n. Direcci\u00f3n: Campus \"Duques de Soria\" 42004 SORIA Email: jbachiller@geo.uva.es Telefono: 983 423000 ext. 9138","rel":"","context":"Entrada similar","img":{"alt_text":"","src":"","width":0,"height":0},"classes":[]},{"id":1770,"url":"https:\/\/albergueweb1.uva.es\/gir_pangea\/?page_id=1770","url_meta":{"origin":373,"position":5},"title":"Publicaciones 2020","date":"4 marzo, 2021","format":false,"excerpt":"Serrano, E., Gonz\u00e1lez Amuchastegui, M.J. (2020). Cultural Heritage, landforms and integrated territorial heritage. The close relationship between tufas, cultural remains and landscape in the Upper Ebro Basin (Cantabrian Mountains, Spain). Geoheritage, 12, Article number: 86 (2020). https:\/\/doi.org\/10.1007\/s12371-020-00513-z Serrano, E., L\u00f3pez-Moreno, J.I., G\u00f3mez-Lende, M., Pisabarro, A., Mart\u00edn-Moreno, R., Rico, I., Alonso-Gonz\u00e1lez,\u2026","rel":"","context":"Entrada similar","img":{"alt_text":"","src":"","width":0,"height":0},"classes":[]}],"_links":{"self":[{"href":"https:\/\/albergueweb1.uva.es\/gir_pangea\/index.php?rest_route=\/wp\/v2\/pages\/373"}],"collection":[{"href":"https:\/\/albergueweb1.uva.es\/gir_pangea\/index.php?rest_route=\/wp\/v2\/pages"}],"about":[{"href":"https:\/\/albergueweb1.uva.es\/gir_pangea\/index.php?rest_route=\/wp\/v2\/types\/page"}],"author":[{"embeddable":true,"href":"https:\/\/albergueweb1.uva.es\/gir_pangea\/index.php?rest_route=\/wp\/v2\/users\/1"}],"replies":[{"embeddable":true,"href":"https:\/\/albergueweb1.uva.es\/gir_pangea\/index.php?rest_route=%2Fwp%2Fv2%2Fcomments&post=373"}],"version-history":[{"count":18,"href":"https:\/\/albergueweb1.uva.es\/gir_pangea\/index.php?rest_route=\/wp\/v2\/pages\/373\/revisions"}],"predecessor-version":[{"id":1970,"href":"https:\/\/albergueweb1.uva.es\/gir_pangea\/index.php?rest_route=\/wp\/v2\/pages\/373\/revisions\/1970"}],"wp:attachment":[{"href":"https:\/\/albergueweb1.uva.es\/gir_pangea\/index.php?rest_route=%2Fwp%2Fv2%2Fmedia&parent=373"}],"curies":[{"name":"wp","href":"https:\/\/api.w.org\/{rel}","templated":true}]}}