{"id":676,"date":"2015-02-09T11:23:10","date_gmt":"2015-02-09T11:23:10","guid":{"rendered":"http:\/\/www5.uva.es\/gir_pangea\/?page_id=676"},"modified":"2020-10-19T12:13:43","modified_gmt":"2020-10-19T12:13:43","slug":"alfonso-pisabarro-perez","status":"publish","type":"page","link":"https:\/\/albergueweb1.uva.es\/gir_pangea\/?page_id=676","title":{"rendered":"Alfonso Pisabarro"},"content":{"rendered":"<p style=\"text-align: justify;\"><strong>Profesor Ayudante Doctor<br \/>\n<\/strong><\/p>\n<p><a href=\"https:\/\/i0.wp.com\/albergueweb1.uva.es\/gir_pangea\/wp-content\/uploads\/2018\/09\/IMG-20180917-WA0003.jpg\"><img data-attachment-id=\"1317\" data-permalink=\"https:\/\/albergueweb1.uva.es\/gir_pangea\/?attachment_id=1317\" data-orig-file=\"https:\/\/i0.wp.com\/albergueweb1.uva.es\/gir_pangea\/wp-content\/uploads\/2018\/09\/IMG-20180917-WA0003.jpg?fit=1080%2C1069&amp;ssl=1\" data-orig-size=\"1080,1069\" data-comments-opened=\"0\" data-image-meta=\"{&quot;aperture&quot;:&quot;0&quot;,&quot;credit&quot;:&quot;&quot;,&quot;camera&quot;:&quot;&quot;,&quot;caption&quot;:&quot;&quot;,&quot;created_timestamp&quot;:&quot;0&quot;,&quot;copyright&quot;:&quot;&quot;,&quot;focal_length&quot;:&quot;0&quot;,&quot;iso&quot;:&quot;0&quot;,&quot;shutter_speed&quot;:&quot;0&quot;,&quot;title&quot;:&quot;&quot;,&quot;orientation&quot;:&quot;0&quot;}\" data-image-title=\"IMG-20180917-WA0003\" data-image-description=\"\" data-image-caption=\"\" data-medium-file=\"https:\/\/i0.wp.com\/albergueweb1.uva.es\/gir_pangea\/wp-content\/uploads\/2018\/09\/IMG-20180917-WA0003.jpg?fit=300%2C297&amp;ssl=1\" data-large-file=\"https:\/\/i0.wp.com\/albergueweb1.uva.es\/gir_pangea\/wp-content\/uploads\/2018\/09\/IMG-20180917-WA0003.jpg?fit=640%2C634&amp;ssl=1\" loading=\"lazy\" class=\"alignnone  wp-image-1317\" src=\"https:\/\/i0.wp.com\/albergueweb1.uva.es\/gir_pangea\/wp-content\/uploads\/2018\/09\/IMG-20180917-WA0003.jpg?resize=153%2C151\" alt=\"\" width=\"153\" height=\"151\" srcset=\"https:\/\/i0.wp.com\/albergueweb1.uva.es\/gir_pangea\/wp-content\/uploads\/2018\/09\/IMG-20180917-WA0003.jpg?resize=300%2C297&amp;ssl=1 300w, https:\/\/i0.wp.com\/albergueweb1.uva.es\/gir_pangea\/wp-content\/uploads\/2018\/09\/IMG-20180917-WA0003.jpg?resize=768%2C760&amp;ssl=1 768w, https:\/\/i0.wp.com\/albergueweb1.uva.es\/gir_pangea\/wp-content\/uploads\/2018\/09\/IMG-20180917-WA0003.jpg?resize=1024%2C1014&amp;ssl=1 1024w, https:\/\/i0.wp.com\/albergueweb1.uva.es\/gir_pangea\/wp-content\/uploads\/2018\/09\/IMG-20180917-WA0003.jpg?w=1080&amp;ssl=1 1080w\" sizes=\"(max-width: 153px) 100vw, 153px\" data-recalc-dims=\"1\" \/><\/a><\/p>\n<p>Plaza del Campus S\/N. Departamento de Geograf\u00eda y Geolog\u00eda<br \/>\nFacultad de Filosof\u00eda y Letras.<br \/>\nUniversidad de Le\u00f3n<br \/>\nTel\u00e9fono | 987293511<br \/>\nE-Mail | apisp@unileon.es<\/p>\n<p><a href=\"https:\/\/apisabarro.com\/\">www.apisabarro.com<\/a><\/p>\n<p>CVN: <a href=\"https:\/\/cvn.fecyt.es\/0000-0002-7084-2508\">https:\/\/cvn.fecyt.es\/0000-0002-7084-2508<\/a><\/p>\n<p style=\"text-align: center;\"><a href=\"https:\/\/www.researchgate.net\/profile\/Alfonso_Pisabarro\"><img data-attachment-id=\"1053\" data-permalink=\"https:\/\/albergueweb1.uva.es\/gir_pangea\/?attachment_id=1053\" data-orig-file=\"https:\/\/i0.wp.com\/albergueweb1.uva.es\/gir_pangea\/wp-content\/uploads\/2015\/02\/researchgate.jpg?fit=60%2C61&amp;ssl=1\" data-orig-size=\"60,61\" data-comments-opened=\"0\" data-image-meta=\"{&quot;aperture&quot;:&quot;0&quot;,&quot;credit&quot;:&quot;&quot;,&quot;camera&quot;:&quot;&quot;,&quot;caption&quot;:&quot;&quot;,&quot;created_timestamp&quot;:&quot;0&quot;,&quot;copyright&quot;:&quot;&quot;,&quot;focal_length&quot;:&quot;0&quot;,&quot;iso&quot;:&quot;0&quot;,&quot;shutter_speed&quot;:&quot;0&quot;,&quot;title&quot;:&quot;&quot;,&quot;orientation&quot;:&quot;0&quot;}\" data-image-title=\"researchgate\" data-image-description=\"\" data-image-caption=\"\" data-medium-file=\"https:\/\/i0.wp.com\/albergueweb1.uva.es\/gir_pangea\/wp-content\/uploads\/2015\/02\/researchgate.jpg?fit=60%2C61&amp;ssl=1\" data-large-file=\"https:\/\/i0.wp.com\/albergueweb1.uva.es\/gir_pangea\/wp-content\/uploads\/2015\/02\/researchgate.jpg?fit=60%2C61&amp;ssl=1\" loading=\"lazy\" class=\"wp-image-1053 alignnone\" src=\"https:\/\/i0.wp.com\/www5.uva.es\/gir_pangea\/wp-content\/uploads\/2015\/02\/researchgate.jpg?resize=45%2C44\" alt=\"researchgate\" width=\"45\" height=\"44\" data-recalc-dims=\"1\" \/><\/a><a href=\"https:\/\/www.linkedin.com\/in\/alfonso-pisabarro-p%C3%A9rez-41906b54?trk=hp-identity-name\"><img data-attachment-id=\"1055\" data-permalink=\"https:\/\/albergueweb1.uva.es\/gir_pangea\/?attachment_id=1055\" data-orig-file=\"https:\/\/i0.wp.com\/albergueweb1.uva.es\/gir_pangea\/wp-content\/uploads\/2015\/02\/linkedin.jpg?fit=32%2C31&amp;ssl=1\" data-orig-size=\"32,31\" data-comments-opened=\"0\" data-image-meta=\"{&quot;aperture&quot;:&quot;0&quot;,&quot;credit&quot;:&quot;&quot;,&quot;camera&quot;:&quot;&quot;,&quot;caption&quot;:&quot;&quot;,&quot;created_timestamp&quot;:&quot;0&quot;,&quot;copyright&quot;:&quot;&quot;,&quot;focal_length&quot;:&quot;0&quot;,&quot;iso&quot;:&quot;0&quot;,&quot;shutter_speed&quot;:&quot;0&quot;,&quot;title&quot;:&quot;&quot;,&quot;orientation&quot;:&quot;0&quot;}\" data-image-title=\"linkedin\" data-image-description=\"\" data-image-caption=\"\" data-medium-file=\"https:\/\/i0.wp.com\/albergueweb1.uva.es\/gir_pangea\/wp-content\/uploads\/2015\/02\/linkedin.jpg?fit=32%2C31&amp;ssl=1\" data-large-file=\"https:\/\/i0.wp.com\/albergueweb1.uva.es\/gir_pangea\/wp-content\/uploads\/2015\/02\/linkedin.jpg?fit=32%2C31&amp;ssl=1\" loading=\"lazy\" class=\"wp-image-1055 alignnone\" src=\"https:\/\/i0.wp.com\/www5.uva.es\/gir_pangea\/wp-content\/uploads\/2015\/02\/linkedin.jpg?resize=47%2C45\" alt=\"linkedin\" width=\"47\" height=\"45\" data-recalc-dims=\"1\" \/><\/a><a href=\"https:\/\/orcid.org\/0000-0002-7084-2508\"><img data-attachment-id=\"1494\" data-permalink=\"https:\/\/albergueweb1.uva.es\/gir_pangea\/?attachment_id=1494\" data-orig-file=\"https:\/\/i0.wp.com\/albergueweb1.uva.es\/gir_pangea\/wp-content\/uploads\/2019\/11\/images.png?fit=303%2C166&amp;ssl=1\" data-orig-size=\"303,166\" data-comments-opened=\"0\" data-image-meta=\"{&quot;aperture&quot;:&quot;0&quot;,&quot;credit&quot;:&quot;&quot;,&quot;camera&quot;:&quot;&quot;,&quot;caption&quot;:&quot;&quot;,&quot;created_timestamp&quot;:&quot;0&quot;,&quot;copyright&quot;:&quot;&quot;,&quot;focal_length&quot;:&quot;0&quot;,&quot;iso&quot;:&quot;0&quot;,&quot;shutter_speed&quot;:&quot;0&quot;,&quot;title&quot;:&quot;&quot;,&quot;orientation&quot;:&quot;0&quot;}\" data-image-title=\"images\" data-image-description=\"\" data-image-caption=\"\" data-medium-file=\"https:\/\/i0.wp.com\/albergueweb1.uva.es\/gir_pangea\/wp-content\/uploads\/2019\/11\/images.png?fit=300%2C164&amp;ssl=1\" data-large-file=\"https:\/\/i0.wp.com\/albergueweb1.uva.es\/gir_pangea\/wp-content\/uploads\/2019\/11\/images.png?fit=303%2C166&amp;ssl=1\" loading=\"lazy\" class=\"wp-image-1494 aligncenter\" src=\"https:\/\/i0.wp.com\/albergueweb1.uva.es\/gir_pangea\/wp-content\/uploads\/2019\/11\/images.png?resize=127%2C70\" alt=\"\" width=\"127\" height=\"70\" srcset=\"https:\/\/i0.wp.com\/albergueweb1.uva.es\/gir_pangea\/wp-content\/uploads\/2019\/11\/images.png?w=303&amp;ssl=1 303w, https:\/\/i0.wp.com\/albergueweb1.uva.es\/gir_pangea\/wp-content\/uploads\/2019\/11\/images.png?resize=300%2C164&amp;ssl=1 300w\" sizes=\"(max-width: 127px) 100vw, 127px\" data-recalc-dims=\"1\" \/><\/a><\/p>\n<div><\/div>\n","protected":false},"excerpt":{"rendered":"<p>Profesor Ayudante Doctor Plaza del Campus S\/N. Departamento de Geograf\u00eda y Geolog\u00eda Facultad de Filosof\u00eda y Letras. Universidad de Le\u00f3n Tel\u00e9fono | 987293511 E-Mail | apisp@unileon.es www.apisabarro.com CVN: https:\/\/cvn.fecyt.es\/0000-0002-7084-2508<\/p>\n","protected":false},"author":1,"featured_media":0,"parent":10,"menu_order":20,"comment_status":"closed","ping_status":"closed","template":"","meta":{"jetpack_post_was_ever_published":false},"jetpack_sharing_enabled":true,"jetpack_shortlink":"https:\/\/wp.me\/P79crb-aU","jetpack-related-posts":[],"_links":{"self":[{"href":"https:\/\/albergueweb1.uva.es\/gir_pangea\/index.php?rest_route=\/wp\/v2\/pages\/676"}],"collection":[{"href":"https:\/\/albergueweb1.uva.es\/gir_pangea\/index.php?rest_route=\/wp\/v2\/pages"}],"about":[{"href":"https:\/\/albergueweb1.uva.es\/gir_pangea\/index.php?rest_route=\/wp\/v2\/types\/page"}],"author":[{"embeddable":true,"href":"https:\/\/albergueweb1.uva.es\/gir_pangea\/index.php?rest_route=\/wp\/v2\/users\/1"}],"replies":[{"embeddable":true,"href":"https:\/\/albergueweb1.uva.es\/gir_pangea\/index.php?rest_route=%2Fwp%2Fv2%2Fcomments&post=676"}],"version-history":[{"count":43,"href":"https:\/\/albergueweb1.uva.es\/gir_pangea\/index.php?rest_route=\/wp\/v2\/pages\/676\/revisions"}],"predecessor-version":[{"id":1728,"href":"https:\/\/albergueweb1.uva.es\/gir_pangea\/index.php?rest_route=\/wp\/v2\/pages\/676\/revisions\/1728"}],"up":[{"embeddable":true,"href":"https:\/\/albergueweb1.uva.es\/gir_pangea\/index.php?rest_route=\/wp\/v2\/pages\/10"}],"wp:attachment":[{"href":"https:\/\/albergueweb1.uva.es\/gir_pangea\/index.php?rest_route=%2Fwp%2Fv2%2Fmedia&parent=676"}],"curies":[{"name":"wp","href":"https:\/\/api.w.org\/{rel}","templated":true}]}}