{"id":956,"date":"2016-01-28T15:36:06","date_gmt":"2016-01-28T15:36:06","guid":{"rendered":"http:\/\/www5.uva.es\/gir_pangea\/?page_id=956"},"modified":"2024-02-02T10:44:55","modified_gmt":"2024-02-02T10:44:55","slug":"boletines","status":"publish","type":"page","link":"https:\/\/albergueweb1.uva.es\/gir_pangea\/?page_id=956","title":{"rendered":"BOLET\u00cdN PANGEA"},"content":{"rendered":"\n<div class=\"wp-container-1 wp-block-group has-background\" style=\"background-color:#c3e7d9\"><div class=\"wp-block-group__inner-container\">\n<p><a href=\"https:\/\/albergueweb1.uva.es\/gir_pangea\/?p=2037\">2023 [PDF]<\/a><\/p>\n\n\n\n<p><a href=\"https:\/\/albergueweb1.uva.es\/gir_pangea\/?p=1933\">2022 [PDF]<\/a><\/p>\n\n\n\n<p><a rel=\"noreferrer noopener\" href=\"http:\/\/albergueweb1.uva.es\/gir_pangea\/?p=1756\" data-type=\"post\" data-id=\"1756\" target=\"_blank\">2020 [PDF]<\/a><\/p>\n\n\n\n<p><a href=\"http:\/\/albergueweb1.uva.es\/gir_pangea\/wp-content\/uploads\/2020\/05\/Boletin-Pangea-2019.pdf\">2019<\/a> [PDF]<\/p>\n\n\n\n<p><a href=\"http:\/\/albergueweb1.uva.es\/gir_pangea\/wp-content\/uploads\/2019\/02\/Bolet\u00ednPANGEA2018.pdf\">2018<\/a> [PDF]<\/p>\n\n\n\n<p><a href=\"http:\/\/www5.uva.es\/gir_pangea\/wp-content\/uploads\/2018\/01\/Bolet\u00ednPANGEA2017.pdf\">2017<\/a>  [PDF] <\/p>\n\n\n\n<p><a href=\"http:\/\/www5.uva.es\/gir_pangea\/?page_id=1099\">2016<\/a>  [PDF] <\/p>\n\n\n\n<p><a href=\"http:\/\/www5.uva.es\/gir_pangea\/wp-content\/uploads\/2016\/02\/Boletin2015\">2015&nbsp; <\/a><a href=\"http:\/\/www5.uva.es\/gir_pangea\/wp-content\/uploads\/2016\/02\/Boletin2015\">[PDF]<\/a><\/p>\n\n\n\n<p><a href=\"http:\/\/www5.uva.es\/gir_pangea\/wp-content\/uploads\/2015\/03\/Bolet\u00ednPANGEA2014v1.pdf\">2014  <\/a>  [PDF] <\/p>\n\n\n\n<p><a href=\"http:\/\/www5.uva.es\/gir_pangea\/wp-content\/uploads\/2015\/03\/Bolet\u00ednPANGEA2013.pdf\">2013 <\/a>  [PDF] <\/p>\n\n\n\n<p><a href=\"http:\/\/www5.uva.es\/gir_pangea\/wp-content\/uploads\/2015\/03\/boletin2012ok.pdf\">2012 <\/a>  [PDF] <\/p>\n<\/div><\/div>\n\n\n\n<p><\/p>\n","protected":false},"excerpt":{"rendered":"<p>2023 [PDF] 2022 [PDF] 2020 [PDF] 2019 [PDF] 2018 [PDF] 2017 [PDF] 2016 [PDF] 2015&nbsp; [PDF] 2014 [PDF] 2013 [PDF] 2012 [PDF]<\/p>\n","protected":false},"author":1,"featured_media":0,"parent":0,"menu_order":0,"comment_status":"closed","ping_status":"closed","template":"","meta":{"jetpack_post_was_ever_published":false},"jetpack_sharing_enabled":true,"jetpack_shortlink":"https:\/\/wp.me\/P79crb-fq","jetpack-related-posts":[{"id":1641,"url":"https:\/\/albergueweb1.uva.es\/gir_pangea\/?page_id=1641","url_meta":{"origin":956,"position":0},"title":"Bolet\u00edn 2019","date":"8 mayo, 2020","format":false,"excerpt":"Boletin-Pangea-2019Descarga","rel":"","context":"Entrada similar","img":{"alt_text":"","src":"https:\/\/i0.wp.com\/albergueweb1.uva.es\/gir_pangea\/wp-content\/uploads\/2020\/05\/08-05-2020-18-56-47.png?resize=350%2C200&ssl=1","width":350,"height":200},"classes":[]},{"id":817,"url":"https:\/\/albergueweb1.uva.es\/gir_pangea\/?page_id=817","url_meta":{"origin":956,"position":1},"title":"Bolet\u00edn 2014","date":"19 marzo, 2015","format":false,"excerpt":"\u00a0 \u00a0 \u00a0 Bolet\u00edn PANGEA 2014 [Descargar]","rel":"","context":"Entrada similar","img":{"alt_text":"","src":"","width":0,"height":0},"classes":[]},{"id":823,"url":"https:\/\/albergueweb1.uva.es\/gir_pangea\/?page_id=823","url_meta":{"origin":956,"position":2},"title":"Bolet\u00edn 2013","date":"19 marzo, 2015","format":false,"excerpt":"\u00a0 \u00a0 Bolet\u00edn PANGEA 2013 [Descargar]","rel":"","context":"Entrada similar","img":{"alt_text":"","src":"","width":0,"height":0},"classes":[]},{"id":828,"url":"https:\/\/albergueweb1.uva.es\/gir_pangea\/?page_id=828","url_meta":{"origin":956,"position":3},"title":"Bolet\u00edn 2012","date":"19 marzo, 2015","format":false,"excerpt":"\u00a0 \u00a0 \u00a0 Boletin 2012 [Descargar]","rel":"","context":"Entrada similar","img":{"alt_text":"","src":"","width":0,"height":0},"classes":[]},{"id":1004,"url":"https:\/\/albergueweb1.uva.es\/gir_pangea\/?page_id=1004","url_meta":{"origin":956,"position":4},"title":"Bolet\u00edn 2015","date":"15 febrero, 2016","format":false,"excerpt":"Bolet\u00edn 2015 [Descargar]","rel":"","context":"Entrada similar","img":{"alt_text":"","src":"http:\/\/www5.uva.es\/gir_pangea\/wp-content\/uploads\/2016\/02\/imagenboletin15","width":350,"height":200},"classes":[]},{"id":1099,"url":"https:\/\/albergueweb1.uva.es\/gir_pangea\/?page_id=1099","url_meta":{"origin":956,"position":5},"title":"BOLET\u00cdN 2016","date":"20 febrero, 2017","format":false,"excerpt":"Enlace al bolet\u00edn del a\u00f1o 2016 boletinpangea2016","rel":"","context":"Entrada similar","img":{"alt_text":"","src":"","width":0,"height":0},"classes":[]}],"_links":{"self":[{"href":"https:\/\/albergueweb1.uva.es\/gir_pangea\/index.php?rest_route=\/wp\/v2\/pages\/956"}],"collection":[{"href":"https:\/\/albergueweb1.uva.es\/gir_pangea\/index.php?rest_route=\/wp\/v2\/pages"}],"about":[{"href":"https:\/\/albergueweb1.uva.es\/gir_pangea\/index.php?rest_route=\/wp\/v2\/types\/page"}],"author":[{"embeddable":true,"href":"https:\/\/albergueweb1.uva.es\/gir_pangea\/index.php?rest_route=\/wp\/v2\/users\/1"}],"replies":[{"embeddable":true,"href":"https:\/\/albergueweb1.uva.es\/gir_pangea\/index.php?rest_route=%2Fwp%2Fv2%2Fcomments&post=956"}],"version-history":[{"count":15,"href":"https:\/\/albergueweb1.uva.es\/gir_pangea\/index.php?rest_route=\/wp\/v2\/pages\/956\/revisions"}],"predecessor-version":[{"id":2041,"href":"https:\/\/albergueweb1.uva.es\/gir_pangea\/index.php?rest_route=\/wp\/v2\/pages\/956\/revisions\/2041"}],"wp:attachment":[{"href":"https:\/\/albergueweb1.uva.es\/gir_pangea\/index.php?rest_route=%2Fwp%2Fv2%2Fmedia&parent=956"}],"curies":[{"name":"wp","href":"https:\/\/api.w.org\/{rel}","templated":true}]}}