{"id":965,"date":"2016-01-28T16:12:53","date_gmt":"2016-01-28T16:12:53","guid":{"rendered":"http:\/\/www5.uva.es\/gir_pangea\/?page_id=965"},"modified":"2016-09-14T12:29:22","modified_gmt":"2016-09-14T12:29:22","slug":"publicaciones-2015","status":"publish","type":"page","link":"https:\/\/albergueweb1.uva.es\/gir_pangea\/?page_id=965","title":{"rendered":"Publicaciones 2015"},"content":{"rendered":"<p><strong>A\u00f1o 2015. Publicaciones internacionales<\/strong><\/p>\n<ul>\n<li style=\"text-align: justify;\">Gonz\u00e1lez Amuchastegui, M.J., Serrano, E., 2015. TUFA BUILDUPS, LANDSCAPE EVOLUTION AND HUMAN IMPACT DURING THE HOLOCENE IN THE UPPER EBRO BASIN. Quaternary International, 364, 54-64.<\/li>\n<li style=\"text-align: justify;\">Gonz\u00e1lez Amuchastegui, M. J., Serrano, E. 2015. LATE-PLEISTOCENE AND HOLOCENE TUFA COMPLEX AND GEOMORPHOLOGICAL EVOLUTION IN UPPER EBRO BASIN (NORTHERN SPAIN). Zeitschrift f\u00fcr Geomorphologie, 59, 199-223.<\/li>\n<li style=\"text-align: justify;\">Pellitero, R., Manosso, F.C., Serrano, E., 2015. MID- AND\u00a0 LARGE-SCALE GEODIVERSITY CALCULATION IN FUENTES CARRIONAS (NW SPAIN) AND SERRA DO CADEADO<br \/>\n(PARAN\u00c1, BRAZIL): METHODOLOGY AND APPLICATION FOR LAND MANAGEMENT. Geografiska Annaler: Series A, Physical Geography, 97, 219-235.<\/li>\n<li style=\"text-align: justify;\">Serrano, E., G\u00f3mez-Lende, M., Gonz\u00e1lez-Amuchastegui, M.J., Gonz\u00e1lez-Garc\u00eda, M., Gonz\u00e1lez-Trueba,J.J., Pellitero, R., Rico, I. (2015). GLACIAL CHRONOLOGY, ENVIRONMENTAL CHANGES AND IMPLICATIONS ON THE HUMAN OCCUPATION<br \/>\nDURING THE UPPER PLEISTOCENE IN THE EASTERN CANTABRIAN MOUNTAINS. Quaternary International, 364, 22-34.<\/li>\n<li style=\"text-align: justify;\" data-canvas-width=\"374.4418829210001\">Arn\u00e1ez, J., Lana-Renault, N., Lasanta, T., Ruiz-Fla\u00f1o, P., Castroviejo, J. (2015). EFFECTS OF FARMING TERRACES ON HYDROLOGICAL AND GEOMORPHOLOGICAL PROCESSES. A REVIEW. Catena, 128, 122-134.<\/li>\n<li data-canvas-width=\"374.4418829210001\">\n<div style=\"text-align: justify;\" data-canvas-width=\"240.1594574934401\">Serrano, E., Gonz\u00e1lez-Trueba, J.J., Pellitero, R., G\u00f3mez-Lende, M. 2015. QUATERNARYGLACIAL HISTORY OF THE CANTABRIAN MOUNTAINS (NORTHERN SPAIN): A NEW SYNTHESIS. In: Hughes, P. D. &amp;Woodward, J. C. (eds)Quaternary Glaciation in the Mediterranean Mountains. Geological Society, London, Special Publications, 433,http:\/\/doi.org\/10.1144\/SP433.8.<\/div>\n<div style=\"text-align: justify;\" data-canvas-width=\"240.1594574934401\"><\/div>\n<\/li>\n<\/ul>\n<p><strong>A\u00f1o 2015. Publicaciones nacionales<br \/>\n<\/strong><\/p>\n<ul>\n<li style=\"text-align: justify;\">Pisabarro, A., Serrano, E., Gonz\u00e1lez Trueba, J.J. 2015. R\u00c9GIMEN T\u00c9RMICO DE SUELOS DEL MACIZO CENTRAL DE PICOS DE EUROPA (ESPA\u00d1A). Pirineos. Revista de Ecolog\u00eda de Monta\u00f1a, 170, doi: http:\/\/dx.doi.org\/10.3989\/ Pirineos.2015.170003.<\/li>\n<li style=\"text-align: justify;\">Serrano, E., G\u00f3mez Lende, M., Pellitero, R., Gonz\u00e1lez Trueba, J.J. 2015. DEGLACIATION IN THE CANTABRIAN MOUNTAINS: PATTERN AND EVOLUTION. Cuadernos de Investigaci\u00f3n Geogr\u00e1fica, 41 (2), 389-408.<\/li>\n<li style=\"text-align: justify;\">Serrano, Enrique; G\u00f3mez Lende, Manuel; Gonz\u00e1lez Trueba, Juan Jos\u00e9; Gonz\u00e1lez Garc\u00eda, Mar\u00eda. 2015. GLACIARISMO EN LA DIVISORIA CANT\u00c1BRICA: LA EVOLUCI\u00d3N DEL GLACIARISMO CUATERNARIO EN LA SIERRA DE CEBOLLEDA (LE\u00d3N). Estudios<br \/>\nGeogr\u00e1ficos, LXXVI, 278, 335-367.<\/li>\n<li style=\"text-align: justify;\">Oliva, M., Serrano, E., G\u00f3mez-Ortiz, A., Gonz\u00e1lez Amuchastegui, M.J., Nieuwendam, A., Palacios, D., Pellitero-Ondicol, R., P\u00e9rez-Alberti, R., Ruiz-Fern\u00e1ndez, J., Valc\u00e1rcel, M., Vieira, G. 2015. LA PERIGLACIACI\u00d3N DE LA PEN\u00cdNSULA IB\u00c9RICA. XIV<br \/>\nReuni\u00f3n Nacional de Cuaternario, Granada 2015.<\/li>\n<li style=\"text-align: justify;\" data-canvas-width=\"132.49331887444\">Serrano, E. G\u00f3mez Lende, M. (2015). PERIGLACIARISMO, NIVACI\u00d3N Y GLACIARISMO CUATERNARIO EN ALTO CAMPOO (CORDILLERA CANT\u00c1BRICA).GU\u00cdA DE EXCURSI\u00d3N. V Congreso ib\u00e9rico del IPA, GIR PANGEA-Universidad de Valladolid, Valladolid, 37 pp.<\/li>\n<li style=\"text-align: justify;\" data-canvas-width=\"132.49331887444\">\n<div data-canvas-width=\"177.92123017692006\">Gonz\u00e1lez Amuchastegui, M.J., Serrano Ca\u00f1adas, E. 2015. EL PATRIMONIO GEOMORFOL\u00d3GICO Y LOS LUGARES DE INTER\u00c9S GEOMORFOL\u00d3GICO EN LA GESTI\u00d3N DE ESPACIOS NATURALES PROTEGIDOS. En: A. Hilario, M. Mendia, M.Monge-Ganuzas, E. Fern\u00e1ndez, J. Vegas y A. Belmonte(eds.). Patrimonio geol\u00f3gico y geoparques, avances de un camino para todos. Cuadernos del Museo Geominero, n\u00ba 18. Instituto Geol\u00f3gico y Minero de Espa\u00f1a, Madrid, pp.191-196.<\/div>\n<\/li>\n<li style=\"text-align: justify;\" data-canvas-width=\"132.49331887444\">\n<div data-canvas-width=\"177.92123017692006\">Mart\u00edn, R., Serrano, E. 2015. OBSERVACIONES GEOMORFOL\u00d3GICAS SOBRE ICINGS Y AMPOLLAS DE HIELO EN REINDALEN (78\u00baN). NORDENSKJOLD LAND, SVALBARD. En: M. Valc\u00e1rcel (ed.). Aportaciones al conocimiento de ambientes fr\u00edos. Monograf\u00eda del GI Ciencias de Sistema Tierra, Universidad de santiago de Compostela, Santiago de Compostela, pp. 13-36.<\/div>\n<\/li>\n<li style=\"text-align: justify;\" data-canvas-width=\"132.49331887444\">\n<div data-canvas-width=\"177.92123017692006\"><\/div>\n<div style=\"text-align: justify;\" data-canvas-width=\"284.78679357080017\">Serrano, E., Gonz\u00e1lez Amuchastegui, M.J. 2015. PATRIMONIO NATURAL Y CULTURAL: LAS TOBAS Y LA VILLA DE ORBANEJA DEL CASTILLO. UN ENTENDIMIENTO OBLIGADO. En: A. Hilario, M. Mendia, M. Monge-Ganuzas, E. Fern\u00e1ndez, J. Vegas y A. Belmonte(eds.). Patrimonio geol\u00f3gico y geoparques, avances de un camino para todos. Cuadernos del Museo Geominero, no 18. Instituto Geol\u00f3gico y Minero de Espa\u00f1a, Madrid, pp 197-202.<\/div>\n<\/li>\n<li style=\"text-align: justify;\" data-canvas-width=\"132.49331887444\">\n<div style=\"text-align: justify;\" data-canvas-width=\"284.78679357080017\"><\/div>\n<div style=\"text-align: justify;\" data-canvas-width=\"391.86449729216\">Gonz\u00e1lez Amuchastegui, M. J., Serrano Ca\u00f1adas, E.,Gonz\u00e1lez-Garc\u00eda, M., Gonz\u00e1lez-Trueba,J.J. 2015. LOS LUGARES DE INTER\u00c9S\u00a0 GEOMORFOL\u00d3GICO DEL PARQUE NATURALDE VALDEREJO (\u00c1LAVA). En: A. Hilario, M. Mendia, M. Monge-Ganuzas, E. Fern\u00e1ndez, J. Vegas y A. Belmonte (eds.). Patrimonio geol\u00f3gico<\/div>\n<div style=\"text-align: justify;\" data-canvas-width=\"219.74692843844005\">y geoparques, avances de un camino para todos. Cuadernos del Museo Geominero, no 18. Instituto Geol\u00f3gico y Minero de Espa\u00f1a, Madrid, pp 131-136.<\/div>\n<\/li>\n<li style=\"text-align: justify;\" data-canvas-width=\"132.49331887444\">\n<div style=\"text-align: justify;\" data-canvas-width=\"219.74692843844005\">Sanjos\u00e9 Blasco, J.J., Serrano, E., Berenguer, F., Gonz\u00e1lez-Trueba, J.J., G\u00f3mez Lende, M., Gonz\u00e1lez-Garc\u00eda, M. Y Guerrero Castro, M. 2015. EVOLUCI\u00d3N DE LA L\u00cdNEA DE COSTA PARA EL PERIODO 1988-2014 DE LA PLAYA DE SOMO (CANTABRIA), MEDIANTE EL EMPLEO DE T\u00c9CNICAS GEOM\u00c1TICAS. Geo-Temas, 15, 101-104.<\/div>\n<\/li>\n<li style=\"text-align: justify;\" data-canvas-width=\"132.49331887444\">\n<div style=\"text-align: justify;\" data-canvas-width=\"219.74692843844005\">Delgado Urrecho, J. M\u00aa., Mart\u00ednez Fern\u00e1ndez, L.C. 2015: DIN\u00c1MICA DEMOGR\u00c1FICA. En Situaci\u00f3n econ\u00f3mica y social de Castilla y Le\u00f3n en 2014, Tomo I, pp. 835-903. Valladolid, Consejo Econ\u00f3mico y Social de Castilla y Le\u00f3n, 2015.<\/div>\n<\/li>\n<li style=\"text-align: justify;\" data-canvas-width=\"132.49331887444\">\n<div style=\"text-align: justify;\" data-canvas-width=\"219.74692843844005\">Mart\u00ednez Fern\u00e1ndez, L.C. 2015: \u201cTENDENCIAS Y PERSPECTIVAS DE DESARROLLO RURAL EN LA PROVINCIA DE SEGOVIA: OPORTUNIDADES Y L\u00cdMITES\u201d. Anales de Geograf\u00eda de la Universidad Complutense, Vol. 35, N\u00ba 1, 2015, pp. 41-62.<\/div>\n<\/li>\n<li style=\"text-align: justify;\" data-canvas-width=\"132.49331887444\">\n<div style=\"text-align: justify;\" data-canvas-width=\"219.74692843844005\">Mart\u00ednez Fern\u00e1ndez, L.C. 2015: \u201cLA CONFIGURACI\u00d3N ESPACIAL RECIENTE DE LA CIUDAD DE \u00c1VILA\u201d. Er\u00eda, N\u00ba 96, pp. 5-32.<\/div>\n<\/li>\n<li style=\"text-align: justify;\" data-canvas-width=\"132.49331887444\">\n<div style=\"text-align: justify;\" data-canvas-width=\"219.74692843844005\">Mart\u00ednez Fern\u00e1ndez, L.C.,\u00a0 Molina De La Torre, I. (2015): DOCENCIA E INVESTIGACI\u00d3N A TRAV\u00c9S DEL AN\u00c1LISIS Y LA FOTOINTERPRETACI\u00d3N DEL TERRITORIO. LOS PAISAJES DEL GUADARRAMA (SEGOVIA). Er\u00eda, N\u00ba 98, pp, 309-326.<\/div>\n<\/li>\n<li style=\"text-align: justify;\" data-canvas-width=\"132.49331887444\">\n<div style=\"text-align: justify;\" data-canvas-width=\"219.74692843844005\">Mart\u00ednez Fern\u00e1ndez, L.C. y Garc\u00eda De Celis, A.J. (2015): SERVICE-LEARNING, EDUCATIONAL INNOVATION AND GEOGRAPHY: AN EXPERIENCE IN ASSESSING TERRITORIAL HERITAGE THE BIOSPHERE RESERVE OF THE AREA KNOWN AS THE ANCARES LEONESES (CANTABRIAN MOUNTAIN RANGE, SPAIN)\u201d. Revista de Formaci\u00f3n e Innovaci\u00f3n Educativa Universitaria, Vol. 8, n\u00ba, 1, pp. 22-30.<\/div>\n<\/li>\n<li style=\"text-align: justify;\" data-canvas-width=\"132.49331887444\">\n<div style=\"text-align: justify;\" data-canvas-width=\"219.74692843844005\">Lasanta, T., Ruiz Fla\u00f1o, P. (2015). LOS PAISAJES DEL VI\u00d1EDO DE LA RIOJA: TRADICI\u00d3N Y RENOVACI\u00d3N. Berceo, 167, 13-38.<\/div>\n<\/li>\n<li style=\"text-align: justify;\" data-canvas-width=\"132.49331887444\">\n<div style=\"text-align: justify;\" data-canvas-width=\"219.74692843844005\">Bachiller Mart\u00ednez, J. (2014), publicado en 2015). VALORACI\u00d3N DE LA INFLUENCIA SOCIOECON\u00d3MICA Y TERRITORIAL DE LOS ESPACIOS NATURALES PROTEGIDOS.EL CA\u00d1\u00d3N DEL R\u00cdO LOBOS. Pol\u00edgonos, 26, 223-254<\/div>\n<\/li>\n<\/ul>\n<p style=\"text-align: justify;\" align=\"center\">\n<p>&nbsp;<\/p>\n<p>&nbsp;<\/p>\n","protected":false},"excerpt":{"rendered":"<p>A\u00f1o 2015. Publicaciones internacionales Gonz\u00e1lez Amuchastegui, M.J., Serrano, E., 2015. TUFA BUILDUPS, LANDSCAPE EVOLUTION AND HUMAN IMPACT DURING THE HOLOCENE IN THE UPPER EBRO BASIN. Quaternary International, 364, 54-64. Gonz\u00e1lez Amuchastegui, M. J., Serrano, E. 2015. LATE-PLEISTOCENE AND HOLOCENE TUFA COMPLEX AND GEOMORPHOLOGICAL EVOLUTION IN UPPER EBRO BASIN (NORTHERN SPAIN). Zeitschrift f\u00fcr Geomorphologie, 59, 199-223. [&hellip;]<\/p>\n","protected":false},"author":1,"featured_media":0,"parent":0,"menu_order":0,"comment_status":"closed","ping_status":"closed","template":"","meta":{"jetpack_post_was_ever_published":false},"jetpack_sharing_enabled":true,"jetpack_shortlink":"https:\/\/wp.me\/P79crb-fz","jetpack-related-posts":[{"id":967,"url":"https:\/\/albergueweb1.uva.es\/gir_pangea\/?page_id=967","url_meta":{"origin":965,"position":0},"title":"Publicaciones 2014","date":"28 enero, 2016","format":false,"excerpt":"A\u00f1o 2014. Publicaciones internacionales. Serrano, E., G\u00f3mez-Lende, M., Gonz\u00e1lez-Amuchastegui, M.J., Gonz\u00e1lez-Garc\u00eda, M., Gonz\u00e1lez-Trueba,J.J., Pellitero, R., Rico, I. 2014.\u00a0GLACIAL CHRONOLOGY, ENVIRONMENTAL CHANGES AND IMPLICATIONS ON THE HUMAN OCCUPATION DURING THE UPPER PLEISTOCENE IN THE EASTERN CANTABRIAN MOUNTAINS. Quaternary International, doi 10.1016\/j.quaint. 2014.09.039. Gonz\u00e1lez-Amuchastegui, M.J., Serrano, E., 2014. TUFA BUILDUPS, LANDSCAPE EVOLUTION\u2026","rel":"","context":"Entrada similar","img":{"alt_text":"","src":"","width":0,"height":0},"classes":[]},{"id":1770,"url":"https:\/\/albergueweb1.uva.es\/gir_pangea\/?page_id=1770","url_meta":{"origin":965,"position":1},"title":"Publicaciones 2020","date":"4 marzo, 2021","format":false,"excerpt":"Serrano, E., Gonz\u00e1lez Amuchastegui, M.J. (2020). Cultural Heritage, landforms and integrated territorial heritage. The close relationship between tufas, cultural remains and landscape in the Upper Ebro Basin (Cantabrian Mountains, Spain). Geoheritage, 12, Article number: 86 (2020). https:\/\/doi.org\/10.1007\/s12371-020-00513-z Serrano, E., L\u00f3pez-Moreno, J.I., G\u00f3mez-Lende, M., Pisabarro, A., Mart\u00edn-Moreno, R., Rico, I., Alonso-Gonz\u00e1lez,\u2026","rel":"","context":"Entrada similar","img":{"alt_text":"","src":"","width":0,"height":0},"classes":[]},{"id":969,"url":"https:\/\/albergueweb1.uva.es\/gir_pangea\/?page_id=969","url_meta":{"origin":965,"position":2},"title":"Publicaciones 2013","date":"28 enero, 2016","format":false,"excerpt":"A\u00f1o 2013. Publicaciones internacionales. Maria Jos\u00e9 Gonz\u00e1lez\u00a0Amuchastegui, Enrique Serrano Ca\u00f1adas, Juan Jos\u00e9 Gonz\u00e1lez Trueba, Maria Gonz\u00e1lez Garc\u00eda. (2013). GEOMORPHOSITES, A USEFUL TOOL FOR ENVIRONMENTAL MANAGEMENT IN NATURAL PROTECTED AREAS \u00c1LAVA, THE BASQUE COUNTRY, SPAIN. En: Managing Geosites in Protected Areas, Collection EDYTEM, n\u00b0 15. Grenoble. \u00a0pp.87-94. Serrano E., J.J. Gonz\u00e1lez-Trueba,\u2026","rel":"","context":"Entrada similar","img":{"alt_text":"","src":"","width":0,"height":0},"classes":[]},{"id":1033,"url":"https:\/\/albergueweb1.uva.es\/gir_pangea\/?page_id=1033","url_meta":{"origin":965,"position":3},"title":"Publicaciones 2016","date":"14 septiembre, 2016","format":false,"excerpt":"Pisabarro, A., Pellitero, R., Serrano, E., G\u00f3mez-Lende, M., & Gonz\u00e1lez-Trueba, J. J. (2017). Ground temperatures, landforms and processes in an Atlantic mountain. Cantabrian Mountains (Northern Spain). Catena. http:\/\/dx.doi.org\/10.1016\/j.catena.2016.07.051. G\u00f3mez Lende, M. (2016). Cuevas heladas en el Parque nacional de los Picos de Europa. fronteras subterr\u00e1nea del hielo en el macizo\u2026","rel":"","context":"Entrada similar","img":{"alt_text":"","src":"","width":0,"height":0},"classes":[]},{"id":973,"url":"https:\/\/albergueweb1.uva.es\/gir_pangea\/?page_id=973","url_meta":{"origin":965,"position":4},"title":"Publicaciones 2011","date":"28 enero, 2016","format":false,"excerpt":"A\u00f1o 2011. Publicaciones internacionales. Serrano, E.; Gonz\u00e1lez-Trueba, J.J.; Sanjos\u00e9, J.J.; Del R\u00edo, L.M. (2011). \"ICE PATCH\u00a0 ORIGIN, EVOLUTION AND DYNAMICS IN A TEMPERATE MARITIME HIGH\u00a0 MOUNTAIN: THE JOU NEGRO, PICOS DE EUROPA (NW\u00a0 SPAIN).\" Geografiska Annaler,\u00a0 n\u00ba 93, 2, 97-70, 2010, DOI: 10.1111\/j.1468-0459.2011.00006.x. Serrano E., Gonz\u00e1lez Trueba J.J.(2011). \"ENVIRONMENTAL EDUCATION\u2026","rel":"","context":"Entrada similar","img":{"alt_text":"","src":"","width":0,"height":0},"classes":[]},{"id":971,"url":"https:\/\/albergueweb1.uva.es\/gir_pangea\/?page_id=971","url_meta":{"origin":965,"position":5},"title":"Publicaciones 2012","date":"28 enero, 2016","format":false,"excerpt":"A\u00f1o 2012. Publicaciones internacionales. Serrano, E., Gonz\u00e1lez-Trueba, J.J., Gonz\u00e1lez-Garc\u00eda, M., 2012. MOUNTAIN GLACIATION AND PALEOCLIMATE RECONSTRUCTION IN THE PICOS DE EUROPA (IBERIAN PENINSULA, SW EUROPE). Quaternary Research, doi.org\/10.1016 \/j.yqres.2012.016. M. Morell\u00f3n, A. P\u00e9rez-Sanz, J. P. Corella, U. Buntgen, J. Catalan, P. Gonzalez-Samperiz, J. J. Gonzalez-Trueba, J. A. Lopez-Saez, A. Moreno,\u2026","rel":"","context":"Entrada similar","img":{"alt_text":"","src":"","width":0,"height":0},"classes":[]}],"_links":{"self":[{"href":"https:\/\/albergueweb1.uva.es\/gir_pangea\/index.php?rest_route=\/wp\/v2\/pages\/965"}],"collection":[{"href":"https:\/\/albergueweb1.uva.es\/gir_pangea\/index.php?rest_route=\/wp\/v2\/pages"}],"about":[{"href":"https:\/\/albergueweb1.uva.es\/gir_pangea\/index.php?rest_route=\/wp\/v2\/types\/page"}],"author":[{"embeddable":true,"href":"https:\/\/albergueweb1.uva.es\/gir_pangea\/index.php?rest_route=\/wp\/v2\/users\/1"}],"replies":[{"embeddable":true,"href":"https:\/\/albergueweb1.uva.es\/gir_pangea\/index.php?rest_route=%2Fwp%2Fv2%2Fcomments&post=965"}],"version-history":[{"count":3,"href":"https:\/\/albergueweb1.uva.es\/gir_pangea\/index.php?rest_route=\/wp\/v2\/pages\/965\/revisions"}],"predecessor-version":[{"id":1040,"href":"https:\/\/albergueweb1.uva.es\/gir_pangea\/index.php?rest_route=\/wp\/v2\/pages\/965\/revisions\/1040"}],"wp:attachment":[{"href":"https:\/\/albergueweb1.uva.es\/gir_pangea\/index.php?rest_route=%2Fwp%2Fv2%2Fmedia&parent=965"}],"curies":[{"name":"wp","href":"https:\/\/api.w.org\/{rel}","templated":true}]}}