{"id":967,"date":"2016-01-28T16:14:24","date_gmt":"2016-01-28T16:14:24","guid":{"rendered":"http:\/\/www5.uva.es\/gir_pangea\/?page_id=967"},"modified":"2016-01-28T16:14:24","modified_gmt":"2016-01-28T16:14:24","slug":"publicaciones-2014","status":"publish","type":"page","link":"https:\/\/albergueweb1.uva.es\/gir_pangea\/?page_id=967","title":{"rendered":"Publicaciones 2014"},"content":{"rendered":"<p style=\"text-align: justify;\" align=\"center\"><strong>A\u00f1o 2014. Publicaciones internacionales.<\/strong><\/p>\n<p style=\"text-align: justify;\">Serrano, E., G\u00f3mez-Lende, M., Gonz\u00e1lez-Amuchastegui, M.J., Gonz\u00e1lez-Garc\u00eda, M., Gonz\u00e1lez-Trueba,J.J., Pellitero, R., Rico, I. 2014.\u00a0GLACIAL CHRONOLOGY, ENVIRONMENTAL CHANGES AND IMPLICATIONS ON THE HUMAN OCCUPATION DURING THE UPPER PLEISTOCENE IN THE EASTERN CANTABRIAN MOUNTAINS. Quaternary International, doi 10.1016\/j.quaint. 2014.09.039.<\/p>\n<p style=\"text-align: justify;\">Gonz\u00e1lez-Amuchastegui, M.J., Serrano, E., 2014. TUFA BUILDUPS, LANDSCAPE EVOLUTION AND HUMAN IMPACT DURING THE HOLOCENE IN THE UPPER EBRO BASIN, Quaternary International, doi. 10.1016\/j.quaint. 2014.06.032.<\/p>\n<p style=\"text-align: justify;\">Sanjos\u00e9, J.J., Berenguer, F., Atkinson, A.D.J., De Mat\u00edas, J., Serrano, E., G\u00f3mez-Ortiz, A., Gonz\u00e1lez-Garc\u00eda, M. and Rico, I., 2014. GEOMATICS TECHNIQUES APPLIED TO GLACIERS, ROCK GLACIERS, AND ICE-PATCHES IN SPAIN (1991\u20132012). Geografiska Annaler: Series A, Physical Geography, 96, 307\u2013321.<\/p>\n<p style=\"text-align: justify;\">Sandra Mink, Jer\u00f3nimo L\u00f3pez-Mart\u00ednez, Adolfo Maestro, Julio Garrote, Jos\u00e9 A. Ortega, Enrique Serrano, Juan Jos\u00e9 Dur\u00e1n, Thomas Schmid., 2014. INSIGHTS INTO DEGLACIATION OF THE LARGEST ICE-FREE AREA IN THE SOUTH SHETLAND ISLANDS (ANTARCTICA) FROM QUANTITATIVE ANALYSIS OF THE DRAINAGE SYSTEM. Geomorphology, 225, 4-24.<\/p>\n<p style=\"text-align: justify;\">2014. MID- AND LARGE-SCALE GEODIVERSITY CALCULATION IN FUENTES CARRIONAS (NW SPAIN) AND SERRA DO CADEADO (PARAN\u00c1, BRAZIL): METHODOLOGY AND APPLICATION FOR LAND MANAGEMENT. Geografiska Annaler: Series A, Physical Geography, doi:10.1111\/geoa.12057<\/p>\n<p style=\"text-align: justify;\">Martin, S., Ghiraldi, L., Pellitero, R. &amp; Reynard, E. (2014): \u201cMULTI-SCALE WEB MAPPING FOR GEOHERITAGE VISUALISATION AND PROMOTION\u201d. Geoheritage. Doi, 10.1007\/s12371-014-0102-3<\/p>\n<p style=\"text-align: justify;\">J.K. Hillier, M.J. Smith, R. Armugam, I. Barr, C.M. Boston, C.D. Clark, J. Ely, A. Fankl, S.L. Greenwood, L. Gosselin, C. H\u00e4ttestrand, K. Hogan, A.L.C. Hughes, S.J. Livingstone, H. Lovell, M. McHenry, Y. Munoz, X.M. Pellicer, R. Pellitero, C. Robb, S. Roberson, D. Ruther, M. Spagnolo, M. Standell, C.R. Stokes, R. Storrar, N.J. Tate &amp; K. Wooldridge (2014). MANUAL MAPPING OF DRUMLINS IN SYNTHETIC LANDSCAPES TO ASSESS OPERATOR EFFECTIVENESS. Journal of Maps. Doi, 10.1080\/17445647.2014.957251<\/p>\n<p style=\"text-align: justify;\">Pellitero, R. (2014). GEOMORPHOLOGY AND GEOMORPHOLOGICAL LANDSCAPES OF FUENTES CARRIONAS.\u00a0Journal of Maps, 10 (2): 313-323.<\/p>\n<p style=\"text-align: justify;\">Pereira, E., Ruchkys, U., Pellitero, R. (2014) MODELAGEM DA GEODIVERSIDADE NA \u00c1REA DE PROTE\u00c7\u00c3O AMBIENTAL SUL DA REGI\u00c3O METROPOLITANA DE BELO HORIZONTE-MG. Geonomos, 21, 97-101.<\/p>\n<p style=\"text-align: justify;\">Roberto F.M.Michel, Carlos E.G.R. Schaefer, Jer\u00f3nimo L\u00f3pez-Mart\u00ednez, Felipe N.B. Simas, NickW. Haus, Enrique Serrano, James G. Bockheim.\u00a02014. SOILS AND LANDFORMS FROM FILDES PENINSULA AND ARDLEY ISLAND, MARITIME ANTARCTICA. Geomorphology, 225 (2014) 76\u201386<\/p>\n<p style=\"text-align: justify;\">Berenguer Sempere F., G\u00f3mez-Lende M., Serrano E. and de Sanjos\u00e9-Blasco J.J. (2014). ORTHOTHERMOGRAPHIES AND 3D MODELS AS POTENTIAL TOOLS IN ICE CAVE STUDIES: THE PE\u00d1A CASTIL ICE CAVE (PICOS DE EUROPA, NORTHERN SPAIN). International Journal of Speleology, 43 (1), 35-43.<\/p>\n<p style=\"text-align: justify;\">Martin S., Reynard, E., Pellitero, R., Ghiraldi, L. (2014). MULTI-SCALE WEB MAPPING FOR GEOHERITAGE VISUALISATION AND PROMOTION. Geoheritage, doi, 10.1007\/s12371-014-0102-3<\/p>\n<p style=\"text-align: justify;\">Del R\u00edo, Mariano, Rico, I., Serrano., Tejedo, J.J. (2014). APPLYING GPR AND LASER SCANNER TECHNIQUES TO MONITORING THE OSSOUE GLACIER (PYRENEES). Journal of Environmental and Engineering Geophysics, 19 (49), 239-248.<\/p>\n<div style=\"text-align: justify;\">\u00a0<strong style=\"font-size: 16px;\">A\u00f1o 2014. Publicaciones nacionales.<\/strong><\/div>\n<div style=\"text-align: justify;\"><\/div>\n<p style=\"text-align: justify;\" align=\"center\">M\u00aa.J. Gonz\u00e1lez Amuchastegui, I.Rico y A.Ibisate (2014). DIN\u00c1MICA LITORAL Y CAMBIOS MORFOL\u00d3GICOS EN UNA BARRA DE PLAYA (LEKEITIO, BIZKAIA). Avances en geomorfolog\u00eda Espa\u00f1ola, SEG-Universidad de Extremadura, C\u00e1ceres, pp.580-584.<\/p>\n<p style=\"text-align: justify;\" align=\"center\"><span style=\"font-family: Arial;\">Ram\u00f3n Pellitero, Brice R. Rea, Matteo Spagnolo, Jostein Bakke, Philip D. Hughes, Susan Ivy-Ochs, Sven Lukas, Hans Renssen y Adriano Ribolini. (2014). USO DE PALEOGLACIARES PARA LA RECONSTRUCCI\u00d3N DEL CLIMA DURANTE EL DRYAS RECIENTE EN EUROPA. Avances en la geomorfolog\u00eda Espa\u00f1ola, SEG-Universidad de Extremadura, C\u00e1ceres, pp.531-534. 2014.\u00a0<\/span><\/p>\n<p style=\"text-align: justify;\">Enrique Serrano\u00a0Ca\u00f1adas, Luis Mariano Del R\u00edo P\u00e9rez.\u00a0(2014). PAISAJES EN V\u00cdAS DE EXTINCI\u00d3N: LOS GLACIARES EN PICOS DE EUROPA Y PIRINEOS. En: Lozano Bartolozzi, M.M. y M\u00e9ndez, V(eds.).\u00a0<strong>Patrimonio cultural vinculado con el agua: paisaje, urbanismo, arte, ingenier\u00eda y turismo<\/strong>. Editora regional de Extremadura-Universidad de Extremadura. M\u00e9rida, pp.337-356.<\/p>\n<p style=\"text-align: justify;\">Serrano, E. y Gonz\u00e1lez Amuchastegui, M.J. (2014). SECUENCIAS TOB\u00c1CEAS Y CAMBIOS DE PAISAJE EN EL ALTO EBRO. En\u00a0<strong>Geoecolog\u00eda, Cambio Ambiental y Paisaje. Homenaje al Profesor J.M. Garc\u00eda Ruiz<\/strong>.\u00a0 IPE-CSIC-Universidad de La Rioja, Logro\u00f1o, pp. 117-128.<\/p>\n<p style=\"text-align: justify;\">M\u00aa Jos\u00e9 Gonz\u00e1lez Amuchastegui y Enrique Serrano Ca\u00f1adas (2014). LAS TOBAS DE LA CUENCA ALTA DEL EBRO. En J.A. Gonz\u00e1lez Mart\u00edn y M.J. Gonz\u00e1lez Amuchastegui (Eds.).\u00a0<strong>Las Tobas en Espa\u00f1a<\/strong>. Sociedad Espa\u00f1ola de Geomorfolog\u00eda, Madrid, pp. 119-140.<\/p>\n<p style=\"text-align: justify;\">E. Serrano, M.J. G\u00f3nz\u00e1lez Amuchastegui (2014). TOBAS Y PATRIMONIO EN LA CIUDAD DE FR\u00cdAS (BURGOS). EL PATRIMONIO GEOMORFOL\u00d3GICO COMO PARTE DEL CONJUNTO HIST\u00d3RICO. Avances en la geomorfolog\u00eda Espa\u00f1ola, SEG-Universidad de Extremadura, C\u00e1ceres, pp.425-428.<\/p>\n<p style=\"text-align: justify;\">M.J. Gonz\u00e1lez Amuchastegui, E. Serrano\u00a0 y A. Soria. (2014). CAMBIOS AMBIENTALES Y RESPUESTA GEOMORFOL\u00d3GICA EN FRIAS-TOBALINA (ALTO EBRO, BURGOS). Avances en la geomorfolog\u00eda Espa\u00f1ola, SEG-Universidad de Extremadura, C\u00e1ceres, pp. 91-94.\u00a0 2014.<\/p>\n<p style=\"text-align: justify;\">J.J. de Sanjos\u00e9, E. Serrano, M. L\u00f3pez Gonz\u00e1lez, F. Soler Flores (2014). AN\u00c1LISIS DE LA DIN\u00c1MICA DE LOS TALUDES Y CONOS DE DERRUBIOS DE \u201cLA VUELTONA\u201d (PICOS DE EUROPA). Avances en la geomorfolog\u00eda Espa\u00f1ola, SEG-Universidad de Extremadura, C\u00e1ceres, pp.356-359.\u00a0 2014.<\/p>\n<p style=\"text-align: justify;\">Rico, I., Serrano, E. L\u00f3pez Moreno, I., Revuelto, J.,\u00a0 Atkinson, A., S\u00e1n Jos\u00e9, J.J. (2014).\u00a0 EL GLACIAR DE LA MALADETA (PIRINEOS): EVOLUCI\u00d3N DEL FRENTE Y VARIABILIDAD AMBIENTAL (2010-2013) Avances en la geomorfolog\u00eda Espa\u00f1ola, SEG-Universidad de Extremadura, C\u00e1ceres, pp.535-538.\u00a0 2014.<\/p>\n<p style=\"text-align: justify;\">J.J. de Sanjos\u00e9, E. Serrano, F. Berenguer, J.J. Gonz\u00e1lez-Trueba, M. G\u00f3mez-Lende, M. Gonz\u00e1lez-Garc\u00eda y M. Guerrero Castro (2014).\u00a0 EVOLUCI\u00d3N HIST\u00d3RICA Y ACTUAL DE LA L\u00cdNEA DE COSTA EN LAS PLAYAS DE SOMO Y GERRA (CANTABRIA) MEDIANTE FOTOGRAMETR\u00cdA A\u00c9REA Y ESC\u00c1NER L\u00c1SER Avances en la geomorfolog\u00eda Espa\u00f1ola, SEG-Universidad de Extremadura, C\u00e1ceres, pp.560-564.\u00a0 2014.<\/p>\n<p style=\"text-align: justify;\">L\u00f3pez-Moreno, J.I.; Revuelto, J.; Rico, I.; Garc\u00eda-Ruiz, J.M.;\u00a0 Vicente-Serrano, S.M.; Serreta, A.; Del R\u00edo, M., Serrano, E. (2014). RESPUESTA DEL GLACIAR NORTE DE MONTE PERDIDO A CONDICIONES CLIM\u00c1TICAS CONTRASTADAS MEDIANTE MEDICIONES DE LASER ESC\u00c1NER TERRESTRE. Avances en la geomorfolog\u00eda Espa\u00f1ola, SEG-Universidad de Extremadura, C\u00e1ceres, pp.319-322.\u00a0 2014.<\/p>\n<p style=\"text-align: justify;\">M. Gonz\u00e1lez, E. Serrano, M. G\u00f3mez y J,J. Gonz\u00e1lez. (2014). LA ORGANIZACI\u00d3N ALTITUDINAL DEL PISO PERIGLACIAR DE LA SIERRA DE CEBOLLEDA (CORDILLERA CANT\u00c1BRICA). Avances en la geomorfolog\u00eda Espa\u00f1ola, SEG-Universidad de Extremadura, C\u00e1ceres, pp.515-518.\u00a0 2014.<\/p>\n","protected":false},"excerpt":{"rendered":"<p>A\u00f1o 2014. Publicaciones internacionales. Serrano, E., G\u00f3mez-Lende, M., Gonz\u00e1lez-Amuchastegui, M.J., Gonz\u00e1lez-Garc\u00eda, M., Gonz\u00e1lez-Trueba,J.J., Pellitero, R., Rico, I. 2014.\u00a0GLACIAL CHRONOLOGY, ENVIRONMENTAL CHANGES AND IMPLICATIONS ON THE HUMAN OCCUPATION DURING THE UPPER PLEISTOCENE IN THE EASTERN CANTABRIAN MOUNTAINS. Quaternary International, doi 10.1016\/j.quaint. 2014.09.039. Gonz\u00e1lez-Amuchastegui, M.J., Serrano, E., 2014. TUFA BUILDUPS, LANDSCAPE EVOLUTION AND HUMAN IMPACT DURING THE [&hellip;]<\/p>\n","protected":false},"author":1,"featured_media":0,"parent":0,"menu_order":0,"comment_status":"closed","ping_status":"closed","template":"","meta":{"jetpack_post_was_ever_published":false},"jetpack_sharing_enabled":true,"jetpack_shortlink":"https:\/\/wp.me\/P79crb-fB","jetpack-related-posts":[{"id":965,"url":"https:\/\/albergueweb1.uva.es\/gir_pangea\/?page_id=965","url_meta":{"origin":967,"position":0},"title":"Publicaciones 2015","date":"28 enero, 2016","format":false,"excerpt":"A\u00f1o 2015. Publicaciones internacionales Gonz\u00e1lez Amuchastegui, M.J., Serrano, E., 2015. TUFA BUILDUPS, LANDSCAPE EVOLUTION AND HUMAN IMPACT DURING THE HOLOCENE IN THE UPPER EBRO BASIN. Quaternary International, 364, 54-64. Gonz\u00e1lez Amuchastegui, M. J., Serrano, E. 2015. LATE-PLEISTOCENE AND HOLOCENE TUFA COMPLEX AND GEOMORPHOLOGICAL EVOLUTION IN UPPER EBRO BASIN (NORTHERN SPAIN).\u2026","rel":"","context":"Entrada similar","img":{"alt_text":"","src":"","width":0,"height":0},"classes":[]},{"id":1033,"url":"https:\/\/albergueweb1.uva.es\/gir_pangea\/?page_id=1033","url_meta":{"origin":967,"position":1},"title":"Publicaciones 2016","date":"14 septiembre, 2016","format":false,"excerpt":"Pisabarro, A., Pellitero, R., Serrano, E., G\u00f3mez-Lende, M., & Gonz\u00e1lez-Trueba, J. J. (2017). Ground temperatures, landforms and processes in an Atlantic mountain. Cantabrian Mountains (Northern Spain). Catena. http:\/\/dx.doi.org\/10.1016\/j.catena.2016.07.051. G\u00f3mez Lende, M. (2016). Cuevas heladas en el Parque nacional de los Picos de Europa. fronteras subterr\u00e1nea del hielo en el macizo\u2026","rel":"","context":"Entrada similar","img":{"alt_text":"","src":"","width":0,"height":0},"classes":[]},{"id":969,"url":"https:\/\/albergueweb1.uva.es\/gir_pangea\/?page_id=969","url_meta":{"origin":967,"position":2},"title":"Publicaciones 2013","date":"28 enero, 2016","format":false,"excerpt":"A\u00f1o 2013. Publicaciones internacionales. Maria Jos\u00e9 Gonz\u00e1lez\u00a0Amuchastegui, Enrique Serrano Ca\u00f1adas, Juan Jos\u00e9 Gonz\u00e1lez Trueba, Maria Gonz\u00e1lez Garc\u00eda. (2013). GEOMORPHOSITES, A USEFUL TOOL FOR ENVIRONMENTAL MANAGEMENT IN NATURAL PROTECTED AREAS \u00c1LAVA, THE BASQUE COUNTRY, SPAIN. En: Managing Geosites in Protected Areas, Collection EDYTEM, n\u00b0 15. Grenoble. \u00a0pp.87-94. Serrano E., J.J. Gonz\u00e1lez-Trueba,\u2026","rel":"","context":"Entrada similar","img":{"alt_text":"","src":"","width":0,"height":0},"classes":[]},{"id":971,"url":"https:\/\/albergueweb1.uva.es\/gir_pangea\/?page_id=971","url_meta":{"origin":967,"position":3},"title":"Publicaciones 2012","date":"28 enero, 2016","format":false,"excerpt":"A\u00f1o 2012. Publicaciones internacionales. Serrano, E., Gonz\u00e1lez-Trueba, J.J., Gonz\u00e1lez-Garc\u00eda, M., 2012. MOUNTAIN GLACIATION AND PALEOCLIMATE RECONSTRUCTION IN THE PICOS DE EUROPA (IBERIAN PENINSULA, SW EUROPE). Quaternary Research, doi.org\/10.1016 \/j.yqres.2012.016. M. Morell\u00f3n, A. P\u00e9rez-Sanz, J. P. Corella, U. Buntgen, J. Catalan, P. Gonzalez-Samperiz, J. J. Gonzalez-Trueba, J. A. Lopez-Saez, A. Moreno,\u2026","rel":"","context":"Entrada similar","img":{"alt_text":"","src":"","width":0,"height":0},"classes":[]},{"id":1770,"url":"https:\/\/albergueweb1.uva.es\/gir_pangea\/?page_id=1770","url_meta":{"origin":967,"position":4},"title":"Publicaciones 2020","date":"4 marzo, 2021","format":false,"excerpt":"Serrano, E., Gonz\u00e1lez Amuchastegui, M.J. (2020). Cultural Heritage, landforms and integrated territorial heritage. The close relationship between tufas, cultural remains and landscape in the Upper Ebro Basin (Cantabrian Mountains, Spain). Geoheritage, 12, Article number: 86 (2020). https:\/\/doi.org\/10.1007\/s12371-020-00513-z Serrano, E., L\u00f3pez-Moreno, J.I., G\u00f3mez-Lende, M., Pisabarro, A., Mart\u00edn-Moreno, R., Rico, I., Alonso-Gonz\u00e1lez,\u2026","rel":"","context":"Entrada similar","img":{"alt_text":"","src":"","width":0,"height":0},"classes":[]},{"id":1287,"url":"https:\/\/albergueweb1.uva.es\/gir_pangea\/?page_id=1287","url_meta":{"origin":967,"position":5},"title":"Publicaciones 2017","date":"25 junio, 2018","format":false,"excerpt":"Publicaciones 2017 Serrano, E.\u00a0 Gonz\u00e1lez-Trueba, J.J., Pellitero, R., G\u00f3mez-Lende, M. 2017. Quaternary glacial history of the Cantabrian Mountains of northern Spain: a new synthesis. M. En: Hughes, P. D. & Woodward, J. C. (eds) Quaternary Glaciation in the Mediterranean Mountains. Geological Society, London, Geological Society, London, Special Publications, 433, 55\u201385.\u2026","rel":"","context":"Entrada similar","img":{"alt_text":"","src":"","width":0,"height":0},"classes":[]}],"_links":{"self":[{"href":"https:\/\/albergueweb1.uva.es\/gir_pangea\/index.php?rest_route=\/wp\/v2\/pages\/967"}],"collection":[{"href":"https:\/\/albergueweb1.uva.es\/gir_pangea\/index.php?rest_route=\/wp\/v2\/pages"}],"about":[{"href":"https:\/\/albergueweb1.uva.es\/gir_pangea\/index.php?rest_route=\/wp\/v2\/types\/page"}],"author":[{"embeddable":true,"href":"https:\/\/albergueweb1.uva.es\/gir_pangea\/index.php?rest_route=\/wp\/v2\/users\/1"}],"replies":[{"embeddable":true,"href":"https:\/\/albergueweb1.uva.es\/gir_pangea\/index.php?rest_route=%2Fwp%2Fv2%2Fcomments&post=967"}],"version-history":[{"count":1,"href":"https:\/\/albergueweb1.uva.es\/gir_pangea\/index.php?rest_route=\/wp\/v2\/pages\/967\/revisions"}],"predecessor-version":[{"id":968,"href":"https:\/\/albergueweb1.uva.es\/gir_pangea\/index.php?rest_route=\/wp\/v2\/pages\/967\/revisions\/968"}],"wp:attachment":[{"href":"https:\/\/albergueweb1.uva.es\/gir_pangea\/index.php?rest_route=%2Fwp%2Fv2%2Fmedia&parent=967"}],"curies":[{"name":"wp","href":"https:\/\/api.w.org\/{rel}","templated":true}]}}