{"id":969,"date":"2016-01-28T16:15:27","date_gmt":"2016-01-28T16:15:27","guid":{"rendered":"http:\/\/www5.uva.es\/gir_pangea\/?page_id=969"},"modified":"2016-01-28T16:15:27","modified_gmt":"2016-01-28T16:15:27","slug":"publicaciones-2013","status":"publish","type":"page","link":"https:\/\/albergueweb1.uva.es\/gir_pangea\/?page_id=969","title":{"rendered":"Publicaciones 2013"},"content":{"rendered":"<p style=\"text-align: justify;\" align=\"center\"><strong>A\u00f1o 2013. Publicaciones internacionales.<\/strong><\/p>\n<p style=\"text-align: justify;\">Maria Jos\u00e9 Gonz\u00e1lez\u00a0Amuchastegui, Enrique Serrano Ca\u00f1adas, Juan Jos\u00e9 Gonz\u00e1lez Trueba, Maria Gonz\u00e1lez Garc\u00eda. (2013). GEOMORPHOSITES, A USEFUL TOOL FOR ENVIRONMENTAL MANAGEMENT IN NATURAL PROTECTED AREAS \u00c1LAVA, THE BASQUE COUNTRY, SPAIN. En: Managing Geosites in Protected Areas, Collection EDYTEM, n\u00b0 15. Grenoble. \u00a0pp.87-94.<\/p>\n<p style=\"text-align: justify;\">Serrano E., J.J. Gonz\u00e1lez-Trueba, R. Pellitero, M. Gonz\u00e1lez-Garc\u00eda, M. G\u00f3mez-Lende (2013). QUATERNARY GLACIAL EVOLUTION IN THE CENTRAL CANTABRIAN MOUNTAINS (NORTHERN SPAIN). Geomorphology, 196, 65-82.<\/p>\n<p style=\"text-align: justify;\">Bockheim J.; G. Vieira, M. Ramos, J. L\u00f3pez-Mart\u00ednez, E. Serrano, M. Guglielmin, K. Wilhelm, A. Nieuwendam (2013). CLIMATE WARMING AND PERMAFROST DYNAMICS IN THE ANTARCTIC PENINSULA REGION. Global and Planetary Change, 100, 215-223.<\/p>\n<p style=\"text-align: justify;\">Del R\u00edo, Mariano, Rico, I., Serrano, I., Tejedo, J.J. APPLYING GPR AND LASER SCANNER TECHNIQUES TO MONITORING THE OSSOUE GLACIER (PYRENEES). Journal of Environmental and Engineering Geophysics, en prensa.<\/p>\n<p style=\"text-align: justify;\">Pellitero, R. (2013): GEOMORPHOLOGY AND GEOMORPHOLOGICAL LANDSCAPES OF FUENTES CARRIONAS, Journal of Maps, DOI:10.1080\/17445647. 2013.867822. Link: http:\/\/dx.doi.org\/10.1080\/ 17445647. 2013.867822<\/p>\n<p style=\"text-align: justify;\"><strong>A\u00f1o 2013. Publicaciones nacionales<\/strong><\/p>\n<p style=\"text-align: justify;\">Mart\u00edn Moreno, Ra\u00fal; Serrano Ca\u00f1adas, Enrique (2013). Evoluci\u00f3n del manto de nieve en el Alto \u00c1rtico, Nordenski\u00f6ld Land (Spitsbergen, Svalbard). Bolet\u00edn de la Asociaci\u00f3n de Ge\u00f3grafos Espa\u00f1oles, 61, 409-414.<\/p>\n<p style=\"text-align: justify;\">Gonz\u00e1lez Amuchastegui, M.J.; Serrano Ca\u00f1adas, E. (2013). ACUMULACIONES TOB\u00c1CEAS Y EVOLUCI\u00d3N DEL PAISAJE: CRONOLOG\u00cdA Y FASES MORFOGEN\u00c9TICAS EN EL ALTO EBRO (BURGOS) Cuaternario y Geomorfolog\u00eda (2013), 27 (1-2), 9-32.<\/p>\n<p style=\"text-align: justify;\">Sanjos\u00e9, J.J. de, E. Serrano, F. Berenguer, J.J. Gonz\u00e1lez-Trueba, M. G\u00f3mez-Lende y M. Gonz\u00e1lez-Garc\u00eda (2013). DESARROLLO DE LAS T\u00c9CNICAS GEOM\u00c1TICAS PARA EL AN\u00c1LISIS DEL LITORAL. APLICACI\u00d3N EN LA COSTA DE CANTABRIA (2009-2012). Geo-Temas 14, 191-194.<\/p>\n<p style=\"text-align: justify;\">Serrano, E.; G\u00f3mez Lende, M.; Gonz\u00e1lez Trueba, J.J.; Turu, V.; Ros, X. (2013). FLUCTUACIONES GLACIARES PLEISTOCENAS Y CRONOLOG\u00cdA EN LAS MONTA\u00d1AS PASIEGAS (CORDILLERA CANT\u00c1BRICA). Cuaternario y Geomorfolog\u00eda (2013), 27 (1-2), 91-110.<\/p>\n<p style=\"text-align: justify;\">Mart\u00ednez Fern\u00e1ndez, Luis Carlos; Delgado Urrecho, Jos\u00e9 Mar\u00eda. (2013). POBLACI\u00d3N, ADMINISTRACI\u00d3N Y TERRITORIO EN CASTILLA Y LE\u00d3N: DESEQUILIBRIOS Y DESAF\u00cdOS DEL MODELO DE POBLAMIENTO. Er\u00eda, 90, 5-30.<\/p>\n<p style=\"text-align: justify;\">Serrano Ca\u00f1adas, Enrique (2013). MONTA\u00d1AS, PAISAJE Y PATRIMONIO. Nimbus, 29-30, (diciembre de 2012), 701-718.<\/p>\n<p style=\"text-align: justify;\">Serrano, E.; Gonz\u00e1lez Trueba, J.J. (2013). DESARROLLO DE LA CARTOGRAF\u00cdA DE MONTA\u00d1A EN LOS PICOS DE EUROPA (1850-2000). Bolet\u00edn de la Real Sociedad Geogr\u00e1fica, CXLVIII (diciembre 2012), 263-290.<\/p>\n<p style=\"text-align: justify;\">Guillermo Baz\u00e1n H\u00e9ctor(2013). EL MENSAJE DE LOS PANELES INTERPRETATIVOS Y EL APROVECHAMIENTO TUR\u00cdSTICO Y EDUCATIVO DEL PATRIMONIO NATURAL. Macla, revista de la Sociedad Espa\u00f1ola de Mineralog\u00eda, n\u00ba 16, pp. 57-58.<\/p>\n<p style=\"text-align: justify;\">Guillermo Baz\u00e1n H\u00e9ctor (2013). REVELACI\u00d3N DE SIGNIFICADOS EN EDUCACI\u00d3N E INTERPRETACI\u00d3N. Bolet\u00edn de Interpretaci\u00f3n de la AIP, N\u00ba 28, pp. 16-21.<\/p>\n<p style=\"text-align: justify;\">Guillermo Baz\u00e1n H\u00e9ctor (2013). EL ESTUDIO DEL PAISAJE URBANO DENTRO DEL CURR\u00cdCULO DE LA EDUCACI\u00d3N OBLIGATORIA DE LA PROVINCIA DE C\u00d3RDOBA (ARGENTINA). Em: Associa\u00e7\u00e3o Portuguesa de Ge\u00f3grafos (Ed.). A Cidade, um laborat\u00f3rio para a educa\u00e7\u00e3o geogr\u00e1fica. APG-AGE, Universidade do Porto, Oporto, pp. 187-200 (Obra en CD: ISBN 978-972-99669-3-4, 575 p).<\/p>\n<p style=\"text-align: justify;\">Serrano, E., G\u00f3mez Lende, M. (2013). HIELOS SUBTERR\u00c1NEOS EN PICOS DE EUROPA. Tajahierro, 10 (4), 26-29.<\/p>\n","protected":false},"excerpt":{"rendered":"<p>A\u00f1o 2013. Publicaciones internacionales. Maria Jos\u00e9 Gonz\u00e1lez\u00a0Amuchastegui, Enrique Serrano Ca\u00f1adas, Juan Jos\u00e9 Gonz\u00e1lez Trueba, Maria Gonz\u00e1lez Garc\u00eda. (2013). GEOMORPHOSITES, A USEFUL TOOL FOR ENVIRONMENTAL MANAGEMENT IN NATURAL PROTECTED AREAS \u00c1LAVA, THE BASQUE COUNTRY, SPAIN. En: Managing Geosites in Protected Areas, Collection EDYTEM, n\u00b0 15. Grenoble. \u00a0pp.87-94. Serrano E., J.J. Gonz\u00e1lez-Trueba, R. Pellitero, M. Gonz\u00e1lez-Garc\u00eda, M. [&hellip;]<\/p>\n","protected":false},"author":1,"featured_media":0,"parent":0,"menu_order":0,"comment_status":"closed","ping_status":"closed","template":"","meta":{"jetpack_post_was_ever_published":false},"jetpack_sharing_enabled":true,"jetpack_shortlink":"https:\/\/wp.me\/P79crb-fD","jetpack-related-posts":[{"id":971,"url":"https:\/\/albergueweb1.uva.es\/gir_pangea\/?page_id=971","url_meta":{"origin":969,"position":0},"title":"Publicaciones 2012","date":"28 enero, 2016","format":false,"excerpt":"A\u00f1o 2012. Publicaciones internacionales. Serrano, E., Gonz\u00e1lez-Trueba, J.J., Gonz\u00e1lez-Garc\u00eda, M., 2012. MOUNTAIN GLACIATION AND PALEOCLIMATE RECONSTRUCTION IN THE PICOS DE EUROPA (IBERIAN PENINSULA, SW EUROPE). Quaternary Research, doi.org\/10.1016 \/j.yqres.2012.016. M. Morell\u00f3n, A. P\u00e9rez-Sanz, J. P. Corella, U. Buntgen, J. Catalan, P. Gonzalez-Samperiz, J. J. Gonzalez-Trueba, J. A. Lopez-Saez, A. Moreno,\u2026","rel":"","context":"Entrada similar","img":{"alt_text":"","src":"","width":0,"height":0},"classes":[]},{"id":965,"url":"https:\/\/albergueweb1.uva.es\/gir_pangea\/?page_id=965","url_meta":{"origin":969,"position":1},"title":"Publicaciones 2015","date":"28 enero, 2016","format":false,"excerpt":"A\u00f1o 2015. Publicaciones internacionales Gonz\u00e1lez Amuchastegui, M.J., Serrano, E., 2015. TUFA BUILDUPS, LANDSCAPE EVOLUTION AND HUMAN IMPACT DURING THE HOLOCENE IN THE UPPER EBRO BASIN. Quaternary International, 364, 54-64. Gonz\u00e1lez Amuchastegui, M. J., Serrano, E. 2015. LATE-PLEISTOCENE AND HOLOCENE TUFA COMPLEX AND GEOMORPHOLOGICAL EVOLUTION IN UPPER EBRO BASIN (NORTHERN SPAIN).\u2026","rel":"","context":"Entrada similar","img":{"alt_text":"","src":"","width":0,"height":0},"classes":[]},{"id":1033,"url":"https:\/\/albergueweb1.uva.es\/gir_pangea\/?page_id=1033","url_meta":{"origin":969,"position":2},"title":"Publicaciones 2016","date":"14 septiembre, 2016","format":false,"excerpt":"Pisabarro, A., Pellitero, R., Serrano, E., G\u00f3mez-Lende, M., & Gonz\u00e1lez-Trueba, J. J. (2017). Ground temperatures, landforms and processes in an Atlantic mountain. Cantabrian Mountains (Northern Spain). Catena. http:\/\/dx.doi.org\/10.1016\/j.catena.2016.07.051. G\u00f3mez Lende, M. (2016). Cuevas heladas en el Parque nacional de los Picos de Europa. fronteras subterr\u00e1nea del hielo en el macizo\u2026","rel":"","context":"Entrada similar","img":{"alt_text":"","src":"","width":0,"height":0},"classes":[]},{"id":1287,"url":"https:\/\/albergueweb1.uva.es\/gir_pangea\/?page_id=1287","url_meta":{"origin":969,"position":3},"title":"Publicaciones 2017","date":"25 junio, 2018","format":false,"excerpt":"Publicaciones 2017 Serrano, E.\u00a0 Gonz\u00e1lez-Trueba, J.J., Pellitero, R., G\u00f3mez-Lende, M. 2017. Quaternary glacial history of the Cantabrian Mountains of northern Spain: a new synthesis. M. En: Hughes, P. D. & Woodward, J. C. (eds) Quaternary Glaciation in the Mediterranean Mountains. Geological Society, London, Geological Society, London, Special Publications, 433, 55\u201385.\u2026","rel":"","context":"Entrada similar","img":{"alt_text":"","src":"","width":0,"height":0},"classes":[]},{"id":967,"url":"https:\/\/albergueweb1.uva.es\/gir_pangea\/?page_id=967","url_meta":{"origin":969,"position":4},"title":"Publicaciones 2014","date":"28 enero, 2016","format":false,"excerpt":"A\u00f1o 2014. Publicaciones internacionales. Serrano, E., G\u00f3mez-Lende, M., Gonz\u00e1lez-Amuchastegui, M.J., Gonz\u00e1lez-Garc\u00eda, M., Gonz\u00e1lez-Trueba,J.J., Pellitero, R., Rico, I. 2014.\u00a0GLACIAL CHRONOLOGY, ENVIRONMENTAL CHANGES AND IMPLICATIONS ON THE HUMAN OCCUPATION DURING THE UPPER PLEISTOCENE IN THE EASTERN CANTABRIAN MOUNTAINS. Quaternary International, doi 10.1016\/j.quaint. 2014.09.039. Gonz\u00e1lez-Amuchastegui, M.J., Serrano, E., 2014. TUFA BUILDUPS, LANDSCAPE EVOLUTION\u2026","rel":"","context":"Entrada similar","img":{"alt_text":"","src":"","width":0,"height":0},"classes":[]},{"id":973,"url":"https:\/\/albergueweb1.uva.es\/gir_pangea\/?page_id=973","url_meta":{"origin":969,"position":5},"title":"Publicaciones 2011","date":"28 enero, 2016","format":false,"excerpt":"A\u00f1o 2011. Publicaciones internacionales. Serrano, E.; Gonz\u00e1lez-Trueba, J.J.; Sanjos\u00e9, J.J.; Del R\u00edo, L.M. (2011). \"ICE PATCH\u00a0 ORIGIN, EVOLUTION AND DYNAMICS IN A TEMPERATE MARITIME HIGH\u00a0 MOUNTAIN: THE JOU NEGRO, PICOS DE EUROPA (NW\u00a0 SPAIN).\" Geografiska Annaler,\u00a0 n\u00ba 93, 2, 97-70, 2010, DOI: 10.1111\/j.1468-0459.2011.00006.x. Serrano E., Gonz\u00e1lez Trueba J.J.(2011). \"ENVIRONMENTAL EDUCATION\u2026","rel":"","context":"Entrada similar","img":{"alt_text":"","src":"","width":0,"height":0},"classes":[]}],"_links":{"self":[{"href":"https:\/\/albergueweb1.uva.es\/gir_pangea\/index.php?rest_route=\/wp\/v2\/pages\/969"}],"collection":[{"href":"https:\/\/albergueweb1.uva.es\/gir_pangea\/index.php?rest_route=\/wp\/v2\/pages"}],"about":[{"href":"https:\/\/albergueweb1.uva.es\/gir_pangea\/index.php?rest_route=\/wp\/v2\/types\/page"}],"author":[{"embeddable":true,"href":"https:\/\/albergueweb1.uva.es\/gir_pangea\/index.php?rest_route=\/wp\/v2\/users\/1"}],"replies":[{"embeddable":true,"href":"https:\/\/albergueweb1.uva.es\/gir_pangea\/index.php?rest_route=%2Fwp%2Fv2%2Fcomments&post=969"}],"version-history":[{"count":1,"href":"https:\/\/albergueweb1.uva.es\/gir_pangea\/index.php?rest_route=\/wp\/v2\/pages\/969\/revisions"}],"predecessor-version":[{"id":970,"href":"https:\/\/albergueweb1.uva.es\/gir_pangea\/index.php?rest_route=\/wp\/v2\/pages\/969\/revisions\/970"}],"wp:attachment":[{"href":"https:\/\/albergueweb1.uva.es\/gir_pangea\/index.php?rest_route=%2Fwp%2Fv2%2Fmedia&parent=969"}],"curies":[{"name":"wp","href":"https:\/\/api.w.org\/{rel}","templated":true}]}}