{"id":971,"date":"2016-01-28T16:16:06","date_gmt":"2016-01-28T16:16:06","guid":{"rendered":"http:\/\/www5.uva.es\/gir_pangea\/?page_id=971"},"modified":"2016-01-28T16:16:06","modified_gmt":"2016-01-28T16:16:06","slug":"publicaciones-2012","status":"publish","type":"page","link":"https:\/\/albergueweb1.uva.es\/gir_pangea\/?page_id=971","title":{"rendered":"Publicaciones 2012"},"content":{"rendered":"<p style=\"text-align: justify;\"><strong>A\u00f1o 2012. Publicaciones internacionales.<\/strong><\/p>\n<p style=\"text-align: justify;\">Serrano, E., Gonz\u00e1lez-Trueba, J.J., Gonz\u00e1lez-Garc\u00eda, M., 2012. MOUNTAIN GLACIATION AND PALEOCLIMATE RECONSTRUCTION IN THE PICOS DE EUROPA (IBERIAN PENINSULA, SW EUROPE). Quaternary Research, doi.org\/10.1016 \/j.yqres.2012.016.<\/p>\n<p style=\"text-align: justify;\">M. Morell\u00f3n, A. P\u00e9rez-Sanz, J. P. Corella, U. Buntgen, J. Catalan, P. Gonzalez-Samperiz, J. J. Gonzalez-Trueba, J. A. Lopez-Saez, A. Moreno, S. Pla, M. A. Saz, P. Scussolini, E. Serrano, F. Steinhilber, V. Stefanova, T. Vegas, and B. Valero. (2012). A MULTI-PROXY PERSPECTIVE ON MILLENNIUM-LONG CLIMATE VARIABILITY IN THE\u00a0 SOUTHERN PYRENEES. Climate of the Past, 8 :683\u2013700. doi:10.5194\/cp-8-683-2012.<\/p>\n<p style=\"text-align: justify;\">Mart\u00edn-Moreno R., E. Serrano, J.J. Gonz\u00e1lez-Trueba, M. Gonz\u00e1lez-Garc\u00eda. (2012). DEVELOPMENT AND LOCATION OF PATTERNED GROUND IN THE SOUTHERN PYRENEES (SPAIN). En: Resources and Risks of Permafrost Areas in a Changing Worl, Tenth International Conference on Permafrost (TICOP): Vol.4\/1. Fort Dialog-Iset: Ekaterinburg, Russia, 2012 : 363-366. ISBN 978-5-91128-050-5 (\u0422.4\/1).<\/p>\n<p style=\"text-align: justify;\">Serrano, E., J. L\u00f3pez-Mart\u00ednez (2012). GEOMORPHOLOGICAL MAPPING IN ANTARCTIC PERIGLACIAL ENVIRONMENT. THE GEOMORPHOLOGICAL MAP OF FILDES PEN\u00cdNSULA (KING GEORGE ISLAND, SOUTH SHETLANDS ARCHIPELAGO). En: Resources and Risks of Permafrost Areas in a Changing Worl, Tenth International Conference on Permafrost (TICOP): Vol.4\/1. Fort Dialog-Iset: Ekaterinburg, Russia, 2012 : 518-521. ISBN 978-5-91128-050-5 (\u0422.4\/1).<\/p>\n<p style=\"text-align: justify;\">Del Rio, M.; Rico, I.; Serrano, E.; Tejado, J. J. 2012. GPR PROSPECTION IN THE OSSOUE GLACIER (PYRENEES). En: Proceeding of 14th International Conference on Ground Penetrating Radar (GPR), 2012 Institute of Electrical and Electronics Engineers Conference Publications, USA, :684-688 10.1109\/ICGPR.2012.6254949.<\/p>\n<p style=\"text-align: justify;\">L\u00f3pez-Mart\u00ednez, Jer\u00f3nimo and Enrique Serrano (2012). NEW GEOMORPHOLOGICAL MAP OF FILDES PENINSULA, SOUTH SHETLAND ISLANDS, Antarctica Abstract n\u00ba 729. SCAR Open Science Conference. Portland, USA, July 2012.<\/p>\n<p style=\"text-align: justify;\"><strong>A\u00f1o 2012. Publicaciones nacionales.<\/strong><\/p>\n<p style=\"text-align: justify;\">G\u00f3mez Lende, M., Serrano, E., Sempere, F. (2012). Cuevas heladas en Picos de Europa primeros estudios en Ver\u00f3nica, Altaiz y Pe\u00f1a Castil. Karaitza, n\u00ba 19 : 56-61.<\/p>\n<p style=\"text-align: justify;\">Pellitero R., F. Manosso. (2012). El c\u00e1lculo de geodiversidad como herramienta para la gesti\u00f3n territorial. Actas XII Reuni\u00f3n Nacional de Geomorfolog\u00eda, Santander 2012.<\/p>\n<p style=\"text-align: justify;\">Gonz\u00e1lez Amuchastegui M.J, E. Serrano, J.J. Gonz\u00e1lez Trueba, M. Gonz\u00e1lez Garc\u00eda. (2012). Los lugares de inter\u00e9s geomorfol\u00f3gico como instrumentos de gesti\u00f3n territorial de los espacios naturales protegidos: El Parque Natural De Valderejo (\u00c1lava, Pa\u00eds Vasco). Actas XII Reuni\u00f3n Nacional de Geomorfolog\u00eda, Santander 2012.<\/p>\n<p style=\"text-align: justify;\">G\u00f3mez Lende M., E. Serrano Ca\u00f1adas (2012). Morfolog\u00edas, tipos de hielo y reg\u00edmenes t\u00e9rmicos. Primeros estudios en la cueva helada de Pe\u00f1a Castil (Picos de Europa, Cordillera Cant\u00e1brica). Actas XII Reuni\u00f3n Nacional de Geomorfolog\u00eda, Santander 2012.<\/p>\n<p style=\"text-align: justify;\">Gonz\u00e1lez Garc\u00eda M., E. Serrano Ca\u00f1adas y J.J. Gonz\u00e1lez Trueba (2012). Distribuci\u00f3n altitudinal de formas y procesos periglaciares en la Coma de La Pa\u00fal (Macizo del Posets, Pirineos). Actas XII Reuni\u00f3n Nacional de Geomorfolog\u00eda, Santander 2012.<\/p>\n<p style=\"text-align: justify;\">Pellitero Ondicol R.y E. Serrano Ca\u00f1adas (2012). La nieve como agente geomorfol\u00f3gico en la cara norte del pico Curavacas (Cordillera Cant\u00e1brica). Actas XII Reuni\u00f3n Nacional de Geomorfolog\u00eda, Santander 2012.<\/p>\n<p style=\"text-align: justify;\">Rico, I., Serrano, E., Del Rio, M., Sanjos\u00e9, J.J., Tejado Ramos, J.J. (2012). Estructura y din\u00e1mica actual del glaciar de La Paul (Pirineos): aplicaci\u00f3n de Laser-Escaner terrestre y georadar. Actas XII Reuni\u00f3n Nacional de Geomorfolog\u00eda, Santander 2012.<\/p>\n<p style=\"text-align: justify;\">Serrano E., J.J. Gonz\u00e1lez Trueba, M. del Rio (2012). La sedimentaci\u00f3n pleistocena del paleolago proglaciar de Campo Mayor y la evoluci\u00f3n glaciar de \u00c1liva (Picos de Europa, Cordillera Cant\u00e1brica). Actas XII Reuni\u00f3n Nacional de Geomorfolog\u00eda, Santander 2012.<\/p>\n<p style=\"text-align: justify;\">Sanjos\u00e9 J.J., E. Serrano, J. de Mat\u00edas, F. Berenguer, I. Rico (2012). La aplicaci\u00f3n de t\u00e9cnicas geom\u00e1ticas al estudio de procesos geomorfol\u00f3gicos en alta monta\u00f1a (Pirineos y Picos de Europa). Actas XII Reuni\u00f3n Nacional de Geomorfolog\u00eda, Santander 2012.<\/p>\n<p style=\"text-align: justify;\">Baz\u00e1n, H\u00e9ctor (2012). Descripci\u00f3n de una experiencia de ense\u00f1anza\/aprendizaje de Geograf\u00eda en Nivel Superior. En: Rafael de Miguel Gonz\u00e1lez, Mar\u00eda Luisa de L\u00e1zaro y Torres y Mar\u00eda Jes\u00fas Marr\u00f3n Gaite (eds.). La educaci\u00f3n geogr\u00e1fica digital. Zaragoza: Universidad de Zaragoza, AGE y Comenius , 694 p. ISBN: 978-84-938551-9-2.<\/p>\n","protected":false},"excerpt":{"rendered":"<p>A\u00f1o 2012. Publicaciones internacionales. Serrano, E., Gonz\u00e1lez-Trueba, J.J., Gonz\u00e1lez-Garc\u00eda, M., 2012. MOUNTAIN GLACIATION AND PALEOCLIMATE RECONSTRUCTION IN THE PICOS DE EUROPA (IBERIAN PENINSULA, SW EUROPE). Quaternary Research, doi.org\/10.1016 \/j.yqres.2012.016. M. Morell\u00f3n, A. P\u00e9rez-Sanz, J. P. Corella, U. Buntgen, J. Catalan, P. Gonzalez-Samperiz, J. J. Gonzalez-Trueba, J. A. Lopez-Saez, A. Moreno, S. Pla, M. A. Saz, [&hellip;]<\/p>\n","protected":false},"author":1,"featured_media":0,"parent":0,"menu_order":0,"comment_status":"closed","ping_status":"closed","template":"","meta":{"jetpack_post_was_ever_published":false},"jetpack_sharing_enabled":true,"jetpack_shortlink":"https:\/\/wp.me\/P79crb-fF","jetpack-related-posts":[{"id":969,"url":"https:\/\/albergueweb1.uva.es\/gir_pangea\/?page_id=969","url_meta":{"origin":971,"position":0},"title":"Publicaciones 2013","date":"28 enero, 2016","format":false,"excerpt":"A\u00f1o 2013. Publicaciones internacionales. Maria Jos\u00e9 Gonz\u00e1lez\u00a0Amuchastegui, Enrique Serrano Ca\u00f1adas, Juan Jos\u00e9 Gonz\u00e1lez Trueba, Maria Gonz\u00e1lez Garc\u00eda. (2013). GEOMORPHOSITES, A USEFUL TOOL FOR ENVIRONMENTAL MANAGEMENT IN NATURAL PROTECTED AREAS \u00c1LAVA, THE BASQUE COUNTRY, SPAIN. En: Managing Geosites in Protected Areas, Collection EDYTEM, n\u00b0 15. Grenoble. \u00a0pp.87-94. Serrano E., J.J. Gonz\u00e1lez-Trueba,\u2026","rel":"","context":"Entrada similar","img":{"alt_text":"","src":"","width":0,"height":0},"classes":[]},{"id":1033,"url":"https:\/\/albergueweb1.uva.es\/gir_pangea\/?page_id=1033","url_meta":{"origin":971,"position":1},"title":"Publicaciones 2016","date":"14 septiembre, 2016","format":false,"excerpt":"Pisabarro, A., Pellitero, R., Serrano, E., G\u00f3mez-Lende, M., & Gonz\u00e1lez-Trueba, J. J. (2017). Ground temperatures, landforms and processes in an Atlantic mountain. Cantabrian Mountains (Northern Spain). Catena. http:\/\/dx.doi.org\/10.1016\/j.catena.2016.07.051. G\u00f3mez Lende, M. (2016). Cuevas heladas en el Parque nacional de los Picos de Europa. fronteras subterr\u00e1nea del hielo en el macizo\u2026","rel":"","context":"Entrada similar","img":{"alt_text":"","src":"","width":0,"height":0},"classes":[]},{"id":1287,"url":"https:\/\/albergueweb1.uva.es\/gir_pangea\/?page_id=1287","url_meta":{"origin":971,"position":2},"title":"Publicaciones 2017","date":"25 junio, 2018","format":false,"excerpt":"Publicaciones 2017 Serrano, E.\u00a0 Gonz\u00e1lez-Trueba, J.J., Pellitero, R., G\u00f3mez-Lende, M. 2017. Quaternary glacial history of the Cantabrian Mountains of northern Spain: a new synthesis. M. En: Hughes, P. D. & Woodward, J. C. (eds) Quaternary Glaciation in the Mediterranean Mountains. Geological Society, London, Geological Society, London, Special Publications, 433, 55\u201385.\u2026","rel":"","context":"Entrada similar","img":{"alt_text":"","src":"","width":0,"height":0},"classes":[]},{"id":965,"url":"https:\/\/albergueweb1.uva.es\/gir_pangea\/?page_id=965","url_meta":{"origin":971,"position":3},"title":"Publicaciones 2015","date":"28 enero, 2016","format":false,"excerpt":"A\u00f1o 2015. Publicaciones internacionales Gonz\u00e1lez Amuchastegui, M.J., Serrano, E., 2015. TUFA BUILDUPS, LANDSCAPE EVOLUTION AND HUMAN IMPACT DURING THE HOLOCENE IN THE UPPER EBRO BASIN. Quaternary International, 364, 54-64. Gonz\u00e1lez Amuchastegui, M. J., Serrano, E. 2015. LATE-PLEISTOCENE AND HOLOCENE TUFA COMPLEX AND GEOMORPHOLOGICAL EVOLUTION IN UPPER EBRO BASIN (NORTHERN SPAIN).\u2026","rel":"","context":"Entrada similar","img":{"alt_text":"","src":"","width":0,"height":0},"classes":[]},{"id":967,"url":"https:\/\/albergueweb1.uva.es\/gir_pangea\/?page_id=967","url_meta":{"origin":971,"position":4},"title":"Publicaciones 2014","date":"28 enero, 2016","format":false,"excerpt":"A\u00f1o 2014. Publicaciones internacionales. Serrano, E., G\u00f3mez-Lende, M., Gonz\u00e1lez-Amuchastegui, M.J., Gonz\u00e1lez-Garc\u00eda, M., Gonz\u00e1lez-Trueba,J.J., Pellitero, R., Rico, I. 2014.\u00a0GLACIAL CHRONOLOGY, ENVIRONMENTAL CHANGES AND IMPLICATIONS ON THE HUMAN OCCUPATION DURING THE UPPER PLEISTOCENE IN THE EASTERN CANTABRIAN MOUNTAINS. Quaternary International, doi 10.1016\/j.quaint. 2014.09.039. Gonz\u00e1lez-Amuchastegui, M.J., Serrano, E., 2014. TUFA BUILDUPS, LANDSCAPE EVOLUTION\u2026","rel":"","context":"Entrada similar","img":{"alt_text":"","src":"","width":0,"height":0},"classes":[]},{"id":973,"url":"https:\/\/albergueweb1.uva.es\/gir_pangea\/?page_id=973","url_meta":{"origin":971,"position":5},"title":"Publicaciones 2011","date":"28 enero, 2016","format":false,"excerpt":"A\u00f1o 2011. Publicaciones internacionales. Serrano, E.; Gonz\u00e1lez-Trueba, J.J.; Sanjos\u00e9, J.J.; Del R\u00edo, L.M. (2011). \"ICE PATCH\u00a0 ORIGIN, EVOLUTION AND DYNAMICS IN A TEMPERATE MARITIME HIGH\u00a0 MOUNTAIN: THE JOU NEGRO, PICOS DE EUROPA (NW\u00a0 SPAIN).\" Geografiska Annaler,\u00a0 n\u00ba 93, 2, 97-70, 2010, DOI: 10.1111\/j.1468-0459.2011.00006.x. Serrano E., Gonz\u00e1lez Trueba J.J.(2011). \"ENVIRONMENTAL EDUCATION\u2026","rel":"","context":"Entrada similar","img":{"alt_text":"","src":"","width":0,"height":0},"classes":[]}],"_links":{"self":[{"href":"https:\/\/albergueweb1.uva.es\/gir_pangea\/index.php?rest_route=\/wp\/v2\/pages\/971"}],"collection":[{"href":"https:\/\/albergueweb1.uva.es\/gir_pangea\/index.php?rest_route=\/wp\/v2\/pages"}],"about":[{"href":"https:\/\/albergueweb1.uva.es\/gir_pangea\/index.php?rest_route=\/wp\/v2\/types\/page"}],"author":[{"embeddable":true,"href":"https:\/\/albergueweb1.uva.es\/gir_pangea\/index.php?rest_route=\/wp\/v2\/users\/1"}],"replies":[{"embeddable":true,"href":"https:\/\/albergueweb1.uva.es\/gir_pangea\/index.php?rest_route=%2Fwp%2Fv2%2Fcomments&post=971"}],"version-history":[{"count":1,"href":"https:\/\/albergueweb1.uva.es\/gir_pangea\/index.php?rest_route=\/wp\/v2\/pages\/971\/revisions"}],"predecessor-version":[{"id":972,"href":"https:\/\/albergueweb1.uva.es\/gir_pangea\/index.php?rest_route=\/wp\/v2\/pages\/971\/revisions\/972"}],"wp:attachment":[{"href":"https:\/\/albergueweb1.uva.es\/gir_pangea\/index.php?rest_route=%2Fwp%2Fv2%2Fmedia&parent=971"}],"curies":[{"name":"wp","href":"https:\/\/api.w.org\/{rel}","templated":true}]}}