{"id":786,"date":"2016-04-04T10:36:01","date_gmt":"2016-04-04T10:36:01","guid":{"rendered":"http:\/\/albergueweb.uva.es\/javiermatia\/?page_id=786"},"modified":"2025-08-22T11:05:57","modified_gmt":"2025-08-22T11:05:57","slug":"home","status":"publish","type":"page","link":"https:\/\/albergueweb1.uva.es\/javiermatia\/","title":{"rendered":"Home"},"content":{"rendered":"<p style=\"text-align: center;\">\n<div class=\"intro cf\"><img decoding=\"async\" alt=\"\" src=\"https:\/\/albergueweb1.uva.es\/javiermatia\/wp-content\/uploads\/2016\/05\/foto-javier-matia.jpg\"><\/p>\n<h2>Soy <strong>Francisco Javier Matia Portilla,&nbsp;<\/strong> <span class=\"rotate-words\"><span> investigador<\/span><span>profesor<\/span><span>Catedr\u00e1tico<\/span><\/span> del \u00e1rea de Derecho Constitucional de la Universidad de Valladolid. <\/h2>\n<\/div>\n<p style=\"text-align: center;\">En esta p\u00e1gina he tratado de reunir y sistematizar las publicaciones y las principales actividades realizadas en los campos de la investigaci\u00f3n y de la docencia<\/p>\n<p style=\"text-align: center;\"><a target=\"_blank\" href=\"https:\/\/albergueweb1.uva.es\/javiermatia\/wp-content\/uploads\/2024\/01\/CV-Javier-Matia-Completo-Dic.2023.pdf\" class=\"button  \">Curr\u00edculum completo<\/a>&nbsp;&nbsp;&nbsp; <a target=\"_blank\" href=\"https:\/\/albergueweb1.uva.es\/javiermatia\/wp-content\/uploads\/2022\/05\/CV-Javier-Matia-Abreviado.pdf\" class=\"button  \">Curr\u00edculum abreviado<\/a><\/p>\n<p>&nbsp;<\/p>\n<p class=\"selectionShareable\">&nbsp;<strong><span style=\"color: #000000;\">NOVEDADES<\/span><\/strong>:<\/p>\n<ul>\n<li><strong>Trabajos recientes: Monograf\u00eda: <span style=\"color: #ff0000;\"><em>La evaluaciones externas de las Universidades p\u00fablicas y de su personal docente<\/em><\/span><\/strong><em>&nbsp; <a href=\"https:\/\/albergueweb1.uva.es\/javiermatia\/wp-content\/uploads\/2025\/08\/2025-Evaluaciones-externas-2.pdf\" target=\"_blank\" rel=\"noopener noreferrer\"><strong>LIBRO COMPLETO<\/strong><\/a> &nbsp;\/ Cap\u00edtulo: <strong><span style=\"color: #ff0000;\">\u201cAlgunas propuestas para conjurar la colonizaci\u00f3n de las autoridades de control por parte de los partidos pol\u00edticos\u201d<\/span><\/strong>.&nbsp; <strong><a href=\"https:\/\/albergueweb1.uva.es\/javiermatia\/wp-content\/uploads\/2025\/08\/2025-Colonizacion-separata.pdf\" target=\"_blank\" rel=\"noopener\">Separata<\/a> <\/strong><\/em><\/li>\n<li><strong>Actualizaci\u00f3n completa de la p\u00e1gina<\/strong><\/li>\n<\/ul>\n<p>&nbsp;<\/p>\n<p>&nbsp;<\/p>\n<p>&nbsp;<\/p>\n","protected":false},"excerpt":{"rendered":"<p>En esta p\u00e1gina he tratado de reunir y sistematizar las publicaciones y las principales actividades realizadas en los campos de la investigaci\u00f3n y de la docencia &nbsp;&nbsp;&nbsp; &nbsp; &nbsp;NOVEDADES: Trabajos recientes: Monograf\u00eda: La evaluaciones externas de las Universidades p\u00fablicas y de su personal docente&nbsp; LIBRO COMPLETO &nbsp;\/ Cap\u00edtulo: \u201cAlgunas propuestas para conjurar la colonizaci\u00f3n de&#8230; <span class=\"more\"><a class=\"more-link\" href=\"https:\/\/albergueweb1.uva.es\/javiermatia\/\">Continue reading <span class=\"meta-nav\">&#8594;<\/span><\/a><\/span><\/p>\n","protected":false},"author":1,"featured_media":0,"parent":0,"menu_order":0,"comment_status":"closed","ping_status":"closed","template":"","meta":{"ngg_post_thumbnail":0,"footnotes":""},"class_list":["post-786","page","type-page","status-publish","hentry"],"_links":{"self":[{"href":"https:\/\/albergueweb1.uva.es\/javiermatia\/wp-json\/wp\/v2\/pages\/786","targetHints":{"allow":["GET"]}}],"collection":[{"href":"https:\/\/albergueweb1.uva.es\/javiermatia\/wp-json\/wp\/v2\/pages"}],"about":[{"href":"https:\/\/albergueweb1.uva.es\/javiermatia\/wp-json\/wp\/v2\/types\/page"}],"author":[{"embeddable":true,"href":"https:\/\/albergueweb1.uva.es\/javiermatia\/wp-json\/wp\/v2\/users\/1"}],"replies":[{"embeddable":true,"href":"https:\/\/albergueweb1.uva.es\/javiermatia\/wp-json\/wp\/v2\/comments?post=786"}],"version-history":[{"count":104,"href":"https:\/\/albergueweb1.uva.es\/javiermatia\/wp-json\/wp\/v2\/pages\/786\/revisions"}],"predecessor-version":[{"id":791,"href":"https:\/\/albergueweb1.uva.es\/javiermatia\/wp-json\/wp\/v2\/pages\/786\/revisions\/791"}],"wp:attachment":[{"href":"https:\/\/albergueweb1.uva.es\/javiermatia\/wp-json\/wp\/v2\/media?parent=786"}],"curies":[{"name":"wp","href":"https:\/\/api.w.org\/{rel}","templated":true}]}}