{"id":183,"date":"2018-10-13T11:57:31","date_gmt":"2018-10-13T09:57:31","guid":{"rendered":"http:\/\/albergueweb1.uva.es\/master-relaciones-internacionales-y-estudios-asiaticos\/?page_id=183"},"modified":"2018-12-04T19:24:52","modified_gmt":"2018-12-04T17:24:52","slug":"presentacion","status":"publish","type":"page","link":"https:\/\/albergueweb1.uva.es\/master-relaciones-internacionales-y-estudios-asiaticos\/presentacion\/","title":{"rendered":"presentaci\u00f3n"},"content":{"rendered":"<div class=\"wpb-content-wrapper\">[vc_row][vc_column][vc_empty_space][vc_column_text]<span style=\"font-size: 150%;\">Con este M\u00e1ster promovido por el Centro de Estudios de Asia de la Universidad de Valladolid, el alumno adquirir\u00e1 los conocimientos necesarios para trabajar en el \u00e1rea internacional de las empresas, en ONGs y en instituciones internacionales.<\/span>[\/vc_column_text][\/vc_column][\/vc_row][vc_row][vc_column][vc_single_image image=\u00bb232&#8243; img_size=\u00bbfull\u00bb][\/vc_column][\/vc_row]\n<\/div>","protected":false},"excerpt":{"rendered":"[vc_row][vc_column][vc_empty_space][vc_column_text]Con este M\u00e1ster promovido por el Centro de Estudios de Asia de la Universidad de Valladolid, el alumno adquirir\u00e1 los conocimientos necesarios para trabajar en el \u00e1rea internacional de las empresas, en ONGs y en instituciones internacionales.[\/vc_column_text][\/vc_column][\/vc_row][vc_row][vc_column][vc_single_image image=\u00bb232&#8243; img_size=\u00bbfull\u00bb][\/vc_column][\/vc_row]\n","protected":false},"author":1,"featured_media":0,"parent":0,"menu_order":0,"comment_status":"closed","ping_status":"closed","template":"","meta":{"footnotes":""},"class_list":["post-183","page","type-page","status-publish","hentry"],"_links":{"self":[{"href":"https:\/\/albergueweb1.uva.es\/master-relaciones-internacionales-y-estudios-asiaticos\/wp-json\/wp\/v2\/pages\/183","targetHints":{"allow":["GET"]}}],"collection":[{"href":"https:\/\/albergueweb1.uva.es\/master-relaciones-internacionales-y-estudios-asiaticos\/wp-json\/wp\/v2\/pages"}],"about":[{"href":"https:\/\/albergueweb1.uva.es\/master-relaciones-internacionales-y-estudios-asiaticos\/wp-json\/wp\/v2\/types\/page"}],"author":[{"embeddable":true,"href":"https:\/\/albergueweb1.uva.es\/master-relaciones-internacionales-y-estudios-asiaticos\/wp-json\/wp\/v2\/users\/1"}],"replies":[{"embeddable":true,"href":"https:\/\/albergueweb1.uva.es\/master-relaciones-internacionales-y-estudios-asiaticos\/wp-json\/wp\/v2\/comments?post=183"}],"version-history":[{"count":7,"href":"https:\/\/albergueweb1.uva.es\/master-relaciones-internacionales-y-estudios-asiaticos\/wp-json\/wp\/v2\/pages\/183\/revisions"}],"predecessor-version":[{"id":275,"href":"https:\/\/albergueweb1.uva.es\/master-relaciones-internacionales-y-estudios-asiaticos\/wp-json\/wp\/v2\/pages\/183\/revisions\/275"}],"wp:attachment":[{"href":"https:\/\/albergueweb1.uva.es\/master-relaciones-internacionales-y-estudios-asiaticos\/wp-json\/wp\/v2\/media?parent=183"}],"curies":[{"name":"wp","href":"https:\/\/api.w.org\/{rel}","templated":true}]}}