{"id":1220,"date":"2018-08-22T12:38:51","date_gmt":"2018-08-22T10:38:51","guid":{"rendered":"http:\/\/albergueweb1.uva.es\/orquesta\/?page_id=1220"},"modified":"2018-08-22T12:38:51","modified_gmt":"2018-08-22T10:38:51","slug":"programacion-2017-18","status":"publish","type":"page","link":"https:\/\/albergueweb1.uva.es\/orquesta\/programacion-2017-18\/","title":{"rendered":"Programaci\u00f3n 2017\/18"},"content":{"rendered":"<h4><a href=\"\/orquesta\/evento\/concierto-de-apertura-del-curso-academico-201718\"><strong>Concierto Inicio de Curso<\/strong><\/a><\/h4>\n<table>\n<tbody>\n<tr>\n<td style=\"width: 267px;\">Sinfon\u00eda n\u00ba 0 en Re m<\/td>\n<td style=\"width: 242px;\">A. Bruckner<\/td>\n<\/tr>\n<tr style=\"height: 28px;\">\n<td style=\"width: 267px; height: 28px;\">Mar en calma y viaje feliz<\/td>\n<td style=\"width: 242px; height: 28px;\">L. van Beethoven<\/td>\n<\/tr>\n<tr style=\"height: 28px;\">\n<td style=\"width: 267px; height: 28px;\">Mar en calma y viaje feliz<\/td>\n<td style=\"width: 242px; height: 28px;\">F. Mendelssohn<\/td>\n<\/tr>\n<tr style=\"height: 28px;\">\n<td style=\"width: 267px; height: 28px;\">Verleih uns Frieden<\/td>\n<td style=\"width: 242px; height: 28px;\">F. Mendelssohn<\/td>\n<\/tr>\n<\/tbody>\n<\/table>\n<p><em>Coro de la Universidad de Valladolid<\/em> dirigido por Javier Fajardo.<br \/>\n<em>Joven Orquesta de la Universidad<\/em> dirigida por Francisco Lara.<\/p>\n<ul style=\"list-style-type: disc;\">\n<li><strong>Domingo 29 de octubre de 2017<\/strong>, 19:00h, Auditorio Miguel Delibes, Valladolid<\/li>\n<\/ul>\n<p>&nbsp;<\/p>\n<h4><a href=\"\/orquesta\/concierto-navidad-2017\/\"><strong>Conciertos de Navidad<\/strong><\/a><\/h4>\n<table>\n<tbody>\n<tr>\n<td style=\"width: 267px;\">Sinfon\u00eda n\u00ba 101 \u201cEl reloj\u201d<\/td>\n<td style=\"width: 398.25px;\">F. J. Haydn<\/td>\n<\/tr>\n<tr>\n<td style=\"width: 267px;\">A Little Jazz Mass<\/td>\n<td style=\"width: 398.25px;\">Bob Chilcott (orq. Ivan Fyodorovich)<\/td>\n<\/tr>\n<tr>\n<td style=\"width: 267px;\">TEN-Chanted!<\/td>\n<td style=\"width: 398.25px;\">Diversos autores (arr. y orq. Ivan Fyodorovich)<\/td>\n<\/tr>\n<\/tbody>\n<\/table>\n<p><em>Junto al Coro Voces Blancas de Valladolid<\/em><\/p>\n<ul>\n<li>Domingo 26 de noviembre de 2017, Teatro Principal, Palencia<\/li>\n<li>S\u00e1bado 2 de diciembre de 2017, \u00c1gora del Campus Mar\u00eda Zambrano, Segovia<\/li>\n<li>Domingo 3 de diciembre de 2017, Auditorio de la Feria de Muestras, Valladolid<\/li>\n<li>Jueves 21 de diciembre de 2017, concierto en el Teatro Calder\u00f3n, Valladolid<\/li>\n<li>Jueves 28 de diciembre de 2017, concierto en el Auditorio Miguel Delibes, Valladolid<\/li>\n<\/ul>\n<p>&nbsp;<\/p>\n<h4><strong><a href=\"\/orquesta\/proyecto-opera-2018-manon\/\">Proyecto \u00d3pera 2018<\/a><br \/>\n<\/strong><\/h4>\n<table>\n<tbody>\n<tr>\n<td style=\"width: 196.783px;\">Manon<\/td>\n<td style=\"width: 201.217px;\">Jules Massenet<\/td>\n<\/tr>\n<\/tbody>\n<\/table>\n<ul>\n<li>Domingo 4 de marzo de 2018, Auditorio de la Feria de Muestras, Valladolid<\/li>\n<li>Mi\u00e9rcoles 7 de marzo de 2018, Auditorio de la Feria de Muestras, Valladolid<\/li>\n<li>Viernes 9 de marzo de 2018, Auditorio de la Feria de Muestras, Valladolid<\/li>\n<li>Domingo 11 de marzo de 2018, Auditorio de la Feria de Muestras, Valladolid<em><br \/>\n<\/em><\/li>\n<\/ul>\n<p>&nbsp;<\/p>\n<h4><a href=\"\/orquesta\/xx-ciclo-de-musica-contemporanea\/\"><strong>XX Ciclo de M\u00fasica Contempor\u00e1nea<\/strong><\/a><\/h4>\n<ul style=\"list-style-type: disc;\">\n<li>S\u00e1bado 21 de abril de 2018, Paraninfo Facultad de Derecho, Valladolid <strong>Concierto de C\u00e1mara<\/strong><\/li>\n<li>Domingo 22 de abril de 2018, Paraninfo Facultad de Derecho, Valladolid <strong>Concierto Sinf\u00f3nico<\/strong><\/li>\n<\/ul>\n","protected":false},"excerpt":{"rendered":"<p>Concierto Inicio de Curso Sinfon\u00eda n\u00ba 0 en Re m A. Bruckner Mar en calma y viaje feliz L. van Beethoven Mar en calma y viaje feliz F. Mendelssohn Verleih uns Frieden F. Mendelssohn Coro de la Universidad de Valladolid dirigido por Javier Fajardo. Joven Orquesta de la Universidad dirigida &hellip;<\/p>\n","protected":false},"author":1,"featured_media":0,"parent":0,"menu_order":0,"comment_status":"closed","ping_status":"closed","template":"","meta":{"footnotes":""},"class_list":["post-1220","page","type-page","status-publish","hentry"],"yoast_head":"<!-- This site is optimized with the Yoast SEO plugin v27.4 - https:\/\/yoast.com\/product\/yoast-seo-wordpress\/ -->\n<title>Programaci\u00f3n 2017\/18 - OUVa<\/title>\n<meta name=\"robots\" content=\"index, follow, max-snippet:-1, max-image-preview:large, max-video-preview:-1\" \/>\n<link rel=\"canonical\" href=\"https:\/\/albergueweb1.uva.es\/orquesta\/programacion-2017-18\/\" \/>\n<meta property=\"og:locale\" content=\"es_ES\" \/>\n<meta property=\"og:type\" content=\"article\" \/>\n<meta property=\"og:title\" content=\"Programaci\u00f3n 2017\/18 - OUVa\" \/>\n<meta property=\"og:description\" content=\"Concierto Inicio de Curso Sinfon\u00eda n\u00ba 0 en Re m A. Bruckner Mar en calma y viaje feliz L. van Beethoven Mar en calma y viaje feliz F. Mendelssohn Verleih uns Frieden F. Mendelssohn Coro de la Universidad de Valladolid dirigido por Javier Fajardo. Joven Orquesta de la Universidad dirigida &hellip;\" \/>\n<meta property=\"og:url\" content=\"https:\/\/albergueweb1.uva.es\/orquesta\/programacion-2017-18\/\" \/>\n<meta property=\"og:site_name\" content=\"OUVa\" \/>\n<meta name=\"twitter:card\" content=\"summary_large_image\" \/>\n<meta name=\"twitter:label1\" content=\"Tiempo de lectura\" \/>\n\t<meta name=\"twitter:data1\" content=\"1 minuto\" \/>\n<script type=\"application\/ld+json\" class=\"yoast-schema-graph\">{\"@context\":\"https:\\\/\\\/schema.org\",\"@graph\":[{\"@type\":\"WebPage\",\"@id\":\"https:\\\/\\\/albergueweb1.uva.es\\\/orquesta\\\/programacion-2017-18\\\/\",\"url\":\"https:\\\/\\\/albergueweb1.uva.es\\\/orquesta\\\/programacion-2017-18\\\/\",\"name\":\"Programaci\u00f3n 2017\\\/18 - OUVa\",\"isPartOf\":{\"@id\":\"https:\\\/\\\/albergueweb1.uva.es\\\/orquesta\\\/#website\"},\"datePublished\":\"2018-08-22T10:38:51+00:00\",\"breadcrumb\":{\"@id\":\"https:\\\/\\\/albergueweb1.uva.es\\\/orquesta\\\/programacion-2017-18\\\/#breadcrumb\"},\"inLanguage\":\"es\",\"potentialAction\":[{\"@type\":\"ReadAction\",\"target\":[\"https:\\\/\\\/albergueweb1.uva.es\\\/orquesta\\\/programacion-2017-18\\\/\"]}]},{\"@type\":\"BreadcrumbList\",\"@id\":\"https:\\\/\\\/albergueweb1.uva.es\\\/orquesta\\\/programacion-2017-18\\\/#breadcrumb\",\"itemListElement\":[{\"@type\":\"ListItem\",\"position\":1,\"name\":\"Portada\",\"item\":\"https:\\\/\\\/albergueweb1.uva.es\\\/orquesta\\\/\"},{\"@type\":\"ListItem\",\"position\":2,\"name\":\"Programaci\u00f3n 2017\\\/18\"}]},{\"@type\":\"WebSite\",\"@id\":\"https:\\\/\\\/albergueweb1.uva.es\\\/orquesta\\\/#website\",\"url\":\"https:\\\/\\\/albergueweb1.uva.es\\\/orquesta\\\/\",\"name\":\"OUVa\",\"description\":\"Orquesta de la Universidad de Valladolid\",\"publisher\":{\"@id\":\"https:\\\/\\\/albergueweb1.uva.es\\\/orquesta\\\/#organization\"},\"potentialAction\":[{\"@type\":\"SearchAction\",\"target\":{\"@type\":\"EntryPoint\",\"urlTemplate\":\"https:\\\/\\\/albergueweb1.uva.es\\\/orquesta\\\/?s={search_term_string}\"},\"query-input\":{\"@type\":\"PropertyValueSpecification\",\"valueRequired\":true,\"valueName\":\"search_term_string\"}}],\"inLanguage\":\"es\"},{\"@type\":\"Organization\",\"@id\":\"https:\\\/\\\/albergueweb1.uva.es\\\/orquesta\\\/#organization\",\"name\":\"OUVa\",\"url\":\"https:\\\/\\\/albergueweb1.uva.es\\\/orquesta\\\/\",\"logo\":{\"@type\":\"ImageObject\",\"inLanguage\":\"es\",\"@id\":\"https:\\\/\\\/albergueweb1.uva.es\\\/orquesta\\\/#\\\/schema\\\/logo\\\/image\\\/\",\"url\":\"https:\\\/\\\/albergueweb1.uva.es\\\/orquesta\\\/wp-content\\\/uploads\\\/OUVaHorizontal.png\",\"contentUrl\":\"https:\\\/\\\/albergueweb1.uva.es\\\/orquesta\\\/wp-content\\\/uploads\\\/OUVaHorizontal.png\",\"width\":974,\"height\":268,\"caption\":\"OUVa\"},\"image\":{\"@id\":\"https:\\\/\\\/albergueweb1.uva.es\\\/orquesta\\\/#\\\/schema\\\/logo\\\/image\\\/\"}}]}<\/script>\n<!-- \/ Yoast SEO plugin. -->","yoast_head_json":{"title":"Programaci\u00f3n 2017\/18 - OUVa","robots":{"index":"index","follow":"follow","max-snippet":"max-snippet:-1","max-image-preview":"max-image-preview:large","max-video-preview":"max-video-preview:-1"},"canonical":"https:\/\/albergueweb1.uva.es\/orquesta\/programacion-2017-18\/","og_locale":"es_ES","og_type":"article","og_title":"Programaci\u00f3n 2017\/18 - OUVa","og_description":"Concierto Inicio de Curso Sinfon\u00eda n\u00ba 0 en Re m A. Bruckner Mar en calma y viaje feliz L. van Beethoven Mar en calma y viaje feliz F. Mendelssohn Verleih uns Frieden F. Mendelssohn Coro de la Universidad de Valladolid dirigido por Javier Fajardo. Joven Orquesta de la Universidad dirigida &hellip;","og_url":"https:\/\/albergueweb1.uva.es\/orquesta\/programacion-2017-18\/","og_site_name":"OUVa","twitter_card":"summary_large_image","twitter_misc":{"Tiempo de lectura":"1 minuto"},"schema":{"@context":"https:\/\/schema.org","@graph":[{"@type":"WebPage","@id":"https:\/\/albergueweb1.uva.es\/orquesta\/programacion-2017-18\/","url":"https:\/\/albergueweb1.uva.es\/orquesta\/programacion-2017-18\/","name":"Programaci\u00f3n 2017\/18 - OUVa","isPartOf":{"@id":"https:\/\/albergueweb1.uva.es\/orquesta\/#website"},"datePublished":"2018-08-22T10:38:51+00:00","breadcrumb":{"@id":"https:\/\/albergueweb1.uva.es\/orquesta\/programacion-2017-18\/#breadcrumb"},"inLanguage":"es","potentialAction":[{"@type":"ReadAction","target":["https:\/\/albergueweb1.uva.es\/orquesta\/programacion-2017-18\/"]}]},{"@type":"BreadcrumbList","@id":"https:\/\/albergueweb1.uva.es\/orquesta\/programacion-2017-18\/#breadcrumb","itemListElement":[{"@type":"ListItem","position":1,"name":"Portada","item":"https:\/\/albergueweb1.uva.es\/orquesta\/"},{"@type":"ListItem","position":2,"name":"Programaci\u00f3n 2017\/18"}]},{"@type":"WebSite","@id":"https:\/\/albergueweb1.uva.es\/orquesta\/#website","url":"https:\/\/albergueweb1.uva.es\/orquesta\/","name":"OUVa","description":"Orquesta de la Universidad de Valladolid","publisher":{"@id":"https:\/\/albergueweb1.uva.es\/orquesta\/#organization"},"potentialAction":[{"@type":"SearchAction","target":{"@type":"EntryPoint","urlTemplate":"https:\/\/albergueweb1.uva.es\/orquesta\/?s={search_term_string}"},"query-input":{"@type":"PropertyValueSpecification","valueRequired":true,"valueName":"search_term_string"}}],"inLanguage":"es"},{"@type":"Organization","@id":"https:\/\/albergueweb1.uva.es\/orquesta\/#organization","name":"OUVa","url":"https:\/\/albergueweb1.uva.es\/orquesta\/","logo":{"@type":"ImageObject","inLanguage":"es","@id":"https:\/\/albergueweb1.uva.es\/orquesta\/#\/schema\/logo\/image\/","url":"https:\/\/albergueweb1.uva.es\/orquesta\/wp-content\/uploads\/OUVaHorizontal.png","contentUrl":"https:\/\/albergueweb1.uva.es\/orquesta\/wp-content\/uploads\/OUVaHorizontal.png","width":974,"height":268,"caption":"OUVa"},"image":{"@id":"https:\/\/albergueweb1.uva.es\/orquesta\/#\/schema\/logo\/image\/"}}]}},"_links":{"self":[{"href":"https:\/\/albergueweb1.uva.es\/orquesta\/wp-json\/wp\/v2\/pages\/1220","targetHints":{"allow":["GET"]}}],"collection":[{"href":"https:\/\/albergueweb1.uva.es\/orquesta\/wp-json\/wp\/v2\/pages"}],"about":[{"href":"https:\/\/albergueweb1.uva.es\/orquesta\/wp-json\/wp\/v2\/types\/page"}],"author":[{"embeddable":true,"href":"https:\/\/albergueweb1.uva.es\/orquesta\/wp-json\/wp\/v2\/users\/1"}],"replies":[{"embeddable":true,"href":"https:\/\/albergueweb1.uva.es\/orquesta\/wp-json\/wp\/v2\/comments?post=1220"}],"version-history":[{"count":1,"href":"https:\/\/albergueweb1.uva.es\/orquesta\/wp-json\/wp\/v2\/pages\/1220\/revisions"}],"predecessor-version":[{"id":1221,"href":"https:\/\/albergueweb1.uva.es\/orquesta\/wp-json\/wp\/v2\/pages\/1220\/revisions\/1221"}],"wp:attachment":[{"href":"https:\/\/albergueweb1.uva.es\/orquesta\/wp-json\/wp\/v2\/media?parent=1220"}],"curies":[{"name":"wp","href":"https:\/\/api.w.org\/{rel}","templated":true}]}}