{"id":1349,"date":"2020-02-23T02:11:01","date_gmt":"2020-02-23T01:11:01","guid":{"rendered":"http:\/\/albergueweb1.uva.es\/orquesta\/?page_id=1349"},"modified":"2020-02-23T02:20:52","modified_gmt":"2020-02-23T01:20:52","slug":"programacion-2019-20","status":"publish","type":"page","link":"https:\/\/albergueweb1.uva.es\/orquesta\/programacion-2019-20\/","title":{"rendered":"Programaci\u00f3n 2019\/20"},"content":{"rendered":"\n<h4><strong>Concierto Inicio de Curso<\/strong><\/h4>\n<table style=\"width: 100%;\">\n<tbody>\n<tr>\n<td style=\"width: 21.4508%;\">R\u00e9quiem<\/td>\n<td style=\"width: 77.9251%;\">W. A. Mozart<\/td>\n<\/tr>\n<\/tbody>\n<\/table>\n<p><a href=\"http:\/\/www.uva.es\/coro\" target=\"_blank\" rel=\"noopener noreferrer\"><em>Coro de la Universidad de Valladolid<\/em><\/a> dirigido por Javier Fajardo.<br \/><em>Joven Orquesta de la Universidad<\/em> dirigida por Francisco Lara.<\/p>\n<ul>\n<li><strong>Domingo 13 de octubre de 2018<\/strong>, 19:00h, Auditorio Miguel Delibes, Valladolid<\/li>\n<\/ul>\n<p>\u00a0<\/p>\n<h4><strong>Conciertos de Navidad<\/strong><\/h4>\n<ul>\n<li>Domingo 24 de noviembre de 2019, a las 19h., Auditorio de la Feria de Muestras, Valladolid<\/li>\n<li>S\u00e1bado 30 de noviembre de 2019, a las 20h., \u00c1gora del Campus Mar\u00eda Zambrano, Segovia<\/li>\n<li>Domingo 1 de diciembre de 2019, a las 19h., Teatro Principal, Palencia<\/li>\n<\/ul>\n<p>\u00a0<\/p>\n<h4><strong>Proyecto \u00d3pera 2020<\/strong><\/h4>\n<table style=\"width: 100%; height: 24px;\">\n<tbody>\n<tr style=\"height: 24px;\">\n<td style=\"height: 24px; width: 20.8268%;\">Lakm\u00e9<\/td>\n<td style=\"height: 24px; width: 78.5491%;\">L. Delibes<\/td>\n<\/tr>\n<\/tbody>\n<\/table>\n<ul>\n<li>Domingo 1 de marzo de 2019, \u00a0Auditorio de la Feria de Muestras, Valladolid<\/li>\n<li>Mi\u00e9rcoles 4 de marzo de 2019, \u00a0Auditorio de la Feria de Muestras, Valladolid<\/li>\n<li>Viernes 6 de marzo de 2019, \u00a0Auditorio de la Feria de Muestras, Valladolid<\/li>\n<li>Domingo 8 de marzo de 2019, \u00a0Auditorio de la Feria de Muestras, Valladolid<em><br \/><\/em><\/li>\n<\/ul>\n<p>\u00a0<\/p>\n<h4><strong>XXII Ciclo de M\u00fasica Contempor\u00e1nea<\/strong><\/h4>\n<p>Homenaje al compositor espa\u00f1ol Roberto Gerhard en el 50 aniversario de su muerte.<\/p>\n<ul>\n<li>S\u00e1bado 28 de marzo de 2020, Paraninfo Facultad de Derecho, Valladolid\u00a0 <strong>Concierto de C\u00e1mara<\/strong><\/li>\n<li>Domingo 29 de marzo de 2019, Paraninfo Facultad de Derecho, Valladolid\u00a0\u00a0 <strong>Concierto\u00a0Sinf\u00f3nico<\/strong><\/li>\n<\/ul>\n","protected":false},"excerpt":{"rendered":"<p>Concierto Inicio de Curso R\u00e9quiem W. A. Mozart Coro de la Universidad de Valladolid dirigido por Javier Fajardo.Joven Orquesta de la Universidad dirigida por Francisco Lara. Domingo 13 de octubre de 2018, 19:00h, Auditorio Miguel Delibes, Valladolid \u00a0 Conciertos de Navidad Domingo 24 de noviembre de 2019, a las 19h., &hellip;<\/p>\n","protected":false},"author":1,"featured_media":0,"parent":0,"menu_order":0,"comment_status":"closed","ping_status":"closed","template":"","meta":{"footnotes":""},"class_list":["post-1349","page","type-page","status-publish","hentry"],"yoast_head":"<!-- This site is optimized with the Yoast SEO plugin v27.3 - https:\/\/yoast.com\/product\/yoast-seo-wordpress\/ -->\n<title>Programaci\u00f3n 2019\/20 - OUVa<\/title>\n<meta name=\"robots\" content=\"index, follow, max-snippet:-1, max-image-preview:large, max-video-preview:-1\" \/>\n<link rel=\"canonical\" href=\"https:\/\/albergueweb1.uva.es\/orquesta\/programacion-2019-20\/\" \/>\n<meta property=\"og:locale\" content=\"es_ES\" \/>\n<meta property=\"og:type\" content=\"article\" \/>\n<meta property=\"og:title\" content=\"Programaci\u00f3n 2019\/20 - OUVa\" \/>\n<meta property=\"og:description\" content=\"Concierto Inicio de Curso R\u00e9quiem W. A. Mozart Coro de la Universidad de Valladolid dirigido por Javier Fajardo.Joven Orquesta de la Universidad dirigida por Francisco Lara. Domingo 13 de octubre de 2018, 19:00h, Auditorio Miguel Delibes, Valladolid \u00a0 Conciertos de Navidad Domingo 24 de noviembre de 2019, a las 19h., &hellip;\" \/>\n<meta property=\"og:url\" content=\"https:\/\/albergueweb1.uva.es\/orquesta\/programacion-2019-20\/\" \/>\n<meta property=\"og:site_name\" content=\"OUVa\" \/>\n<meta property=\"article:modified_time\" content=\"2020-02-23T01:20:52+00:00\" \/>\n<meta name=\"twitter:card\" content=\"summary_large_image\" \/>\n<meta name=\"twitter:label1\" content=\"Tiempo de lectura\" \/>\n\t<meta name=\"twitter:data1\" content=\"1 minuto\" \/>\n<script type=\"application\/ld+json\" class=\"yoast-schema-graph\">{\"@context\":\"https:\\\/\\\/schema.org\",\"@graph\":[{\"@type\":\"WebPage\",\"@id\":\"https:\\\/\\\/albergueweb1.uva.es\\\/orquesta\\\/programacion-2019-20\\\/\",\"url\":\"https:\\\/\\\/albergueweb1.uva.es\\\/orquesta\\\/programacion-2019-20\\\/\",\"name\":\"Programaci\u00f3n 2019\\\/20 - OUVa\",\"isPartOf\":{\"@id\":\"https:\\\/\\\/albergueweb1.uva.es\\\/orquesta\\\/#website\"},\"datePublished\":\"2020-02-23T01:11:01+00:00\",\"dateModified\":\"2020-02-23T01:20:52+00:00\",\"breadcrumb\":{\"@id\":\"https:\\\/\\\/albergueweb1.uva.es\\\/orquesta\\\/programacion-2019-20\\\/#breadcrumb\"},\"inLanguage\":\"es\",\"potentialAction\":[{\"@type\":\"ReadAction\",\"target\":[\"https:\\\/\\\/albergueweb1.uva.es\\\/orquesta\\\/programacion-2019-20\\\/\"]}]},{\"@type\":\"BreadcrumbList\",\"@id\":\"https:\\\/\\\/albergueweb1.uva.es\\\/orquesta\\\/programacion-2019-20\\\/#breadcrumb\",\"itemListElement\":[{\"@type\":\"ListItem\",\"position\":1,\"name\":\"Portada\",\"item\":\"https:\\\/\\\/albergueweb1.uva.es\\\/orquesta\\\/\"},{\"@type\":\"ListItem\",\"position\":2,\"name\":\"Programaci\u00f3n 2019\\\/20\"}]},{\"@type\":\"WebSite\",\"@id\":\"https:\\\/\\\/albergueweb1.uva.es\\\/orquesta\\\/#website\",\"url\":\"https:\\\/\\\/albergueweb1.uva.es\\\/orquesta\\\/\",\"name\":\"OUVa\",\"description\":\"Orquesta de la Universidad de Valladolid\",\"publisher\":{\"@id\":\"https:\\\/\\\/albergueweb1.uva.es\\\/orquesta\\\/#organization\"},\"potentialAction\":[{\"@type\":\"SearchAction\",\"target\":{\"@type\":\"EntryPoint\",\"urlTemplate\":\"https:\\\/\\\/albergueweb1.uva.es\\\/orquesta\\\/?s={search_term_string}\"},\"query-input\":{\"@type\":\"PropertyValueSpecification\",\"valueRequired\":true,\"valueName\":\"search_term_string\"}}],\"inLanguage\":\"es\"},{\"@type\":\"Organization\",\"@id\":\"https:\\\/\\\/albergueweb1.uva.es\\\/orquesta\\\/#organization\",\"name\":\"OUVa\",\"url\":\"https:\\\/\\\/albergueweb1.uva.es\\\/orquesta\\\/\",\"logo\":{\"@type\":\"ImageObject\",\"inLanguage\":\"es\",\"@id\":\"https:\\\/\\\/albergueweb1.uva.es\\\/orquesta\\\/#\\\/schema\\\/logo\\\/image\\\/\",\"url\":\"https:\\\/\\\/albergueweb1.uva.es\\\/orquesta\\\/wp-content\\\/uploads\\\/OUVaHorizontal.png\",\"contentUrl\":\"https:\\\/\\\/albergueweb1.uva.es\\\/orquesta\\\/wp-content\\\/uploads\\\/OUVaHorizontal.png\",\"width\":974,\"height\":268,\"caption\":\"OUVa\"},\"image\":{\"@id\":\"https:\\\/\\\/albergueweb1.uva.es\\\/orquesta\\\/#\\\/schema\\\/logo\\\/image\\\/\"}}]}<\/script>\n<!-- \/ Yoast SEO plugin. -->","yoast_head_json":{"title":"Programaci\u00f3n 2019\/20 - OUVa","robots":{"index":"index","follow":"follow","max-snippet":"max-snippet:-1","max-image-preview":"max-image-preview:large","max-video-preview":"max-video-preview:-1"},"canonical":"https:\/\/albergueweb1.uva.es\/orquesta\/programacion-2019-20\/","og_locale":"es_ES","og_type":"article","og_title":"Programaci\u00f3n 2019\/20 - OUVa","og_description":"Concierto Inicio de Curso R\u00e9quiem W. A. Mozart Coro de la Universidad de Valladolid dirigido por Javier Fajardo.Joven Orquesta de la Universidad dirigida por Francisco Lara. Domingo 13 de octubre de 2018, 19:00h, Auditorio Miguel Delibes, Valladolid \u00a0 Conciertos de Navidad Domingo 24 de noviembre de 2019, a las 19h., &hellip;","og_url":"https:\/\/albergueweb1.uva.es\/orquesta\/programacion-2019-20\/","og_site_name":"OUVa","article_modified_time":"2020-02-23T01:20:52+00:00","twitter_card":"summary_large_image","twitter_misc":{"Tiempo de lectura":"1 minuto"},"schema":{"@context":"https:\/\/schema.org","@graph":[{"@type":"WebPage","@id":"https:\/\/albergueweb1.uva.es\/orquesta\/programacion-2019-20\/","url":"https:\/\/albergueweb1.uva.es\/orquesta\/programacion-2019-20\/","name":"Programaci\u00f3n 2019\/20 - OUVa","isPartOf":{"@id":"https:\/\/albergueweb1.uva.es\/orquesta\/#website"},"datePublished":"2020-02-23T01:11:01+00:00","dateModified":"2020-02-23T01:20:52+00:00","breadcrumb":{"@id":"https:\/\/albergueweb1.uva.es\/orquesta\/programacion-2019-20\/#breadcrumb"},"inLanguage":"es","potentialAction":[{"@type":"ReadAction","target":["https:\/\/albergueweb1.uva.es\/orquesta\/programacion-2019-20\/"]}]},{"@type":"BreadcrumbList","@id":"https:\/\/albergueweb1.uva.es\/orquesta\/programacion-2019-20\/#breadcrumb","itemListElement":[{"@type":"ListItem","position":1,"name":"Portada","item":"https:\/\/albergueweb1.uva.es\/orquesta\/"},{"@type":"ListItem","position":2,"name":"Programaci\u00f3n 2019\/20"}]},{"@type":"WebSite","@id":"https:\/\/albergueweb1.uva.es\/orquesta\/#website","url":"https:\/\/albergueweb1.uva.es\/orquesta\/","name":"OUVa","description":"Orquesta de la Universidad de Valladolid","publisher":{"@id":"https:\/\/albergueweb1.uva.es\/orquesta\/#organization"},"potentialAction":[{"@type":"SearchAction","target":{"@type":"EntryPoint","urlTemplate":"https:\/\/albergueweb1.uva.es\/orquesta\/?s={search_term_string}"},"query-input":{"@type":"PropertyValueSpecification","valueRequired":true,"valueName":"search_term_string"}}],"inLanguage":"es"},{"@type":"Organization","@id":"https:\/\/albergueweb1.uva.es\/orquesta\/#organization","name":"OUVa","url":"https:\/\/albergueweb1.uva.es\/orquesta\/","logo":{"@type":"ImageObject","inLanguage":"es","@id":"https:\/\/albergueweb1.uva.es\/orquesta\/#\/schema\/logo\/image\/","url":"https:\/\/albergueweb1.uva.es\/orquesta\/wp-content\/uploads\/OUVaHorizontal.png","contentUrl":"https:\/\/albergueweb1.uva.es\/orquesta\/wp-content\/uploads\/OUVaHorizontal.png","width":974,"height":268,"caption":"OUVa"},"image":{"@id":"https:\/\/albergueweb1.uva.es\/orquesta\/#\/schema\/logo\/image\/"}}]}},"_links":{"self":[{"href":"https:\/\/albergueweb1.uva.es\/orquesta\/wp-json\/wp\/v2\/pages\/1349","targetHints":{"allow":["GET"]}}],"collection":[{"href":"https:\/\/albergueweb1.uva.es\/orquesta\/wp-json\/wp\/v2\/pages"}],"about":[{"href":"https:\/\/albergueweb1.uva.es\/orquesta\/wp-json\/wp\/v2\/types\/page"}],"author":[{"embeddable":true,"href":"https:\/\/albergueweb1.uva.es\/orquesta\/wp-json\/wp\/v2\/users\/1"}],"replies":[{"embeddable":true,"href":"https:\/\/albergueweb1.uva.es\/orquesta\/wp-json\/wp\/v2\/comments?post=1349"}],"version-history":[{"count":3,"href":"https:\/\/albergueweb1.uva.es\/orquesta\/wp-json\/wp\/v2\/pages\/1349\/revisions"}],"predecessor-version":[{"id":1355,"href":"https:\/\/albergueweb1.uva.es\/orquesta\/wp-json\/wp\/v2\/pages\/1349\/revisions\/1355"}],"wp:attachment":[{"href":"https:\/\/albergueweb1.uva.es\/orquesta\/wp-json\/wp\/v2\/media?parent=1349"}],"curies":[{"name":"wp","href":"https:\/\/api.w.org\/{rel}","templated":true}]}}