{"id":1459,"date":"2023-02-05T22:06:19","date_gmt":"2023-02-05T21:06:19","guid":{"rendered":"https:\/\/albergueweb1.uva.es\/orquesta\/?page_id=1459"},"modified":"2023-02-05T22:08:15","modified_gmt":"2023-02-05T21:08:15","slug":"bolsa-de-musicos","status":"publish","type":"page","link":"https:\/\/albergueweb1.uva.es\/orquesta\/bolsa-de-musicos\/","title":{"rendered":"Bolsa de Musicos"},"content":{"rendered":"\n<p>La <strong>Joven Orquesta de la Universidad de Valladolid<\/strong> fue formada en el a\u00f1o 1998 con la motivaci\u00f3n de facilitar la continuidad en la pr\u00e1ctica interpretativa dentro del marco acad\u00e9mico universitario, ofrecer la formaci\u00f3n adecuada a sus integrantes y darle proyecci\u00f3n en las distintas actividades de concierto que realicen.<\/p>\n<p>Tras estos 25 a\u00f1os de recorrido, la Universidad presenta su <strong>nuevo proyecto<\/strong> que tendr\u00e1 comienzo en Marzo de 2023 con el nombramiento del nuevo director art\u00edstico y la configuraci\u00f3n de una nueva bolsa de m\u00fasicos.<\/p>\n<p>En esta nueva etapa, la Universidad quiere dar un impulso a los j\u00f3venes m\u00fasicos y facilitar el acceso a la pr\u00e1ctica instrumental de los estudiantes interesados en ampliar su formaci\u00f3n orquestal dentro del marco de una de las universidades referentes en Espa\u00f1a como es la <strong>Universidad de Valladolid<\/strong>.&nbsp;<\/p>\n<p>La particularidad del \u00e1mbito de este proyecto requiere que los participantes que integren la JOUVa cuenten con unas aptitudes m\u00ednimas para la actividad musical que se va a desarrollar. Es por ello que se anuncia la <strong>apertura de audiciones<\/strong> para formar parte de la bolsa de m\u00fasicos de la Joven Orquesta de la Universidad de Valladolid con inicio en el actual a\u00f1o de 2023.<\/p>\n<p><strong>\u00bfQu\u00e9 ofrece la JOUVa? <\/strong><\/p>\n<ul>\n<li>Formaci\u00f3n en materia orquestal<\/li>\n<li>Desarrollo instrumental de la mano de profesores y master class espec\u00edficas.<\/li>\n<li>Oportunidades en la realizaci\u00f3n de conciertos como solista y ayuda en la elaboraci\u00f3n de proyectos que surjan internamente por los miembros.<\/li>\n<li>Proyecci\u00f3n exterior de la JOUVa y conexiones como otras agrupaciones j\u00f3venes nacionales.<\/li>\n<li>Beneficiarse de 2 cr\u00e9ditos ECTS de la Universidad de Valladolid correspondientes al n\u00famero de horas dedicados a la pr\u00e1ctica instrumental.<\/li>\n<li>Posibilidades de manutenci\u00f3n y hospedaje en cada encuentro.<\/li>\n<\/ul>\n<p><a href=\"https:\/\/albergueweb1.uva.es\/orquesta\/wp-content\/uploads\/Bases-JOUVa.pdf\" target=\"_blank\" rel=\"noopener\">Bases de la convocatoria<\/a><\/p>\n<p><a href=\"https:\/\/albergueweb1.uva.es\/orquesta\/wp-content\/uploads\/Solicitud_ingreso.pdf\" target=\"_blank\" rel=\"noopener\">Formulario de inscripci\u00f3n<\/a><\/p>\n<p>&nbsp;<\/p>\n\n\n","protected":false},"excerpt":{"rendered":"<p>La Joven Orquesta de la Universidad de Valladolid fue formada en el a\u00f1o 1998 con la motivaci\u00f3n de facilitar la continuidad en la pr\u00e1ctica interpretativa dentro del marco acad\u00e9mico universitario, ofrecer la formaci\u00f3n adecuada a sus integrantes y darle proyecci\u00f3n en las distintas actividades de concierto que realicen. Tras estos &hellip;<\/p>\n","protected":false},"author":1,"featured_media":0,"parent":0,"menu_order":0,"comment_status":"closed","ping_status":"closed","template":"","meta":{"footnotes":""},"class_list":["post-1459","page","type-page","status-publish","hentry"],"_links":{"self":[{"href":"https:\/\/albergueweb1.uva.es\/orquesta\/wp-json\/wp\/v2\/pages\/1459","targetHints":{"allow":["GET"]}}],"collection":[{"href":"https:\/\/albergueweb1.uva.es\/orquesta\/wp-json\/wp\/v2\/pages"}],"about":[{"href":"https:\/\/albergueweb1.uva.es\/orquesta\/wp-json\/wp\/v2\/types\/page"}],"author":[{"embeddable":true,"href":"https:\/\/albergueweb1.uva.es\/orquesta\/wp-json\/wp\/v2\/users\/1"}],"replies":[{"embeddable":true,"href":"https:\/\/albergueweb1.uva.es\/orquesta\/wp-json\/wp\/v2\/comments?post=1459"}],"version-history":[{"count":1,"href":"https:\/\/albergueweb1.uva.es\/orquesta\/wp-json\/wp\/v2\/pages\/1459\/revisions"}],"predecessor-version":[{"id":1460,"href":"https:\/\/albergueweb1.uva.es\/orquesta\/wp-json\/wp\/v2\/pages\/1459\/revisions\/1460"}],"wp:attachment":[{"href":"https:\/\/albergueweb1.uva.es\/orquesta\/wp-json\/wp\/v2\/media?parent=1459"}],"curies":[{"name":"wp","href":"https:\/\/api.w.org\/{rel}","templated":true}]}}