{"id":150,"date":"2017-01-26T22:27:10","date_gmt":"2017-01-26T21:27:10","guid":{"rendered":"http:\/\/www5.uva.es\/orquesta\/?page_id=150"},"modified":"2017-11-15T10:20:56","modified_gmt":"2017-11-15T09:20:56","slug":"pruebas-de-acceso","status":"publish","type":"page","link":"https:\/\/albergueweb1.uva.es\/orquesta\/pruebas-de-acceso\/","title":{"rendered":"Pruebas de acceso"},"content":{"rendered":"<p>Las<strong> pruebas de acceso<\/strong> consisten en la interpretaci\u00f3n de <strong>dos obras<\/strong> de libre elecci\u00f3n, representativas de tu nivel y una peque\u00f1a<strong> entrevista.\u00a0<\/strong>No es necesario realizar la prueba con acompa\u00f1amiento, aunque si vienes con tu propio pianista, puedes realizar la prueba con acompa\u00f1amiento de piano.<\/p>\n<p>Las pruebas pueden ser para cubrir una vacante de la orquesta o para formar parte de una bolsa de instrumentistas para colaboraciones puntuales.\u00a0Por lo general son convocadas al<strong> inicio de curso<\/strong>, aunque puedes enviar tu solicitud en cualquier momento.<\/p>\n<p>La <strong>solicitud de acceso<\/strong> puedes descargarla <a href=\"\/orquesta\/wp-content\/uploads\/Solicitud_ingreso.pdf\" target=\"_blank\" rel=\"noopener\">aqu\u00ed<\/a> y tienes que <strong>enviarla por correo electr\u00f3nico<\/strong> a <a href=\"mailto:joven.orquesta@uva.es\">joven.orquesta@uva.es<\/a><\/p>\n<p style=\"text-align: center;\"><a href=\"\/orquesta\/wp-content\/uploads\/Solicitud_ingreso.pdf\" target=\"_blank\" rel=\"noopener\">FORMULARIO DE INSCRIPCI\u00d3N<\/a><\/p>\n<p>&nbsp;<\/p>\n<h3>Funcionamiento bolsa suplentes<\/h3>\n<p>La orquesta convoca peri\u00f3dicamente plazas para cubrir su plantilla est\u00e1ndar, pero en algunas ocasiones las obras programadas necesitan una plantilla m\u00e1s amplia o se necesita alg\u00fan m\u00fasico para cubrir vacantes.<br \/>\nSi tocas otro instrumento para el que no se convoca plaza tambi\u00e9n puedes realizar la prueba pasando a formar parte de una bolsa de suplentes.<\/p>\n<p>Esta bolsa est\u00e1 formada por m\u00fasicos que han realizado las pruebas de acceso y no han obtenido plaza, bien porque no se convocaba o porque ha sido adjudicada a otra persona. Los m\u00fasicos permanecer\u00e1n en este estado de suplentes 3 a\u00f1os desde la realizaci\u00f3n de la prueba o desde su \u00faltima colaboraci\u00f3n con la orquesta. La prueba puede ser repetida, aunque no se haya sobrepasado el periodo anterior, si el m\u00fasico lo desea.<\/p>\n<p>Los m\u00fasicos de la bolsa no est\u00e1n ordenados bajo ning\u00fan criterio, pudiendo elegir la orquesta al m\u00fasico que mejor se adapte a las necesidades requeridas en ese momento e incluso a otra persona fuera de este listado.<\/p>\n","protected":false},"excerpt":{"rendered":"<p>Las pruebas de acceso consisten en la interpretaci\u00f3n de dos obras de libre elecci\u00f3n, representativas de tu nivel y una peque\u00f1a entrevista.\u00a0No es necesario realizar la prueba con acompa\u00f1amiento, aunque si vienes con tu propio pianista, puedes realizar la prueba con acompa\u00f1amiento de piano. Las pruebas pueden ser para cubrir &hellip;<\/p>\n","protected":false},"author":1,"featured_media":0,"parent":0,"menu_order":0,"comment_status":"closed","ping_status":"closed","template":"","meta":{"footnotes":""},"class_list":["post-150","page","type-page","status-publish","hentry"],"yoast_head":"<!-- This site is optimized with the Yoast SEO plugin v27.4 - https:\/\/yoast.com\/product\/yoast-seo-wordpress\/ -->\n<title>Pruebas de acceso - OUVa<\/title>\n<meta name=\"robots\" content=\"index, follow, max-snippet:-1, max-image-preview:large, max-video-preview:-1\" \/>\n<link rel=\"canonical\" href=\"https:\/\/albergueweb1.uva.es\/orquesta\/pruebas-de-acceso\/\" \/>\n<meta property=\"og:locale\" content=\"es_ES\" \/>\n<meta property=\"og:type\" content=\"article\" \/>\n<meta property=\"og:title\" content=\"Pruebas de acceso - OUVa\" \/>\n<meta property=\"og:description\" content=\"Las pruebas de acceso consisten en la interpretaci\u00f3n de dos obras de libre elecci\u00f3n, representativas de tu nivel y una peque\u00f1a entrevista.\u00a0No es necesario realizar la prueba con acompa\u00f1amiento, aunque si vienes con tu propio pianista, puedes realizar la prueba con acompa\u00f1amiento de piano. Las pruebas pueden ser para cubrir &hellip;\" \/>\n<meta property=\"og:url\" content=\"https:\/\/albergueweb1.uva.es\/orquesta\/pruebas-de-acceso\/\" \/>\n<meta property=\"og:site_name\" content=\"OUVa\" \/>\n<meta property=\"article:modified_time\" content=\"2017-11-15T09:20:56+00:00\" \/>\n<meta name=\"twitter:card\" content=\"summary_large_image\" \/>\n<meta name=\"twitter:label1\" content=\"Tiempo de lectura\" \/>\n\t<meta name=\"twitter:data1\" content=\"1 minuto\" \/>\n<script type=\"application\/ld+json\" class=\"yoast-schema-graph\">{\"@context\":\"https:\\\/\\\/schema.org\",\"@graph\":[{\"@type\":\"WebPage\",\"@id\":\"https:\\\/\\\/albergueweb1.uva.es\\\/orquesta\\\/pruebas-de-acceso\\\/\",\"url\":\"https:\\\/\\\/albergueweb1.uva.es\\\/orquesta\\\/pruebas-de-acceso\\\/\",\"name\":\"Pruebas de acceso - OUVa\",\"isPartOf\":{\"@id\":\"https:\\\/\\\/albergueweb1.uva.es\\\/orquesta\\\/#website\"},\"datePublished\":\"2017-01-26T21:27:10+00:00\",\"dateModified\":\"2017-11-15T09:20:56+00:00\",\"breadcrumb\":{\"@id\":\"https:\\\/\\\/albergueweb1.uva.es\\\/orquesta\\\/pruebas-de-acceso\\\/#breadcrumb\"},\"inLanguage\":\"es\",\"potentialAction\":[{\"@type\":\"ReadAction\",\"target\":[\"https:\\\/\\\/albergueweb1.uva.es\\\/orquesta\\\/pruebas-de-acceso\\\/\"]}]},{\"@type\":\"BreadcrumbList\",\"@id\":\"https:\\\/\\\/albergueweb1.uva.es\\\/orquesta\\\/pruebas-de-acceso\\\/#breadcrumb\",\"itemListElement\":[{\"@type\":\"ListItem\",\"position\":1,\"name\":\"Portada\",\"item\":\"https:\\\/\\\/albergueweb1.uva.es\\\/orquesta\\\/\"},{\"@type\":\"ListItem\",\"position\":2,\"name\":\"Pruebas de acceso\"}]},{\"@type\":\"WebSite\",\"@id\":\"https:\\\/\\\/albergueweb1.uva.es\\\/orquesta\\\/#website\",\"url\":\"https:\\\/\\\/albergueweb1.uva.es\\\/orquesta\\\/\",\"name\":\"OUVa\",\"description\":\"Orquesta de la Universidad de Valladolid\",\"publisher\":{\"@id\":\"https:\\\/\\\/albergueweb1.uva.es\\\/orquesta\\\/#organization\"},\"potentialAction\":[{\"@type\":\"SearchAction\",\"target\":{\"@type\":\"EntryPoint\",\"urlTemplate\":\"https:\\\/\\\/albergueweb1.uva.es\\\/orquesta\\\/?s={search_term_string}\"},\"query-input\":{\"@type\":\"PropertyValueSpecification\",\"valueRequired\":true,\"valueName\":\"search_term_string\"}}],\"inLanguage\":\"es\"},{\"@type\":\"Organization\",\"@id\":\"https:\\\/\\\/albergueweb1.uva.es\\\/orquesta\\\/#organization\",\"name\":\"OUVa\",\"url\":\"https:\\\/\\\/albergueweb1.uva.es\\\/orquesta\\\/\",\"logo\":{\"@type\":\"ImageObject\",\"inLanguage\":\"es\",\"@id\":\"https:\\\/\\\/albergueweb1.uva.es\\\/orquesta\\\/#\\\/schema\\\/logo\\\/image\\\/\",\"url\":\"https:\\\/\\\/albergueweb1.uva.es\\\/orquesta\\\/wp-content\\\/uploads\\\/OUVaHorizontal.png\",\"contentUrl\":\"https:\\\/\\\/albergueweb1.uva.es\\\/orquesta\\\/wp-content\\\/uploads\\\/OUVaHorizontal.png\",\"width\":974,\"height\":268,\"caption\":\"OUVa\"},\"image\":{\"@id\":\"https:\\\/\\\/albergueweb1.uva.es\\\/orquesta\\\/#\\\/schema\\\/logo\\\/image\\\/\"}}]}<\/script>\n<!-- \/ Yoast SEO plugin. -->","yoast_head_json":{"title":"Pruebas de acceso - OUVa","robots":{"index":"index","follow":"follow","max-snippet":"max-snippet:-1","max-image-preview":"max-image-preview:large","max-video-preview":"max-video-preview:-1"},"canonical":"https:\/\/albergueweb1.uva.es\/orquesta\/pruebas-de-acceso\/","og_locale":"es_ES","og_type":"article","og_title":"Pruebas de acceso - OUVa","og_description":"Las pruebas de acceso consisten en la interpretaci\u00f3n de dos obras de libre elecci\u00f3n, representativas de tu nivel y una peque\u00f1a entrevista.\u00a0No es necesario realizar la prueba con acompa\u00f1amiento, aunque si vienes con tu propio pianista, puedes realizar la prueba con acompa\u00f1amiento de piano. Las pruebas pueden ser para cubrir &hellip;","og_url":"https:\/\/albergueweb1.uva.es\/orquesta\/pruebas-de-acceso\/","og_site_name":"OUVa","article_modified_time":"2017-11-15T09:20:56+00:00","twitter_card":"summary_large_image","twitter_misc":{"Tiempo de lectura":"1 minuto"},"schema":{"@context":"https:\/\/schema.org","@graph":[{"@type":"WebPage","@id":"https:\/\/albergueweb1.uva.es\/orquesta\/pruebas-de-acceso\/","url":"https:\/\/albergueweb1.uva.es\/orquesta\/pruebas-de-acceso\/","name":"Pruebas de acceso - OUVa","isPartOf":{"@id":"https:\/\/albergueweb1.uva.es\/orquesta\/#website"},"datePublished":"2017-01-26T21:27:10+00:00","dateModified":"2017-11-15T09:20:56+00:00","breadcrumb":{"@id":"https:\/\/albergueweb1.uva.es\/orquesta\/pruebas-de-acceso\/#breadcrumb"},"inLanguage":"es","potentialAction":[{"@type":"ReadAction","target":["https:\/\/albergueweb1.uva.es\/orquesta\/pruebas-de-acceso\/"]}]},{"@type":"BreadcrumbList","@id":"https:\/\/albergueweb1.uva.es\/orquesta\/pruebas-de-acceso\/#breadcrumb","itemListElement":[{"@type":"ListItem","position":1,"name":"Portada","item":"https:\/\/albergueweb1.uva.es\/orquesta\/"},{"@type":"ListItem","position":2,"name":"Pruebas de acceso"}]},{"@type":"WebSite","@id":"https:\/\/albergueweb1.uva.es\/orquesta\/#website","url":"https:\/\/albergueweb1.uva.es\/orquesta\/","name":"OUVa","description":"Orquesta de la Universidad de Valladolid","publisher":{"@id":"https:\/\/albergueweb1.uva.es\/orquesta\/#organization"},"potentialAction":[{"@type":"SearchAction","target":{"@type":"EntryPoint","urlTemplate":"https:\/\/albergueweb1.uva.es\/orquesta\/?s={search_term_string}"},"query-input":{"@type":"PropertyValueSpecification","valueRequired":true,"valueName":"search_term_string"}}],"inLanguage":"es"},{"@type":"Organization","@id":"https:\/\/albergueweb1.uva.es\/orquesta\/#organization","name":"OUVa","url":"https:\/\/albergueweb1.uva.es\/orquesta\/","logo":{"@type":"ImageObject","inLanguage":"es","@id":"https:\/\/albergueweb1.uva.es\/orquesta\/#\/schema\/logo\/image\/","url":"https:\/\/albergueweb1.uva.es\/orquesta\/wp-content\/uploads\/OUVaHorizontal.png","contentUrl":"https:\/\/albergueweb1.uva.es\/orquesta\/wp-content\/uploads\/OUVaHorizontal.png","width":974,"height":268,"caption":"OUVa"},"image":{"@id":"https:\/\/albergueweb1.uva.es\/orquesta\/#\/schema\/logo\/image\/"}}]}},"_links":{"self":[{"href":"https:\/\/albergueweb1.uva.es\/orquesta\/wp-json\/wp\/v2\/pages\/150","targetHints":{"allow":["GET"]}}],"collection":[{"href":"https:\/\/albergueweb1.uva.es\/orquesta\/wp-json\/wp\/v2\/pages"}],"about":[{"href":"https:\/\/albergueweb1.uva.es\/orquesta\/wp-json\/wp\/v2\/types\/page"}],"author":[{"embeddable":true,"href":"https:\/\/albergueweb1.uva.es\/orquesta\/wp-json\/wp\/v2\/users\/1"}],"replies":[{"embeddable":true,"href":"https:\/\/albergueweb1.uva.es\/orquesta\/wp-json\/wp\/v2\/comments?post=150"}],"version-history":[{"count":14,"href":"https:\/\/albergueweb1.uva.es\/orquesta\/wp-json\/wp\/v2\/pages\/150\/revisions"}],"predecessor-version":[{"id":1027,"href":"https:\/\/albergueweb1.uva.es\/orquesta\/wp-json\/wp\/v2\/pages\/150\/revisions\/1027"}],"wp:attachment":[{"href":"https:\/\/albergueweb1.uva.es\/orquesta\/wp-json\/wp\/v2\/media?parent=150"}],"curies":[{"name":"wp","href":"https:\/\/api.w.org\/{rel}","templated":true}]}}