{"id":41,"date":"2017-01-24T21:21:41","date_gmt":"2017-01-24T20:21:41","guid":{"rendered":"http:\/\/www5.uva.es\/orquesta\/?page_id=41"},"modified":"2017-08-21T23:27:45","modified_gmt":"2017-08-21T21:27:45","slug":"programacion-201617","status":"publish","type":"page","link":"https:\/\/albergueweb1.uva.es\/orquesta\/programacion-201617\/","title":{"rendered":"Programaci\u00f3n 2016\/17"},"content":{"rendered":"<h4><strong>Concierto Inicio de Curso<\/strong><\/h4>\n<p>Domingo 23 de octubre de 2016, 19:00h,\u00a0Sala Sinf\u00f3nica del CCMD.<\/p>\n<table style=\"height: 105px; width: 532px;\">\n<tbody>\n<tr style=\"height: 30px;\">\n<td style=\"width: 379px; height: 30px;\">&#8211; Hamlet obertura\u00a0 op. 37<\/td>\n<td style=\"width: 152px; height: 30px;\">Niels Gade<\/td>\n<\/tr>\n<tr style=\"height: 29px;\">\n<td style=\"width: 379px; height: 29px;\">&#8211; Hamlet Obertura- Fantas\u00eda op. 67<\/td>\n<td style=\"width: 152px; height: 29px;\">Piotr I. Tchaikovsky<\/td>\n<\/tr>\n<tr style=\"height: 29px;\">\n<td style=\"width: 379px; height: 29px;\">&#8211; Concierto para viol\u00edn y orquesta en mi m op. 64<\/td>\n<td style=\"width: 152px; height: 29px;\">F. Mendelssohn<\/td>\n<\/tr>\n<tr style=\"height: 29px;\">\n<td style=\"width: 379px; height: 29px;\">&#8211; Tristia op, 18<\/td>\n<td style=\"width: 152px; height: 29px;\">H. Berlioz<\/td>\n<\/tr>\n<\/tbody>\n<\/table>\n<p>Solista: Miguel Borrego<\/p>\n<p>Coro de la Universidad de Valladolid dirigido por Marcos Cast\u00e1n.<\/p>\n<p>&nbsp;<\/p>\n<h4><strong>Concierto con Los Secretos<\/strong><\/h4>\n<p>Domingo 13 de Noviembre de 2016, 20:30h,\u00a0Auditorio Municipal de Medina del Campo<\/p>\n<p>&nbsp;<\/p>\n<h4><strong>Conciertos de Navidad<\/strong><\/h4>\n<p>Viernes 2 de diciembre de 2016, Teatro Principal, Palencia 20:30h<br \/>\nS\u00e1bado 3 de diciembre de 2016, \u00a0\u00c1gora del Campus Maria Zambrano, Segovia 20:00h<br \/>\nDomingo 4 de diciembre de 2016, Auditorio de la Feria de Muestras, Valladolid 19:00h<\/p>\n<table style=\"height: 88px; width: 622px;\">\n<tbody>\n<tr>\n<td style=\"width: 242px;\">&#8230;Like Tears in Rain&#8230;<\/td>\n<td style=\"width: 379px;\">\u00a0Francisco Lara<\/td>\n<\/tr>\n<tr>\n<td style=\"width: 242px;\">A Ceremony of Carols op.28<\/td>\n<td style=\"width: 379px;\">Benjamin Britten, (orquestaci\u00f3n: Francisco Lara)<\/td>\n<\/tr>\n<tr>\n<td style=\"width: 242px;\">Enchanted Ceremony<\/td>\n<td style=\"width: 379px;\">\u00a0VV.AA (orquestaci\u00f3n: Ivan Fiodorovich)<\/td>\n<\/tr>\n<\/tbody>\n<\/table>\n<p>Junto al Coro Voces Blancas<\/p>\n<p>&nbsp;<\/p>\n<h4><strong>Proyecto \u00d3pera<\/strong><\/h4>\n<p>Mi\u00e9rcoles 22 de marzo de 2017, \u00a0Auditorio de la Feria de Muestras, Valladolid,\u00a020:30h<br \/>\nViernes 24 de marzo de 2017, \u00a0Auditorio de la Feria de Muestras, Valladolid,\u00a020:30h<br \/>\nDomingo 26 de marzo de 2017, \u00a0Auditorio de la Feria de Muestras, Valladolid,\u00a019:30h<em>\u00a0 \u00a0\u00a0<\/em><\/p>\n<table style=\"height: 31px;\" width=\"400\">\n<tbody>\n<tr>\n<td style=\"width: 199px;\">Eugene Onegin Op. 24<\/td>\n<td style=\"width: 200px;\">Pyotr Ilyich Tchaikovsky<\/td>\n<\/tr>\n<\/tbody>\n<\/table>\n<h4><strong>XIX Ciclo de M\u00fasica Contempor\u00e1nea<\/strong><\/h4>\n<p><em><span style=\"font-size: 10pt;\">Charlas pre-concierto jueves, viernes y s\u00e1bado a las \u00a020.15, domingo a las 19.15<\/span><\/em><\/p>\n<p>Jueves 4 de mayo de 2017, \u00a0Palacio de Congresos Conde Ans\u00farez, Valladolid,\u00a020.30h<\/p>\n<h5><strong>Ensemble TMC17<\/strong><\/h5>\n<p>Alicia Garc\u00eda Prada, viol\u00edn; Roc\u00edo de \u00c1lvaro Serrano, viol\u00edn; Pedro Mart\u00edn Hern\u00e1ndez, violonchelo; Enrique Salgado San Jos\u00e9, clarinete; Andrea Garc\u00eda Tor\u00e1n, piano<\/p>\n<p>Obras de C. Sain-S\u00e4ens, G. Kurtag, J. Francaix, R. Schedrin y F. Poulenc<\/p>\n<p>&nbsp;<\/p>\n<p>Viernes 5 de mayo de 2017, \u00a0Palacio de Congresos Conde Ans\u00farez, Valladolid,\u00a020.30h,<\/p>\n<h5><strong>Tr\u00edo Ayren<br \/>\n<\/strong><\/h5>\n<p>Bernardo Aguiar, viol\u00edn; Beatriz Perona, violoncello; Nina Aranda, piano<\/p>\n<p>Obras de C. Debussy, S. Brotons, S. Sciarrino y H. Dutilleux<\/p>\n<p>&nbsp;<\/p>\n<p>S\u00e1bado 6\u00a0de mayo de 2017, Palacio de Congresos Conde Ans\u00farez, Valladolid,\u00a020.30h<\/p>\n<h5><strong>Concierto de C\u00e1mara, a cargo de la JOUVa y Coro Proyecto \u00d3pera<\/strong><\/h5>\n<p>Obras de G. Grisey, T. Murail, C. Debussy, I. Xenakis y L. Jan\u00e1\u010dek<\/p>\n<p>&nbsp;<\/p>\n<p>Domingo 7\u00a0de mayo de 2017, \u00a0Palacio de Congresos Conde Ans\u00farez, Valladolid, 19.30h,<\/p>\n<h5><strong>Joven Orquesta de la UVa &#8211; Concierto\u00a0Sinf\u00f3nico<\/strong><\/h5>\n<p>Obras de T. Murail,\u00a0 I. Xenakis y O. Messiaen<\/p>\n<p>&nbsp;<\/p>\n<h4><strong>Conciertos de verano<br \/>\n<\/strong><\/h4>\n<p><strong><em>Concierto Estival 2017: Celtas Cortos y la JOUVa<br \/>\n<\/em><\/strong>Jueves 20 de julio de 2017, Patio de la Hospeder\u00eda de San Benito, Valladolid, 22:00h<\/p>\n<p><strong><em>Gira verano 2017<br \/>\n<\/em><\/strong>Viernes 21 de julio de 2017,\u00a0 \u00c1gora del campus Mar\u00eda Zambrano, Segovia,\u00a021:00h<br \/>\nS\u00e1bado 22 de julio de 2017,\u00a0 Museo Nacional de escultura, Valladolid,\u00a022:00h<br \/>\nDomingo 23 de julio de 2017,\u00a0 Palacio Episcopal, Palencia, 20:30h<\/p>\n<p>&nbsp;<\/p>\n<p><em>Repertorio:<\/em><\/p>\n<table style=\"width: 537px;\">\n<tbody>\n<tr>\n<td style=\"width: 447.333px;\">Selecci\u00f3n de Danzas H\u00fangaras n\u00ba 1-2-14-15-19 y 20<\/td>\n<td style=\"width: 84.6667px;\">J. Brahms<\/td>\n<\/tr>\n<tr>\n<td style=\"width: 447.333px;\">Sinfon\u00eda n\u00ba 6 en Re M<\/td>\n<td style=\"width: 84.6667px;\">A. Dvo\u0159\u00e1k<\/td>\n<\/tr>\n<\/tbody>\n<\/table>\n<p>&nbsp;<\/p>\n","protected":false},"excerpt":{"rendered":"<p>Concierto Inicio de Curso Domingo 23 de octubre de 2016, 19:00h,\u00a0Sala Sinf\u00f3nica del CCMD. &#8211; Hamlet obertura\u00a0 op. 37 Niels Gade &#8211; Hamlet Obertura- Fantas\u00eda op. 67 Piotr I. Tchaikovsky &#8211; Concierto para viol\u00edn y orquesta en mi m op. 64 F. Mendelssohn &#8211; Tristia op, 18 H. Berlioz Solista: &hellip;<\/p>\n","protected":false},"author":1,"featured_media":0,"parent":0,"menu_order":0,"comment_status":"closed","ping_status":"closed","template":"","meta":{"footnotes":""},"class_list":["post-41","page","type-page","status-publish","hentry"],"yoast_head":"<!-- This site is optimized with the Yoast SEO plugin v27.4 - https:\/\/yoast.com\/product\/yoast-seo-wordpress\/ -->\n<title>Programaci\u00f3n 2016\/17 - OUVa<\/title>\n<meta name=\"robots\" content=\"index, follow, max-snippet:-1, max-image-preview:large, max-video-preview:-1\" \/>\n<link rel=\"canonical\" href=\"https:\/\/albergueweb1.uva.es\/orquesta\/programacion-201617\/\" \/>\n<meta property=\"og:locale\" content=\"es_ES\" \/>\n<meta property=\"og:type\" content=\"article\" \/>\n<meta property=\"og:title\" content=\"Programaci\u00f3n 2016\/17 - OUVa\" \/>\n<meta property=\"og:description\" content=\"Concierto Inicio de Curso Domingo 23 de octubre de 2016, 19:00h,\u00a0Sala Sinf\u00f3nica del CCMD. &#8211; Hamlet obertura\u00a0 op. 37 Niels Gade &#8211; Hamlet Obertura- Fantas\u00eda op. 67 Piotr I. Tchaikovsky &#8211; Concierto para viol\u00edn y orquesta en mi m op. 64 F. Mendelssohn &#8211; Tristia op, 18 H. Berlioz Solista: &hellip;\" \/>\n<meta property=\"og:url\" content=\"https:\/\/albergueweb1.uva.es\/orquesta\/programacion-201617\/\" \/>\n<meta property=\"og:site_name\" content=\"OUVa\" \/>\n<meta property=\"article:modified_time\" content=\"2017-08-21T21:27:45+00:00\" \/>\n<meta name=\"twitter:card\" content=\"summary_large_image\" \/>\n<meta name=\"twitter:label1\" content=\"Tiempo de lectura\" \/>\n\t<meta name=\"twitter:data1\" content=\"2 minutos\" \/>\n<script type=\"application\/ld+json\" class=\"yoast-schema-graph\">{\"@context\":\"https:\\\/\\\/schema.org\",\"@graph\":[{\"@type\":\"WebPage\",\"@id\":\"https:\\\/\\\/albergueweb1.uva.es\\\/orquesta\\\/programacion-201617\\\/\",\"url\":\"https:\\\/\\\/albergueweb1.uva.es\\\/orquesta\\\/programacion-201617\\\/\",\"name\":\"Programaci\u00f3n 2016\\\/17 - OUVa\",\"isPartOf\":{\"@id\":\"https:\\\/\\\/albergueweb1.uva.es\\\/orquesta\\\/#website\"},\"datePublished\":\"2017-01-24T20:21:41+00:00\",\"dateModified\":\"2017-08-21T21:27:45+00:00\",\"breadcrumb\":{\"@id\":\"https:\\\/\\\/albergueweb1.uva.es\\\/orquesta\\\/programacion-201617\\\/#breadcrumb\"},\"inLanguage\":\"es\",\"potentialAction\":[{\"@type\":\"ReadAction\",\"target\":[\"https:\\\/\\\/albergueweb1.uva.es\\\/orquesta\\\/programacion-201617\\\/\"]}]},{\"@type\":\"BreadcrumbList\",\"@id\":\"https:\\\/\\\/albergueweb1.uva.es\\\/orquesta\\\/programacion-201617\\\/#breadcrumb\",\"itemListElement\":[{\"@type\":\"ListItem\",\"position\":1,\"name\":\"Portada\",\"item\":\"https:\\\/\\\/albergueweb1.uva.es\\\/orquesta\\\/\"},{\"@type\":\"ListItem\",\"position\":2,\"name\":\"Programaci\u00f3n 2016\\\/17\"}]},{\"@type\":\"WebSite\",\"@id\":\"https:\\\/\\\/albergueweb1.uva.es\\\/orquesta\\\/#website\",\"url\":\"https:\\\/\\\/albergueweb1.uva.es\\\/orquesta\\\/\",\"name\":\"OUVa\",\"description\":\"Orquesta de la Universidad de Valladolid\",\"publisher\":{\"@id\":\"https:\\\/\\\/albergueweb1.uva.es\\\/orquesta\\\/#organization\"},\"potentialAction\":[{\"@type\":\"SearchAction\",\"target\":{\"@type\":\"EntryPoint\",\"urlTemplate\":\"https:\\\/\\\/albergueweb1.uva.es\\\/orquesta\\\/?s={search_term_string}\"},\"query-input\":{\"@type\":\"PropertyValueSpecification\",\"valueRequired\":true,\"valueName\":\"search_term_string\"}}],\"inLanguage\":\"es\"},{\"@type\":\"Organization\",\"@id\":\"https:\\\/\\\/albergueweb1.uva.es\\\/orquesta\\\/#organization\",\"name\":\"OUVa\",\"url\":\"https:\\\/\\\/albergueweb1.uva.es\\\/orquesta\\\/\",\"logo\":{\"@type\":\"ImageObject\",\"inLanguage\":\"es\",\"@id\":\"https:\\\/\\\/albergueweb1.uva.es\\\/orquesta\\\/#\\\/schema\\\/logo\\\/image\\\/\",\"url\":\"https:\\\/\\\/albergueweb1.uva.es\\\/orquesta\\\/wp-content\\\/uploads\\\/OUVaHorizontal.png\",\"contentUrl\":\"https:\\\/\\\/albergueweb1.uva.es\\\/orquesta\\\/wp-content\\\/uploads\\\/OUVaHorizontal.png\",\"width\":974,\"height\":268,\"caption\":\"OUVa\"},\"image\":{\"@id\":\"https:\\\/\\\/albergueweb1.uva.es\\\/orquesta\\\/#\\\/schema\\\/logo\\\/image\\\/\"}}]}<\/script>\n<!-- \/ Yoast SEO plugin. -->","yoast_head_json":{"title":"Programaci\u00f3n 2016\/17 - OUVa","robots":{"index":"index","follow":"follow","max-snippet":"max-snippet:-1","max-image-preview":"max-image-preview:large","max-video-preview":"max-video-preview:-1"},"canonical":"https:\/\/albergueweb1.uva.es\/orquesta\/programacion-201617\/","og_locale":"es_ES","og_type":"article","og_title":"Programaci\u00f3n 2016\/17 - OUVa","og_description":"Concierto Inicio de Curso Domingo 23 de octubre de 2016, 19:00h,\u00a0Sala Sinf\u00f3nica del CCMD. &#8211; Hamlet obertura\u00a0 op. 37 Niels Gade &#8211; Hamlet Obertura- Fantas\u00eda op. 67 Piotr I. Tchaikovsky &#8211; Concierto para viol\u00edn y orquesta en mi m op. 64 F. Mendelssohn &#8211; Tristia op, 18 H. Berlioz Solista: &hellip;","og_url":"https:\/\/albergueweb1.uva.es\/orquesta\/programacion-201617\/","og_site_name":"OUVa","article_modified_time":"2017-08-21T21:27:45+00:00","twitter_card":"summary_large_image","twitter_misc":{"Tiempo de lectura":"2 minutos"},"schema":{"@context":"https:\/\/schema.org","@graph":[{"@type":"WebPage","@id":"https:\/\/albergueweb1.uva.es\/orquesta\/programacion-201617\/","url":"https:\/\/albergueweb1.uva.es\/orquesta\/programacion-201617\/","name":"Programaci\u00f3n 2016\/17 - OUVa","isPartOf":{"@id":"https:\/\/albergueweb1.uva.es\/orquesta\/#website"},"datePublished":"2017-01-24T20:21:41+00:00","dateModified":"2017-08-21T21:27:45+00:00","breadcrumb":{"@id":"https:\/\/albergueweb1.uva.es\/orquesta\/programacion-201617\/#breadcrumb"},"inLanguage":"es","potentialAction":[{"@type":"ReadAction","target":["https:\/\/albergueweb1.uva.es\/orquesta\/programacion-201617\/"]}]},{"@type":"BreadcrumbList","@id":"https:\/\/albergueweb1.uva.es\/orquesta\/programacion-201617\/#breadcrumb","itemListElement":[{"@type":"ListItem","position":1,"name":"Portada","item":"https:\/\/albergueweb1.uva.es\/orquesta\/"},{"@type":"ListItem","position":2,"name":"Programaci\u00f3n 2016\/17"}]},{"@type":"WebSite","@id":"https:\/\/albergueweb1.uva.es\/orquesta\/#website","url":"https:\/\/albergueweb1.uva.es\/orquesta\/","name":"OUVa","description":"Orquesta de la Universidad de Valladolid","publisher":{"@id":"https:\/\/albergueweb1.uva.es\/orquesta\/#organization"},"potentialAction":[{"@type":"SearchAction","target":{"@type":"EntryPoint","urlTemplate":"https:\/\/albergueweb1.uva.es\/orquesta\/?s={search_term_string}"},"query-input":{"@type":"PropertyValueSpecification","valueRequired":true,"valueName":"search_term_string"}}],"inLanguage":"es"},{"@type":"Organization","@id":"https:\/\/albergueweb1.uva.es\/orquesta\/#organization","name":"OUVa","url":"https:\/\/albergueweb1.uva.es\/orquesta\/","logo":{"@type":"ImageObject","inLanguage":"es","@id":"https:\/\/albergueweb1.uva.es\/orquesta\/#\/schema\/logo\/image\/","url":"https:\/\/albergueweb1.uva.es\/orquesta\/wp-content\/uploads\/OUVaHorizontal.png","contentUrl":"https:\/\/albergueweb1.uva.es\/orquesta\/wp-content\/uploads\/OUVaHorizontal.png","width":974,"height":268,"caption":"OUVa"},"image":{"@id":"https:\/\/albergueweb1.uva.es\/orquesta\/#\/schema\/logo\/image\/"}}]}},"_links":{"self":[{"href":"https:\/\/albergueweb1.uva.es\/orquesta\/wp-json\/wp\/v2\/pages\/41","targetHints":{"allow":["GET"]}}],"collection":[{"href":"https:\/\/albergueweb1.uva.es\/orquesta\/wp-json\/wp\/v2\/pages"}],"about":[{"href":"https:\/\/albergueweb1.uva.es\/orquesta\/wp-json\/wp\/v2\/types\/page"}],"author":[{"embeddable":true,"href":"https:\/\/albergueweb1.uva.es\/orquesta\/wp-json\/wp\/v2\/users\/1"}],"replies":[{"embeddable":true,"href":"https:\/\/albergueweb1.uva.es\/orquesta\/wp-json\/wp\/v2\/comments?post=41"}],"version-history":[{"count":20,"href":"https:\/\/albergueweb1.uva.es\/orquesta\/wp-json\/wp\/v2\/pages\/41\/revisions"}],"predecessor-version":[{"id":919,"href":"https:\/\/albergueweb1.uva.es\/orquesta\/wp-json\/wp\/v2\/pages\/41\/revisions\/919"}],"wp:attachment":[{"href":"https:\/\/albergueweb1.uva.es\/orquesta\/wp-json\/wp\/v2\/media?parent=41"}],"curies":[{"name":"wp","href":"https:\/\/api.w.org\/{rel}","templated":true}]}}