{"id":456,"date":"2017-02-20T22:40:33","date_gmt":"2017-02-20T21:40:33","guid":{"rendered":"http:\/\/www5.uva.es\/orquesta\/?page_id=456"},"modified":"2017-02-20T23:19:33","modified_gmt":"2017-02-20T22:19:33","slug":"francais","status":"publish","type":"page","link":"https:\/\/albergueweb1.uva.es\/orquesta\/francais\/","title":{"rendered":"Bonjour!"},"content":{"rendered":"<p>Le Jeune Orchestre de l\u2019Universit\u00e9 de Valladolid (JOUVa) vous souhaite la bienvenue sur son site internet. Nous esp\u00e9rons que vous appr\u00e9cierez votre visite\u2026 et que nous vous verrons bient\u00f4t \u00e0 l&#8217;un de nos concerts!<\/p>\n<div class=\"su-tabs su-tabs-style-default su-tabs-mobile-stack\" data-active=\"1\" data-scroll-offset=\"0\" data-anchor-in-url=\"no\"><div class=\"su-tabs-nav\"><span class=\"\" data-url=\"\" data-target=\"blank\" tabindex=\"0\" role=\"button\">Orchestre<\/span><span class=\"\" data-url=\"\" data-target=\"blank\" tabindex=\"0\" role=\"button\">Information<\/span><span class=\"\" data-url=\"\" data-target=\"blank\" tabindex=\"0\" role=\"button\">\u00c9changes<\/span><\/div><div class=\"su-tabs-panes\"><div class=\"su-tabs-pane su-u-clearfix su-u-trim\" data-title=\"Orchestre\">\nLe Jeune Orchestre de l\u2019Universit\u00e9 de Valladolid (JOUVa) a \u00e9t\u00e9 fond\u00e9 d\u00e9but 1998. D\u00e8s lors, il a d\u00e9velopp\u00e9 une t\u00e2che importante qui inclut l\u2019assistance \u00e0 des cours de pratique orchestrale et la r\u00e9alisation de nombreux concerts dans plusieurs festivals et cycles de musique.<\/p>\n<p>Chaque ann\u00e9e, depuis 1999, l\u2019Orchestre accueille et organise le Cycle de Musique Contemporaine de l\u2019Universit\u00e9 de Valladolid, preuve de son int\u00e9r\u00eat \u00e0 diffuser la musique et \u00e0 soutenir les cr\u00e9ateurs contemporains.<\/p>\n<p>Le JOUVa a rendu visite \u00e0 plusieurs orchestres d\u2019autres universit\u00e9s europ\u00e9ennes, car la musique est le moyen id\u00e9al de conna\u00eetre des personnes et de cr\u00e9er des liens d\u2019amiti\u00e9.<\/p>\n<p>L&#8217;un des projets remarquables du JOUVa est le Projet Op\u00e9ra, qui a lieu chaque ann\u00e9e avec la collaboration d\u2019autres organismes et associations de l\u2019Universit\u00e9 de Valladolid. Le but de ce projet est de permettre au grand public d&#8217;aborder le genre de l&#8217;op\u00e9ra.<\/p>\n<p>Universit\u00e9 de Valladolid Youth Orchestra est membre fondateur du R\u00e9seau Europ\u00e9en des Orchestres Universitaires (<a title=\"http:\/\/www.enuo.eu\/\" href=\"http:\/\/www.enuo.eu\/\">ENUO<\/a>).<\/p>\n<\/div>\n<div class=\"su-tabs-pane su-u-clearfix su-u-trim\" data-title=\"Information\">\n<p class=\"Body\">Les activit\u00e9s de l\u2019orchestre se d\u00e9roulent sur cinq saisons: d\u00e9but de l\u2019ann\u00e9e scolaire, No\u00ebl, Cycle de Musique Contemporaine, fin de l\u2019ann\u00e9e scolaire et pendant l&#8217;\u00e9t\u00e9.<\/p>\n<p class=\"Body\">\u00b7 <span class=\"style_1\">D\u00e9but de l\u2019ann\u00e9e scolaire:<\/span> depuis le X anniversaire de l\u2019Orchestre, nous donnons un concert dans la Salle Symphonique du Centre Culturel \u00ab\u00a0Miguel Delibes\u00a0\u00bb, \u00e0 Valladolid. Nous r\u00e9p\u00e9titions en octobre et le concert \u00e0 lieu le dernier week-end du mois.<\/p>\n<p class=\"Body\">\u00b7 <span class=\"style_1\">No\u00ebl:<\/span> on donne plusieurs concerts au b\u00e9n\u00e9fice de l&#8217;UNICEF. Les r\u00e9p\u00e9titions ont lieu en novembre et d\u00e9cembre.<\/p>\n<p class=\"Body\">\u00b7 <span class=\"style_1\">Cycle de Musique Contemporaine:<\/span> le cycle consiste en une conf\u00e9rence, un concert de musiciens invit\u00e9s, un concert de musique de chambre des membres de l\u2019Orchestre et un concert symphonique. Les r\u00e9p\u00e9titions ont lieu en mars et en avril, et les concerts la derni\u00e8re semaine avant P\u00e2ques.<\/p>\n<p class=\"Body\">\u00b7 <span class=\"style_1\">Fin de l\u2019ann\u00e9e scolaire:<\/span> l\u2019Orchestre, en collaboration avec d\u2019autres associations de l\u2019Universit\u00e9 de Valladolid, pr\u00e9pare un op\u00e9ra. Les r\u00e9p\u00e9titions ont lieu en avril et en mai, et les repr\u00e9sentations la deuxi\u00e8me semaine de mai.<\/p>\n<p class=\"Body\">\u00b7 <span class=\"style_1\">\u00c9t\u00e9:<\/span> nous r\u00e9alisons une tourn\u00e9e dans d&#8217;autres r\u00e9gions d&#8217;Espagne.<\/p>\n<p class=\"Body\">Pour pr\u00e9parer chaque saison, on r\u00e9p\u00e8te pendant deux week-ends et pendant ce qu\u2019on appelle une concentration (un long week-end dans une auberge de jeunesse de Castilla y Le\u00f3n), dans la mesure du possible.<\/p>\n<p class=\"Body\">En dernier lieu, la participation dans le Jeune Orchestre de L\u2019Universit\u00e9 de Valladolid permet la validation de \u00ab\u00a0cr\u00e9ditos de libre configuraci\u00f3n\u00a0\u00bb pour les \u00e9tudes universitaires dans l\u2019Universit\u00e9 de Valladolid.<\/p>\n<\/div>\n<div class=\"su-tabs-pane su-u-clearfix su-u-trim\" data-title=\"\u00c9changes\">\n<p class=\"paragraph_style\">Depuis l\u2019apparition de l\u2019orchestre, nous nous sommes int\u00e9ress\u00e9s aux \u00e9changes avec d\u2019autres jeunes orchestres. On consid\u00e8re ceci comme l\u2019occasion parfaite de faire connaissance avec de jeunes musiciens d\u2019ailleurs, qui ont des centres d&#8217;int\u00e9r\u00eats communs aux n\u00f4tres et avec lesquels on puisse cr\u00e9er des liens d\u2019amiti\u00e9. On aimerait ainsi accueillir d\u2019autres orchestres \u00e0 Valladolid et leur rendre visite.<\/p>\n<p class=\"paragraph_style\">On a d\u00e9j\u00e0 r\u00e9alis\u00e9 un \u00e9change avec l\u2019Orchestre de l\u2019Universit\u00e9 d\u2019Utrecht (Hollande), l\u2019Orchestre de l\u2019Universit\u00e9 de Salerno (Italie) et l\u2019Orchestre des Jeunes de Strasbourg (France). On a aussi rendu visite \u00e0 l\u2019Orchestre de l\u2019Universit\u00e9 de Louvain en Belgique.<\/p>\n<p class=\"paragraph_style\">N\u2019h\u00e9sitez pas \u00e0 prendre <a href=\"\/orquesta\/contacto\/\">contact<\/a> avec nous pour toute suggestion, proposition ou doute. Nous serons ravis de vous r\u00e9pondre.<\/p>\n<\/div><\/div><\/div>\n","protected":false},"excerpt":{"rendered":"<p>Le Jeune Orchestre de l\u2019Universit\u00e9 de Valladolid (JOUVa) vous souhaite la bienvenue sur son site internet. Nous esp\u00e9rons que vous appr\u00e9cierez votre visite\u2026 et que nous vous verrons bient\u00f4t \u00e0 l&#8217;un de nos concerts!<\/p>\n","protected":false},"author":1,"featured_media":0,"parent":0,"menu_order":0,"comment_status":"closed","ping_status":"closed","template":"","meta":{"footnotes":""},"class_list":["post-456","page","type-page","status-publish","hentry"],"yoast_head":"<!-- This site is optimized with the Yoast SEO plugin v27.4 - https:\/\/yoast.com\/product\/yoast-seo-wordpress\/ -->\n<title>Bonjour! - OUVa<\/title>\n<meta name=\"robots\" content=\"index, follow, max-snippet:-1, max-image-preview:large, max-video-preview:-1\" \/>\n<link rel=\"canonical\" href=\"https:\/\/albergueweb1.uva.es\/orquesta\/francais\/\" \/>\n<meta property=\"og:locale\" content=\"es_ES\" \/>\n<meta property=\"og:type\" content=\"article\" \/>\n<meta property=\"og:title\" content=\"Bonjour! - OUVa\" \/>\n<meta property=\"og:description\" content=\"Le Jeune Orchestre de l\u2019Universit\u00e9 de Valladolid (JOUVa) vous souhaite la bienvenue sur son site internet. Nous esp\u00e9rons que vous appr\u00e9cierez votre visite\u2026 et que nous vous verrons bient\u00f4t \u00e0 l&#8217;un de nos concerts!\" \/>\n<meta property=\"og:url\" content=\"https:\/\/albergueweb1.uva.es\/orquesta\/francais\/\" \/>\n<meta property=\"og:site_name\" content=\"OUVa\" \/>\n<meta property=\"article:modified_time\" content=\"2017-02-20T22:19:33+00:00\" \/>\n<meta name=\"twitter:card\" content=\"summary_large_image\" \/>\n<meta name=\"twitter:label1\" content=\"Tiempo de lectura\" \/>\n\t<meta name=\"twitter:data1\" content=\"3 minutos\" \/>\n<script type=\"application\/ld+json\" class=\"yoast-schema-graph\">{\"@context\":\"https:\\\/\\\/schema.org\",\"@graph\":[{\"@type\":\"WebPage\",\"@id\":\"https:\\\/\\\/albergueweb1.uva.es\\\/orquesta\\\/francais\\\/\",\"url\":\"https:\\\/\\\/albergueweb1.uva.es\\\/orquesta\\\/francais\\\/\",\"name\":\"Bonjour! - OUVa\",\"isPartOf\":{\"@id\":\"https:\\\/\\\/albergueweb1.uva.es\\\/orquesta\\\/#website\"},\"datePublished\":\"2017-02-20T21:40:33+00:00\",\"dateModified\":\"2017-02-20T22:19:33+00:00\",\"breadcrumb\":{\"@id\":\"https:\\\/\\\/albergueweb1.uva.es\\\/orquesta\\\/francais\\\/#breadcrumb\"},\"inLanguage\":\"es\",\"potentialAction\":[{\"@type\":\"ReadAction\",\"target\":[\"https:\\\/\\\/albergueweb1.uva.es\\\/orquesta\\\/francais\\\/\"]}]},{\"@type\":\"BreadcrumbList\",\"@id\":\"https:\\\/\\\/albergueweb1.uva.es\\\/orquesta\\\/francais\\\/#breadcrumb\",\"itemListElement\":[{\"@type\":\"ListItem\",\"position\":1,\"name\":\"Portada\",\"item\":\"https:\\\/\\\/albergueweb1.uva.es\\\/orquesta\\\/\"},{\"@type\":\"ListItem\",\"position\":2,\"name\":\"Bonjour!\"}]},{\"@type\":\"WebSite\",\"@id\":\"https:\\\/\\\/albergueweb1.uva.es\\\/orquesta\\\/#website\",\"url\":\"https:\\\/\\\/albergueweb1.uva.es\\\/orquesta\\\/\",\"name\":\"OUVa\",\"description\":\"Orquesta de la Universidad de Valladolid\",\"publisher\":{\"@id\":\"https:\\\/\\\/albergueweb1.uva.es\\\/orquesta\\\/#organization\"},\"potentialAction\":[{\"@type\":\"SearchAction\",\"target\":{\"@type\":\"EntryPoint\",\"urlTemplate\":\"https:\\\/\\\/albergueweb1.uva.es\\\/orquesta\\\/?s={search_term_string}\"},\"query-input\":{\"@type\":\"PropertyValueSpecification\",\"valueRequired\":true,\"valueName\":\"search_term_string\"}}],\"inLanguage\":\"es\"},{\"@type\":\"Organization\",\"@id\":\"https:\\\/\\\/albergueweb1.uva.es\\\/orquesta\\\/#organization\",\"name\":\"OUVa\",\"url\":\"https:\\\/\\\/albergueweb1.uva.es\\\/orquesta\\\/\",\"logo\":{\"@type\":\"ImageObject\",\"inLanguage\":\"es\",\"@id\":\"https:\\\/\\\/albergueweb1.uva.es\\\/orquesta\\\/#\\\/schema\\\/logo\\\/image\\\/\",\"url\":\"https:\\\/\\\/albergueweb1.uva.es\\\/orquesta\\\/wp-content\\\/uploads\\\/OUVaHorizontal.png\",\"contentUrl\":\"https:\\\/\\\/albergueweb1.uva.es\\\/orquesta\\\/wp-content\\\/uploads\\\/OUVaHorizontal.png\",\"width\":974,\"height\":268,\"caption\":\"OUVa\"},\"image\":{\"@id\":\"https:\\\/\\\/albergueweb1.uva.es\\\/orquesta\\\/#\\\/schema\\\/logo\\\/image\\\/\"}}]}<\/script>\n<!-- \/ Yoast SEO plugin. -->","yoast_head_json":{"title":"Bonjour! - OUVa","robots":{"index":"index","follow":"follow","max-snippet":"max-snippet:-1","max-image-preview":"max-image-preview:large","max-video-preview":"max-video-preview:-1"},"canonical":"https:\/\/albergueweb1.uva.es\/orquesta\/francais\/","og_locale":"es_ES","og_type":"article","og_title":"Bonjour! - OUVa","og_description":"Le Jeune Orchestre de l\u2019Universit\u00e9 de Valladolid (JOUVa) vous souhaite la bienvenue sur son site internet. Nous esp\u00e9rons que vous appr\u00e9cierez votre visite\u2026 et que nous vous verrons bient\u00f4t \u00e0 l&#8217;un de nos concerts!","og_url":"https:\/\/albergueweb1.uva.es\/orquesta\/francais\/","og_site_name":"OUVa","article_modified_time":"2017-02-20T22:19:33+00:00","twitter_card":"summary_large_image","twitter_misc":{"Tiempo de lectura":"3 minutos"},"schema":{"@context":"https:\/\/schema.org","@graph":[{"@type":"WebPage","@id":"https:\/\/albergueweb1.uva.es\/orquesta\/francais\/","url":"https:\/\/albergueweb1.uva.es\/orquesta\/francais\/","name":"Bonjour! - OUVa","isPartOf":{"@id":"https:\/\/albergueweb1.uva.es\/orquesta\/#website"},"datePublished":"2017-02-20T21:40:33+00:00","dateModified":"2017-02-20T22:19:33+00:00","breadcrumb":{"@id":"https:\/\/albergueweb1.uva.es\/orquesta\/francais\/#breadcrumb"},"inLanguage":"es","potentialAction":[{"@type":"ReadAction","target":["https:\/\/albergueweb1.uva.es\/orquesta\/francais\/"]}]},{"@type":"BreadcrumbList","@id":"https:\/\/albergueweb1.uva.es\/orquesta\/francais\/#breadcrumb","itemListElement":[{"@type":"ListItem","position":1,"name":"Portada","item":"https:\/\/albergueweb1.uva.es\/orquesta\/"},{"@type":"ListItem","position":2,"name":"Bonjour!"}]},{"@type":"WebSite","@id":"https:\/\/albergueweb1.uva.es\/orquesta\/#website","url":"https:\/\/albergueweb1.uva.es\/orquesta\/","name":"OUVa","description":"Orquesta de la Universidad de Valladolid","publisher":{"@id":"https:\/\/albergueweb1.uva.es\/orquesta\/#organization"},"potentialAction":[{"@type":"SearchAction","target":{"@type":"EntryPoint","urlTemplate":"https:\/\/albergueweb1.uva.es\/orquesta\/?s={search_term_string}"},"query-input":{"@type":"PropertyValueSpecification","valueRequired":true,"valueName":"search_term_string"}}],"inLanguage":"es"},{"@type":"Organization","@id":"https:\/\/albergueweb1.uva.es\/orquesta\/#organization","name":"OUVa","url":"https:\/\/albergueweb1.uva.es\/orquesta\/","logo":{"@type":"ImageObject","inLanguage":"es","@id":"https:\/\/albergueweb1.uva.es\/orquesta\/#\/schema\/logo\/image\/","url":"https:\/\/albergueweb1.uva.es\/orquesta\/wp-content\/uploads\/OUVaHorizontal.png","contentUrl":"https:\/\/albergueweb1.uva.es\/orquesta\/wp-content\/uploads\/OUVaHorizontal.png","width":974,"height":268,"caption":"OUVa"},"image":{"@id":"https:\/\/albergueweb1.uva.es\/orquesta\/#\/schema\/logo\/image\/"}}]}},"_links":{"self":[{"href":"https:\/\/albergueweb1.uva.es\/orquesta\/wp-json\/wp\/v2\/pages\/456","targetHints":{"allow":["GET"]}}],"collection":[{"href":"https:\/\/albergueweb1.uva.es\/orquesta\/wp-json\/wp\/v2\/pages"}],"about":[{"href":"https:\/\/albergueweb1.uva.es\/orquesta\/wp-json\/wp\/v2\/types\/page"}],"author":[{"embeddable":true,"href":"https:\/\/albergueweb1.uva.es\/orquesta\/wp-json\/wp\/v2\/users\/1"}],"replies":[{"embeddable":true,"href":"https:\/\/albergueweb1.uva.es\/orquesta\/wp-json\/wp\/v2\/comments?post=456"}],"version-history":[{"count":8,"href":"https:\/\/albergueweb1.uva.es\/orquesta\/wp-json\/wp\/v2\/pages\/456\/revisions"}],"predecessor-version":[{"id":1559,"href":"https:\/\/albergueweb1.uva.es\/orquesta\/wp-json\/wp\/v2\/pages\/456\/revisions\/1559"}],"wp:attachment":[{"href":"https:\/\/albergueweb1.uva.es\/orquesta\/wp-json\/wp\/v2\/media?parent=456"}],"curies":[{"name":"wp","href":"https:\/\/api.w.org\/{rel}","templated":true}]}}