{"id":67,"date":"2017-01-24T21:34:45","date_gmt":"2017-01-24T20:34:45","guid":{"rendered":"http:\/\/www5.uva.es\/orquesta\/?page_id=67"},"modified":"2024-10-24T20:10:37","modified_gmt":"2024-10-24T18:10:37","slug":"joven-orquesta-de-la-uva","status":"publish","type":"page","link":"https:\/\/albergueweb1.uva.es\/orquesta\/joven-orquesta-de-la-uva\/","title":{"rendered":"Joven Orquesta de la UVa"},"content":{"rendered":"<p>La Orquesta de la Universidad de Valladolid fue fundada a principios de 1998. En sus m\u00e1s de 25 a\u00f1os de historia ha sido dirigida por Francisco Lara, su director fundador, y Javier Fajardo. Desde 2024 su director titular y art\u00edstico es \u00cd\u00f1igo Igualador, con cuyo impulso la pretende relanzar de una manera decidida y definitiva su agrupaci\u00f3n orquestal.<\/p>\n<figure class=\"wp-block-image\"><!-- \/wp:post-content --><img decoding=\"async\" src=\"https:\/\/albergueweb1.uva.es\/orquesta\/wp-content\/uploads\/jouva-1024x429.jpg\" alt=\"La imagen tiene un atributo ALT vac\u00edo; su nombre de archivo es jouva-1024x429.jpg\" \/><\/figure>\n<p><!-- \/wp:image --><\/p>\n<p>Ha realizado colaboraciones con otros colectivos de la Universidad de Valladolid, como el Coro Universitario, el Grupo de M\u00fasica Antigua, el Grupo Teatro, el Coro de la Facultad de Educaci\u00f3n o el Ballet Espa\u00f1ol. Tambi\u00e9n ha colaborado con otras agrupaciones y entidades como el Coro Voces Blancas, la Compa\u00f1\u00eda Kala Teatro Danza, la Coral Voces Amigas o la Escuela Superior de arte Dram\u00e1tico FUESCYL.<\/p>\n<p><img loading=\"lazy\" decoding=\"async\" class=\" wp-image-739 alignleft\" src=\"http:\/\/www5.uva.es\/orquesta\/wp-content\/uploads\/27919103984_58502247c1_k-200x300.jpg\" alt=\"\" width=\"171\" height=\"257\" srcset=\"https:\/\/albergueweb1.uva.es\/orquesta\/wp-content\/uploads\/27919103984_58502247c1_k-200x300.jpg 200w, https:\/\/albergueweb1.uva.es\/orquesta\/wp-content\/uploads\/27919103984_58502247c1_k-100x150.jpg 100w, https:\/\/albergueweb1.uva.es\/orquesta\/wp-content\/uploads\/27919103984_58502247c1_k-768x1152.jpg 768w, https:\/\/albergueweb1.uva.es\/orquesta\/wp-content\/uploads\/27919103984_58502247c1_k-683x1024.jpg 683w, https:\/\/albergueweb1.uva.es\/orquesta\/wp-content\/uploads\/27919103984_58502247c1_k-133x200.jpg 133w, https:\/\/albergueweb1.uva.es\/orquesta\/wp-content\/uploads\/27919103984_58502247c1_k.jpg 1365w\" sizes=\"auto, (max-width: 171px) 100vw, 171px\" \/><span style=\"font-size: revert; text-indent: 0em;\">Entre sus principales apuestas culturales propias ha destacado el Ciclo de M\u00fasica Contempor\u00e1nea que se celebr\u00f3 ininterrumpidamente desde el a\u00f1o 1999 hasta el a\u00f1o 2020. Tambi\u00e9n ha sido de especial importancia el Proyecto \u00d3pera, iniciado en el a\u00f1o 2004 y desarrollado hasta 2020, que consigui\u00f3 acercar este g\u00e9nero a todos los p\u00fablicos y poner en escena cada a\u00f1o una \u00f3pera completa. En 2002 se instaur\u00f3 el ya tradicional Concierto a favor de UNICEF cuya recaudaci\u00f3n se destina \u00edntegramente a proyectos relacionados con la infancia en los lugares m\u00e1s desfavorecidos del planeta.<\/span><\/p>\n<p>La Orquesta, adem\u00e1s de conciertos en el territorio nacional, ha viajado m\u00faltiples ciudades europeas, entre ellas destacan Utrecht, Oporto, Salerno, Lovaina, Gante y Estrasburgo. Adem\u00e1s ha sido invitada por festivales internacionales como el Festival Floraisons Musicales de la Provenza, el Festival Orchestre Giovanili de la Toscana o el Festival de Orquestas Universitarias de Tudela de Navarra.<br \/><br \/><\/p>\n<p>Otras colaboraciones de gran inter\u00e9s han sido las realizadas con grupos como Los Secretos, con quienes participaron en varios conciertos y grabaron el disco \u00abSinf\u00f3nico\u00bb en el Teatro Real de Madrid; Celtas Cortos, con quienes tambi\u00e9n realizaron diversos conciertos y grabaron una versi\u00f3n muy especial junto a Rozal\u00e9n del tema \u00abLa Senda del Tiempo\u00bb para su disco \u00abS\u00f3lo recuerdo lo bueno, de lo malo nada\u00bb. En junio de 2024, junto al Coro de la Universidad de Valladolid, la Orquesta ha participado en la gira \u00abSinf\u00f3nico\u00bb de V\u00edctor Manuel.<\/p>\n<p>\u00a0<\/p>\n\n<!-- wp:tadv\/classic-paragraph \/-->","protected":false},"excerpt":{"rendered":"<p>La Orquesta de la Universidad de Valladolid fue fundada a principios de 1998. En sus m\u00e1s de 25 a\u00f1os de historia ha sido dirigida por Francisco Lara, su director fundador, y Javier Fajardo. Desde 2024 su director titular y art\u00edstico es \u00cd\u00f1igo Igualador, con cuyo impulso la pretende relanzar de &hellip;<\/p>\n","protected":false},"author":1,"featured_media":0,"parent":0,"menu_order":0,"comment_status":"closed","ping_status":"closed","template":"","meta":{"footnotes":""},"class_list":["post-67","page","type-page","status-publish","hentry"],"yoast_head":"<!-- This site is optimized with the Yoast SEO plugin v27.4 - https:\/\/yoast.com\/product\/yoast-seo-wordpress\/ -->\n<title>Joven Orquesta de la UVa - OUVa<\/title>\n<meta name=\"robots\" content=\"index, follow, max-snippet:-1, max-image-preview:large, max-video-preview:-1\" \/>\n<link rel=\"canonical\" href=\"https:\/\/albergueweb1.uva.es\/orquesta\/joven-orquesta-de-la-uva\/\" \/>\n<meta property=\"og:locale\" content=\"es_ES\" \/>\n<meta property=\"og:type\" content=\"article\" \/>\n<meta property=\"og:title\" content=\"Joven Orquesta de la UVa - OUVa\" \/>\n<meta property=\"og:description\" content=\"La Orquesta de la Universidad de Valladolid fue fundada a principios de 1998. En sus m\u00e1s de 25 a\u00f1os de historia ha sido dirigida por Francisco Lara, su director fundador, y Javier Fajardo. Desde 2024 su director titular y art\u00edstico es \u00cd\u00f1igo Igualador, con cuyo impulso la pretende relanzar de &hellip;\" \/>\n<meta property=\"og:url\" content=\"https:\/\/albergueweb1.uva.es\/orquesta\/joven-orquesta-de-la-uva\/\" \/>\n<meta property=\"og:site_name\" content=\"OUVa\" \/>\n<meta property=\"article:modified_time\" content=\"2024-10-24T18:10:37+00:00\" \/>\n<meta property=\"og:image\" content=\"https:\/\/albergueweb1.uva.es\/orquesta\/wp-content\/uploads\/jouva-1024x429.jpg\" \/>\n<meta name=\"twitter:card\" content=\"summary_large_image\" \/>\n<meta name=\"twitter:label1\" content=\"Tiempo de lectura\" \/>\n\t<meta name=\"twitter:data1\" content=\"2 minutos\" \/>\n<script type=\"application\/ld+json\" class=\"yoast-schema-graph\">{\"@context\":\"https:\\\/\\\/schema.org\",\"@graph\":[{\"@type\":\"WebPage\",\"@id\":\"https:\\\/\\\/albergueweb1.uva.es\\\/orquesta\\\/joven-orquesta-de-la-uva\\\/\",\"url\":\"https:\\\/\\\/albergueweb1.uva.es\\\/orquesta\\\/joven-orquesta-de-la-uva\\\/\",\"name\":\"Joven Orquesta de la UVa - OUVa\",\"isPartOf\":{\"@id\":\"https:\\\/\\\/albergueweb1.uva.es\\\/orquesta\\\/#website\"},\"primaryImageOfPage\":{\"@id\":\"https:\\\/\\\/albergueweb1.uva.es\\\/orquesta\\\/joven-orquesta-de-la-uva\\\/#primaryimage\"},\"image\":{\"@id\":\"https:\\\/\\\/albergueweb1.uva.es\\\/orquesta\\\/joven-orquesta-de-la-uva\\\/#primaryimage\"},\"thumbnailUrl\":\"https:\\\/\\\/albergueweb1.uva.es\\\/orquesta\\\/wp-content\\\/uploads\\\/jouva-1024x429.jpg\",\"datePublished\":\"2017-01-24T20:34:45+00:00\",\"dateModified\":\"2024-10-24T18:10:37+00:00\",\"breadcrumb\":{\"@id\":\"https:\\\/\\\/albergueweb1.uva.es\\\/orquesta\\\/joven-orquesta-de-la-uva\\\/#breadcrumb\"},\"inLanguage\":\"es\",\"potentialAction\":[{\"@type\":\"ReadAction\",\"target\":[\"https:\\\/\\\/albergueweb1.uva.es\\\/orquesta\\\/joven-orquesta-de-la-uva\\\/\"]}]},{\"@type\":\"ImageObject\",\"inLanguage\":\"es\",\"@id\":\"https:\\\/\\\/albergueweb1.uva.es\\\/orquesta\\\/joven-orquesta-de-la-uva\\\/#primaryimage\",\"url\":\"https:\\\/\\\/albergueweb1.uva.es\\\/orquesta\\\/wp-content\\\/uploads\\\/jouva-scaled.jpg\",\"contentUrl\":\"https:\\\/\\\/albergueweb1.uva.es\\\/orquesta\\\/wp-content\\\/uploads\\\/jouva-scaled.jpg\",\"width\":2560,\"height\":1072},{\"@type\":\"BreadcrumbList\",\"@id\":\"https:\\\/\\\/albergueweb1.uva.es\\\/orquesta\\\/joven-orquesta-de-la-uva\\\/#breadcrumb\",\"itemListElement\":[{\"@type\":\"ListItem\",\"position\":1,\"name\":\"Portada\",\"item\":\"https:\\\/\\\/albergueweb1.uva.es\\\/orquesta\\\/\"},{\"@type\":\"ListItem\",\"position\":2,\"name\":\"Joven Orquesta de la UVa\"}]},{\"@type\":\"WebSite\",\"@id\":\"https:\\\/\\\/albergueweb1.uva.es\\\/orquesta\\\/#website\",\"url\":\"https:\\\/\\\/albergueweb1.uva.es\\\/orquesta\\\/\",\"name\":\"OUVa\",\"description\":\"Orquesta de la Universidad de Valladolid\",\"publisher\":{\"@id\":\"https:\\\/\\\/albergueweb1.uva.es\\\/orquesta\\\/#organization\"},\"potentialAction\":[{\"@type\":\"SearchAction\",\"target\":{\"@type\":\"EntryPoint\",\"urlTemplate\":\"https:\\\/\\\/albergueweb1.uva.es\\\/orquesta\\\/?s={search_term_string}\"},\"query-input\":{\"@type\":\"PropertyValueSpecification\",\"valueRequired\":true,\"valueName\":\"search_term_string\"}}],\"inLanguage\":\"es\"},{\"@type\":\"Organization\",\"@id\":\"https:\\\/\\\/albergueweb1.uva.es\\\/orquesta\\\/#organization\",\"name\":\"OUVa\",\"url\":\"https:\\\/\\\/albergueweb1.uva.es\\\/orquesta\\\/\",\"logo\":{\"@type\":\"ImageObject\",\"inLanguage\":\"es\",\"@id\":\"https:\\\/\\\/albergueweb1.uva.es\\\/orquesta\\\/#\\\/schema\\\/logo\\\/image\\\/\",\"url\":\"https:\\\/\\\/albergueweb1.uva.es\\\/orquesta\\\/wp-content\\\/uploads\\\/OUVaHorizontal.png\",\"contentUrl\":\"https:\\\/\\\/albergueweb1.uva.es\\\/orquesta\\\/wp-content\\\/uploads\\\/OUVaHorizontal.png\",\"width\":974,\"height\":268,\"caption\":\"OUVa\"},\"image\":{\"@id\":\"https:\\\/\\\/albergueweb1.uva.es\\\/orquesta\\\/#\\\/schema\\\/logo\\\/image\\\/\"}}]}<\/script>\n<!-- \/ Yoast SEO plugin. -->","yoast_head_json":{"title":"Joven Orquesta de la UVa - OUVa","robots":{"index":"index","follow":"follow","max-snippet":"max-snippet:-1","max-image-preview":"max-image-preview:large","max-video-preview":"max-video-preview:-1"},"canonical":"https:\/\/albergueweb1.uva.es\/orquesta\/joven-orquesta-de-la-uva\/","og_locale":"es_ES","og_type":"article","og_title":"Joven Orquesta de la UVa - OUVa","og_description":"La Orquesta de la Universidad de Valladolid fue fundada a principios de 1998. En sus m\u00e1s de 25 a\u00f1os de historia ha sido dirigida por Francisco Lara, su director fundador, y Javier Fajardo. Desde 2024 su director titular y art\u00edstico es \u00cd\u00f1igo Igualador, con cuyo impulso la pretende relanzar de &hellip;","og_url":"https:\/\/albergueweb1.uva.es\/orquesta\/joven-orquesta-de-la-uva\/","og_site_name":"OUVa","article_modified_time":"2024-10-24T18:10:37+00:00","og_image":[{"url":"https:\/\/albergueweb1.uva.es\/orquesta\/wp-content\/uploads\/jouva-1024x429.jpg","type":"","width":"","height":""}],"twitter_card":"summary_large_image","twitter_misc":{"Tiempo de lectura":"2 minutos"},"schema":{"@context":"https:\/\/schema.org","@graph":[{"@type":"WebPage","@id":"https:\/\/albergueweb1.uva.es\/orquesta\/joven-orquesta-de-la-uva\/","url":"https:\/\/albergueweb1.uva.es\/orquesta\/joven-orquesta-de-la-uva\/","name":"Joven Orquesta de la UVa - OUVa","isPartOf":{"@id":"https:\/\/albergueweb1.uva.es\/orquesta\/#website"},"primaryImageOfPage":{"@id":"https:\/\/albergueweb1.uva.es\/orquesta\/joven-orquesta-de-la-uva\/#primaryimage"},"image":{"@id":"https:\/\/albergueweb1.uva.es\/orquesta\/joven-orquesta-de-la-uva\/#primaryimage"},"thumbnailUrl":"https:\/\/albergueweb1.uva.es\/orquesta\/wp-content\/uploads\/jouva-1024x429.jpg","datePublished":"2017-01-24T20:34:45+00:00","dateModified":"2024-10-24T18:10:37+00:00","breadcrumb":{"@id":"https:\/\/albergueweb1.uva.es\/orquesta\/joven-orquesta-de-la-uva\/#breadcrumb"},"inLanguage":"es","potentialAction":[{"@type":"ReadAction","target":["https:\/\/albergueweb1.uva.es\/orquesta\/joven-orquesta-de-la-uva\/"]}]},{"@type":"ImageObject","inLanguage":"es","@id":"https:\/\/albergueweb1.uva.es\/orquesta\/joven-orquesta-de-la-uva\/#primaryimage","url":"https:\/\/albergueweb1.uva.es\/orquesta\/wp-content\/uploads\/jouva-scaled.jpg","contentUrl":"https:\/\/albergueweb1.uva.es\/orquesta\/wp-content\/uploads\/jouva-scaled.jpg","width":2560,"height":1072},{"@type":"BreadcrumbList","@id":"https:\/\/albergueweb1.uva.es\/orquesta\/joven-orquesta-de-la-uva\/#breadcrumb","itemListElement":[{"@type":"ListItem","position":1,"name":"Portada","item":"https:\/\/albergueweb1.uva.es\/orquesta\/"},{"@type":"ListItem","position":2,"name":"Joven Orquesta de la UVa"}]},{"@type":"WebSite","@id":"https:\/\/albergueweb1.uva.es\/orquesta\/#website","url":"https:\/\/albergueweb1.uva.es\/orquesta\/","name":"OUVa","description":"Orquesta de la Universidad de Valladolid","publisher":{"@id":"https:\/\/albergueweb1.uva.es\/orquesta\/#organization"},"potentialAction":[{"@type":"SearchAction","target":{"@type":"EntryPoint","urlTemplate":"https:\/\/albergueweb1.uva.es\/orquesta\/?s={search_term_string}"},"query-input":{"@type":"PropertyValueSpecification","valueRequired":true,"valueName":"search_term_string"}}],"inLanguage":"es"},{"@type":"Organization","@id":"https:\/\/albergueweb1.uva.es\/orquesta\/#organization","name":"OUVa","url":"https:\/\/albergueweb1.uva.es\/orquesta\/","logo":{"@type":"ImageObject","inLanguage":"es","@id":"https:\/\/albergueweb1.uva.es\/orquesta\/#\/schema\/logo\/image\/","url":"https:\/\/albergueweb1.uva.es\/orquesta\/wp-content\/uploads\/OUVaHorizontal.png","contentUrl":"https:\/\/albergueweb1.uva.es\/orquesta\/wp-content\/uploads\/OUVaHorizontal.png","width":974,"height":268,"caption":"OUVa"},"image":{"@id":"https:\/\/albergueweb1.uva.es\/orquesta\/#\/schema\/logo\/image\/"}}]}},"_links":{"self":[{"href":"https:\/\/albergueweb1.uva.es\/orquesta\/wp-json\/wp\/v2\/pages\/67","targetHints":{"allow":["GET"]}}],"collection":[{"href":"https:\/\/albergueweb1.uva.es\/orquesta\/wp-json\/wp\/v2\/pages"}],"about":[{"href":"https:\/\/albergueweb1.uva.es\/orquesta\/wp-json\/wp\/v2\/types\/page"}],"author":[{"embeddable":true,"href":"https:\/\/albergueweb1.uva.es\/orquesta\/wp-json\/wp\/v2\/users\/1"}],"replies":[{"embeddable":true,"href":"https:\/\/albergueweb1.uva.es\/orquesta\/wp-json\/wp\/v2\/comments?post=67"}],"version-history":[{"count":18,"href":"https:\/\/albergueweb1.uva.es\/orquesta\/wp-json\/wp\/v2\/pages\/67\/revisions"}],"predecessor-version":[{"id":1537,"href":"https:\/\/albergueweb1.uva.es\/orquesta\/wp-json\/wp\/v2\/pages\/67\/revisions\/1537"}],"wp:attachment":[{"href":"https:\/\/albergueweb1.uva.es\/orquesta\/wp-json\/wp\/v2\/media?parent=67"}],"curies":[{"name":"wp","href":"https:\/\/api.w.org\/{rel}","templated":true}]}}