{"id":915,"date":"2018-08-21T23:27:53","date_gmt":"2018-08-21T21:27:53","guid":{"rendered":"http:\/\/www5.uva.es\/orquesta\/?page_id=915"},"modified":"2020-02-23T01:59:24","modified_gmt":"2020-02-23T00:59:24","slug":"programacion-2018-19","status":"publish","type":"page","link":"https:\/\/albergueweb1.uva.es\/orquesta\/programacion-2018-19\/","title":{"rendered":"Programaci\u00f3n 2018\/19"},"content":{"rendered":"<h4><strong>Concierto Inicio de Curso<\/strong><\/h4>\n<table>\n<tbody>\n<tr style=\"height: 28px;\">\n<td style=\"width: 565.783px; height: 28px;\">Variaciones sobre un tema original para orquesta Op. 36 \u00abEnigma\u00bb<\/td>\n<td style=\"width: 145.217px; height: 28px;\">E. Elgar<\/td>\n<\/tr>\n<tr style=\"height: 28px;\">\n<td style=\"width: 565.783px; height: 28px;\">Nocturnos<\/td>\n<td style=\"width: 145.217px; height: 28px;\">C.Debussy<\/td>\n<\/tr>\n<tr style=\"height: 28px;\">\n<td style=\"width: 565.783px; height: 28px;\">Obra a determinar<\/td>\n<td style=\"width: 145.217px; height: 28px;\"><\/td>\n<\/tr>\n<\/tbody>\n<\/table>\n<p><a href=\"http:\/\/www.uva.es\/coro\" target=\"_blank\" rel=\"noopener noreferrer\"><em>Coro de la Universidad de Valladolid<\/em><\/a> dirigido por Javier Fajardo.<br \/>\n<em>Joven Orquesta de la Universidad<\/em> dirigida por Francisco Lara.<\/p>\n<ul style=\"list-style-type: disc;\">\n<li><strong>Domingo 21 de octubre de 2018<\/strong>, 19:00h, Auditorio Miguel Delibes, Valladolid<\/li>\n<\/ul>\n<p>&nbsp;<\/p>\n<h4><strong>Conciertos de Navidad<\/strong><\/h4>\n<table>\n<tbody>\n<tr>\n<td style=\"width: 267px;\">A Ceremony of Carols, Op. 28<\/td>\n<td style=\"width: 398.25px;\">B. Britten<\/td>\n<\/tr>\n<tr>\n<td style=\"width: 267px;\">Messe basse<\/td>\n<td style=\"width: 398.25px;\">G. Faur\u00e9<\/td>\n<\/tr>\n<tr>\n<td style=\"width: 267px;\">Lovenchated Songs<\/td>\n<td style=\"width: 398.25px;\">I. Fyodorovich<\/td>\n<\/tr>\n<\/tbody>\n<\/table>\n<p><em>Junto al <a href=\"https:\/\/www.vocesblancasdevalladolid.com\/\" target=\"_blank\" rel=\"noopener noreferrer\">Coro Voces Blancas de Valladolid<\/a><\/em><\/p>\n<ul>\n<li>S\u00e1bado 24 de noviembre de 2018, a las 20h., \u00c1gora del Campus Mar\u00eda Zambrano, Segovia<\/li>\n<li>Domingo 25 de noviembre de 2018, &nbsp;a las 19h., concierto en el Auditorio Miguel Delibes, Valladolid<\/li>\n<li>S\u00e1bado 1 de diciembre de 2018, a las 20h., Auditorio de la Feria de Muestras, Valladolid<\/li>\n<li>Domingo 2 de diciembre de 2018, a las 19h., Teatro Principal, Palencia<\/li>\n<li>Jueves 19 de diciembre de 2018, a las 20h., Teatro Calder\u00f3n, Valladolid<\/li>\n<\/ul>\n<p>&nbsp;<\/p>\n<h4><strong>Proyecto \u00d3pera 2019<\/strong><\/h4>\n<ul>\n<li>Domingo 3 de marzo de 2019, &nbsp;Auditorio de la Feria de Muestras, Valladolid<\/li>\n<li>Mi\u00e9rcoles 6 de marzo de 2019, &nbsp;Auditorio de la Feria de Muestras, Valladolid<\/li>\n<li>Viernes 8 de marzo de 2019, &nbsp;Auditorio de la Feria de Muestras, Valladolid<\/li>\n<li>Domingo 10 de marzo de 2019, &nbsp;Auditorio de la Feria de Muestras, Valladolid<em><br \/>\n<\/em><\/li>\n<\/ul>\n<p>&nbsp;<\/p>\n<h4><strong>XXI Ciclo de M\u00fasica Contempor\u00e1nea<\/strong><\/h4>\n<ul style=\"list-style-type: disc;\">\n<li>S\u00e1bado 6 de abril de 2019, Paraninfo Facultad de Derecho, Valladolid&nbsp; <strong>Concierto de C\u00e1mara<\/strong><\/li>\n<li>Domingo 7 de abril de 2019, Paraninfo Facultad de Derecho, Valladolid&nbsp;&nbsp; <strong>Concierto&nbsp;Sinf\u00f3nico<\/strong><\/li>\n<\/ul>\n","protected":false},"excerpt":{"rendered":"<p>Concierto Inicio de Curso Variaciones sobre un tema original para orquesta Op. 36 \u00abEnigma\u00bb E. Elgar Nocturnos C.Debussy Obra a determinar Coro de la Universidad de Valladolid dirigido por Javier Fajardo. Joven Orquesta de la Universidad dirigida por Francisco Lara. Domingo 21 de octubre de 2018, 19:00h, Auditorio Miguel Delibes, &hellip;<\/p>\n","protected":false},"author":1,"featured_media":0,"parent":0,"menu_order":0,"comment_status":"closed","ping_status":"closed","template":"","meta":{"footnotes":""},"class_list":["post-915","page","type-page","status-publish","hentry"],"_links":{"self":[{"href":"https:\/\/albergueweb1.uva.es\/orquesta\/wp-json\/wp\/v2\/pages\/915","targetHints":{"allow":["GET"]}}],"collection":[{"href":"https:\/\/albergueweb1.uva.es\/orquesta\/wp-json\/wp\/v2\/pages"}],"about":[{"href":"https:\/\/albergueweb1.uva.es\/orquesta\/wp-json\/wp\/v2\/types\/page"}],"author":[{"embeddable":true,"href":"https:\/\/albergueweb1.uva.es\/orquesta\/wp-json\/wp\/v2\/users\/1"}],"replies":[{"embeddable":true,"href":"https:\/\/albergueweb1.uva.es\/orquesta\/wp-json\/wp\/v2\/comments?post=915"}],"version-history":[{"count":41,"href":"https:\/\/albergueweb1.uva.es\/orquesta\/wp-json\/wp\/v2\/pages\/915\/revisions"}],"predecessor-version":[{"id":1350,"href":"https:\/\/albergueweb1.uva.es\/orquesta\/wp-json\/wp\/v2\/pages\/915\/revisions\/1350"}],"wp:attachment":[{"href":"https:\/\/albergueweb1.uva.es\/orquesta\/wp-json\/wp\/v2\/media?parent=915"}],"curies":[{"name":"wp","href":"https:\/\/api.w.org\/{rel}","templated":true}]}}